{"id":358,"date":"2025-09-17T09:25:20","date_gmt":"2025-09-17T07:25:20","guid":{"rendered":"https:\/\/boreait.com\/hu\/?post_type=product&#038;p=358"},"modified":"2025-09-17T09:26:46","modified_gmt":"2025-09-17T07:26:46","slug":"fujitsu-lifebook-s935-lcd-kepernyo-elolap","status":"publish","type":"product","link":"https:\/\/boreait.com\/hu\/termek\/fujitsu-lifebook-s935-lcd-kepernyo-elolap\/","title":{"rendered":"Fujitsu Lifebook S935 LCD k\u00e9perny\u0151 el\u0151lap"},"content":{"rendered":"<p>A Fujitsu Lifebook S935 LCD k\u00e9perny\u0151 el\u0151lapja egy kulcsfontoss\u00e1g\u00fa alkatr\u00e9sz, amelyet kifejezetten a Fujitsu Lifebook S935 laptopmodellhez terveztek. Ez a kiv\u00e1l\u00f3 min\u0151s\u00e9g\u0171 el\u0151lap k\u00f6r\u00fclveszi \u00e9s v\u00e9di az LCD k\u00e9perny\u0151t, eleg\u00e1ns \u00e9s pol\u00edrozott megjelen\u00e9st biztos\u00edtva, mik\u00f6zben biztos\u00edtja a kijelz\u0151 biztons\u00e1g\u00e1t.<\/p>\n<p>A prec\u00edzen \u00e9s a r\u00e9szletekre val\u00f3 odafigyel\u00e9ssel k\u00e9sz\u00fclt LCD-k\u00e9perny\u0151 el\u0151lapja tart\u00f3s anyagokb\u00f3l k\u00e9sz\u00fclt, amelyek kiv\u00e1l\u00f3an ellen\u00e1llnak a mindennapi kop\u00e1snak. V\u00e9d\u0151keretk\u00e9nt m\u0171k\u00f6dik, megv\u00e9di az LCD-k\u00e9perny\u0151t a karcol\u00e1sokt\u00f3l, port\u00f3l \u00e9s egy\u00e9b lehets\u00e9ges s\u00e9r\u00fcl\u00e9sekt\u0151l, meg\u0151rzi laptopja kijelz\u0151j\u00e9nek kifog\u00e1stalan min\u0151s\u00e9g\u00e9t.<\/p>\n<p>A Fujitsu Lifebook S935 LCD k\u00e9perny\u0151 el\u0151lapja eleg\u00e1ns \u00e9s modern kialak\u00edt\u00e1s\u00fa, amely z\u00f6kken\u0151mentesen illeszkedik a laptop \u00e1ltal\u00e1nos eszt\u00e9tik\u00e1j\u00e1ba. Egy kis kifinomults\u00e1got ad, mik\u00f6zben meg\u0151rzi a k\u00e9sz\u00fcl\u00e9k professzion\u00e1lis megjelen\u00e9s\u00e9t. A prec\u00edz illeszked\u00e9snek \u00e9s kidolgoz\u00e1snak k\u00f6sz\u00f6nhet\u0151en az el\u0151lap z\u00f6kken\u0151mentes \u00e1tmenetet biztos\u00edt a k\u00e9perny\u0151r\u0151l a laptop test\u00e9re, vizu\u00e1lisan tetszet\u0151s \u00e9s \u00f6sszef\u00fcgg\u0151 megjelen\u00e9st teremtve.<\/p>\n<p>Az LCD-k\u00e9perny\u0151 el\u0151lapj\u00e1nak cser\u00e9je egyszer\u0171 folyamat, amely minim\u00e1lis m\u0171szaki szak\u00e9rtelmet ig\u00e9nyel. Tartalmazza a sz\u00fcks\u00e9ges r\u00f6gz\u00edt\u0151konzolokat \u00e9s csavarokat, amelyek seg\u00edts\u00e9g\u00e9vel k\u00f6nnyed\u00e9n elt\u00e1vol\u00edthatja a r\u00e9gi el\u0151lapot, \u00e9s felszerelheti az \u00fajat. Ez a felhaszn\u00e1l\u00f3bar\u00e1t kialak\u00edt\u00e1s biztos\u00edtja, hogy m\u00e9g a korl\u00e1tozott m\u0171szaki ismeretekkel rendelkez\u0151 szem\u00e9lyek is k\u00f6nnyed\u00e9n elv\u00e9gezhess\u00e9k a cser\u00e9t.<\/p>\n<p>Ha befektet\u00e9s a Fujitsu Lifebook S935 LCD-k\u00e9perny\u0151 el\u0151lapj\u00e1ba, nem csak laptopja vizu\u00e1lis vonzerej\u00e9t jav\u00edtja, hanem v\u00e9di az \u00e9rz\u00e9keny LCD-k\u00e9perny\u0151t is. G\u00e1tk\u00e9nt m\u0171k\u00f6dik a v\u00e9letlen \u00fct\u0151d\u00e9sek, karcol\u00e1sok \u00e9s egy\u00e9b lehets\u00e9ges vesz\u00e9lyek ellen, biztos\u00edtva a kijelz\u0151 hossz\u00fa \u00e9lettartam\u00e1t \u00e9s optim\u00e1lis teljes\u00edtm\u00e9ny\u00e9t.<\/p>\n<p>Ezt az eredeti Fujitsu tartoz\u00e9kot a legmagasabb szabv\u00e1nyok szerint gy\u00e1rtj\u00e1k, \u00edgy biztos\u00edtva a kompatibilit\u00e1st \u00e9s a megb\u00edzhat\u00f3s\u00e1got. Szigor\u00fa min\u0151s\u00e9g-ellen\u0151rz\u00e9si teszteken megy kereszt\u00fcl, hogy megfeleljen a Fujitsu elismert h\u00edrnev\u00e9nek szigor\u00fa k\u00f6vetelm\u00e9nyeinek. Ha megv\u00e1s\u00e1rolja a Fujitsu Lifebook S935 LCD-k\u00e9perny\u0151 el\u0151lapot, b\u00edzhat a tart\u00f3ss\u00e1g\u00e1ban \u00e9s a tart\u00f3s teljes\u00edtm\u00e9ny\u00e9ben.<\/p>\n","protected":false},"excerpt":{"rendered":"<p>Fokozza Fujitsu Lifebook S935 megjelen\u00e9s\u00e9t \u00e9s v\u00e9delm\u00e9t az eleg\u00e1ns \u00e9s tart\u00f3s LCD-k\u00e9perny\u0151 el\u0151lappal. Pol\u00edrozott megjelen\u00e9st biztos\u00edt, mik\u00f6zben v\u00e9di a kijelz\u0151t. Az egyszer\u0171 telep\u00edt\u00e9s \u00e9s a megb\u00edzhat\u00f3 teljes\u00edtm\u00e9ny n\u00e9lk\u00fcl\u00f6zhetetlen kieg\u00e9sz\u00edt\u0151v\u00e9 teszi.<\/p>\n","protected":false},"featured_media":415,"template":"","meta":[],"product_brand":[],"product_cat":[16],"product_tag":[28],"class_list":{"0":"post-358","1":"product","2":"type-product","3":"status-publish","4":"has-post-thumbnail","6":"product_cat-laptop-housing","7":"product_tag-fujitsu","9":"first","10":"instock","11":"taxable","12":"shipping-taxable","13":"purchasable","14":"product-type-simple"},"_links":{"self":[{"href":"https:\/\/boreait.com\/hu\/wp-json\/wp\/v2\/product\/358","targetHints":{"allow":["GET"]}}],"collection":[{"href":"https:\/\/boreait.com\/hu\/wp-json\/wp\/v2\/product"}],"about":[{"href":"https:\/\/boreait.com\/hu\/wp-json\/wp\/v2\/types\/product"}],"wp:featuredmedia":[{"embeddable":true,"href":"https:\/\/boreait.com\/hu\/wp-json\/wp\/v2\/media\/415"}],"wp:attachment":[{"href":"https:\/\/boreait.com\/hu\/wp-json\/wp\/v2\/media?parent=358"}],"wp:term":[{"taxonomy":"product_brand","embeddable":true,"href":"https:\/\/boreait.com\/hu\/wp-json\/wp\/v2\/product_brand?post=358"},{"taxonomy":"product_cat","embeddable":true,"href":"https:\/\/boreait.com\/hu\/wp-json\/wp\/v2\/product_cat?post=358"},{"taxonomy":"product_tag","embeddable":true,"href":"https:\/\/boreait.com\/hu\/wp-json\/wp\/v2\/product_tag?post=358"}],"curies":[{"name":"wp","href":"https:\/\/api.w.org\/{rel}","templated":true}]}}