{"id":3568,"date":"2025-09-17T10:43:50","date_gmt":"2025-09-17T08:43:50","guid":{"rendered":"https:\/\/boreait.com\/hu\/?post_type=product&#038;p=3568"},"modified":"2026-01-13T17:31:35","modified_gmt":"2026-01-13T16:31:35","slug":"hp-457459-tc4-cq-sn-208db-ad-7581s-dvd-meghajto-iro-iro-lejatszo","status":"publish","type":"product","link":"https:\/\/boreait.com\/hu\/termek\/hp-457459-tc4-cq-sn-208db-ad-7581s-dvd-meghajto-iro-iro-lejatszo\/","title":{"rendered":"HP 457459-tc4 CQ SN-208DB AD-7581S DVD-meghajt\u00f3 \u00edr\u00f3 \u00edr\u00f3 lej\u00e1tsz\u00f3"},"content":{"rendered":"<p>B\u0151v\u00edtse HP Compaq CQ laptopja optikai meghajt\u00f3j\u00e1nak k\u00e9pess\u00e9geit a HP 457459-tc4 SN-208DB AD-7581S DVD-meghajt\u00f3-\u00edr\u00f3 \u00edr\u00f3 lej\u00e1tsz\u00f3val. A laptop optikai adathordoz\u00f3 kezel\u00e9s\u00e9nek optimaliz\u00e1l\u00e1s\u00e1ra kialak\u00edtott eredeti DVD-meghajt\u00f3 z\u00f6kken\u0151mentes integr\u00e1ci\u00f3t \u00e9s tov\u00e1bbfejlesztett funkcionalit\u00e1st biztos\u00edt a jobb sz\u00e1m\u00edt\u00e1stechnikai \u00e9lm\u00e9ny \u00e9rdek\u00e9ben.<\/p>\n<p>A HP, a sz\u00e1m\u00edt\u00e1stechnika megb\u00edzhat\u00f3 vezet\u0151 gy\u00e1rt\u00f3ja \u00e1ltal gy\u00e1rtott HP SN-208DB AD-7581S DVD-meghajt\u00f3-\u00edr\u00f3 \u00edr\u00f3 lej\u00e1tsz\u00f3t \u00fagy tervezt\u00e9k, hogy megb\u00edzhat\u00f3 optikai lemezolvas\u00e1si, \u00edr\u00e1si \u00e9s lej\u00e1tsz\u00e1si k\u00e9pess\u00e9geket biztos\u00edtson. A laptop bels\u0151 rendszereinek alapvet\u0151 elemek\u00e9nt ez a meghajt\u00f3 kulcsszerepet j\u00e1tszik a multim\u00e9di\u00e1s lehet\u0151s\u00e9gek b\u0151v\u00edt\u00e9s\u00e9ben.<\/p>\n<p>Ak\u00e1r adatokat kell olvasnia DVD-r\u0151l, tartalmat kell lemezre \u00edrnia, ak\u00e1r filmeket \u00e9s zen\u00e9t szeretne \u00e9lvezni, ez a DVD-meghajt\u00f3 a k\u00edv\u00e1nt k\u00e9nyelmet \u00e9s hat\u00e9konys\u00e1got biztos\u00edtja. Sokoldal\u00fa k\u00e9pess\u00e9geivel felbecs\u00fclhetetlen \u00e9rt\u00e9k\u0171 eszk\u00f6zz\u00e9 v\u00e1lik a szakemberek, a di\u00e1kok \u00e9s a multim\u00e9di\u00e1s rajong\u00f3k sz\u00e1m\u00e1ra egyar\u00e1nt.<\/p>\n<p>A telep\u00edt\u00e9s egyszer\u0171 a laptop eredeti alkatr\u00e9szeihez igazod\u00f3 kialak\u00edt\u00e1snak k\u00f6sz\u00f6nhet\u0151en. Az eredeti HP alkatr\u00e9szek kiv\u00e1laszt\u00e1s\u00e1val laptopja optikai meghajt\u00f3j\u00e1nak min\u0151s\u00e9g\u00e9be \u00e9s megb\u00edzhat\u00f3s\u00e1g\u00e1ba fektet be.<\/p>\n<p>Friss\u00edtse laptopja optikai meghajt\u00f3j\u00e1nak k\u00e9pess\u00e9geit a HP SN-208DB AD-7581S DVD-meghajt\u00f3-\u00edr\u00f3 \u00edr\u00f3 lej\u00e1tsz\u00f3val. \u00c9lvezze a sokoldal\u00fa optikai adathordoz\u00f3-kezel\u00e9si lehet\u0151s\u00e9geket, a megb\u00edzhat\u00f3 lemezolvas\u00e1st \u00e9s -\u00edr\u00e1st, valamint a z\u00f6kken\u0151mentes multim\u00e9di\u00e1s \u00e9lm\u00e9nyt HP Compaq CQ laptopj\u00e1n. N\u00f6velje sz\u00e1m\u00edt\u00e1stechnikai \u00e9lm\u00e9ny\u00e9t ezzel a megb\u00edzhat\u00f3 \u00e9s hat\u00e9kony DVD-meghajt\u00f3val.<\/p>\n<p>V\u00e1s\u00e1rl\u00e1s el\u0151tt ellen\u0151rizze, hogy kompatibilis-e az adott laptopmodellj\u00e9vel.<\/p>\n","protected":false},"excerpt":{"rendered":"<p>Friss\u00edtse HP Compaq CQ laptopja optikai meghajt\u00f3j\u00e1t a HP SN-208DB AD-7581S DVD-meghajt\u00f3-\u00edr\u00f3 \u00edr\u00f3 lej\u00e1tsz\u00f3val. \u00c9lvezze a megb\u00edzhat\u00f3 lemezolvas\u00e1st, -\u00edr\u00e1st \u00e9s multim\u00e9di\u00e1s lej\u00e1tsz\u00e1st.<\/p>\n","protected":false},"featured_media":3627,"template":"","meta":[],"product_brand":[],"product_cat":[27],"product_tag":[25],"class_list":{"0":"post-3568","1":"product","2":"type-product","3":"status-publish","4":"has-post-thumbnail","6":"product_cat-motherboards-board-parts","7":"product_tag-hp","9":"first","10":"instock","11":"taxable","12":"shipping-taxable","13":"purchasable","14":"product-type-simple"},"_links":{"self":[{"href":"https:\/\/boreait.com\/hu\/wp-json\/wp\/v2\/product\/3568","targetHints":{"allow":["GET"]}}],"collection":[{"href":"https:\/\/boreait.com\/hu\/wp-json\/wp\/v2\/product"}],"about":[{"href":"https:\/\/boreait.com\/hu\/wp-json\/wp\/v2\/types\/product"}],"wp:featuredmedia":[{"embeddable":true,"href":"https:\/\/boreait.com\/hu\/wp-json\/wp\/v2\/media\/3627"}],"wp:attachment":[{"href":"https:\/\/boreait.com\/hu\/wp-json\/wp\/v2\/media?parent=3568"}],"wp:term":[{"taxonomy":"product_brand","embeddable":true,"href":"https:\/\/boreait.com\/hu\/wp-json\/wp\/v2\/product_brand?post=3568"},{"taxonomy":"product_cat","embeddable":true,"href":"https:\/\/boreait.com\/hu\/wp-json\/wp\/v2\/product_cat?post=3568"},{"taxonomy":"product_tag","embeddable":true,"href":"https:\/\/boreait.com\/hu\/wp-json\/wp\/v2\/product_tag?post=3568"}],"curies":[{"name":"wp","href":"https:\/\/api.w.org\/{rel}","templated":true}]}}