{"id":3567,"date":"2025-09-17T10:43:49","date_gmt":"2025-09-17T08:43:49","guid":{"rendered":"https:\/\/boreait.com\/hu\/?post_type=product&#038;p=3567"},"modified":"2025-09-17T10:44:34","modified_gmt":"2025-09-17T08:44:34","slug":"hp-ts-l633-laptop-cd-rw-dvdrw-meghajto-sata-lemezmeghajto-toshiba-satellite-l305-hoz","status":"publish","type":"product","link":"https:\/\/boreait.com\/hu\/termek\/hp-ts-l633-laptop-cd-rw-dvdrw-meghajto-sata-lemezmeghajto-toshiba-satellite-l305-hoz\/","title":{"rendered":"HP TS-L633 laptop CD-RW DVD+RW meghajt\u00f3 SATA lemezmeghajt\u00f3 Toshiba Satellite L305-h\u00f6z"},"content":{"rendered":"<p>B\u0151v\u00edtse laptopja t\u00e1rol\u00e1si \u00e9s sz\u00f3rakoz\u00e1si lehet\u0151s\u00e9geit a TS-L633 laptop CD-RW DVD+RW meghajt\u00f3val. Ez az eredeti meghajt\u00f3 a laptop optikai meghajt\u00f3 funkci\u00f3inak jav\u00edt\u00e1s\u00e1ra k\u00e9sz\u00fclt, \u00e9s z\u00f6kken\u0151mentes integr\u00e1ci\u00f3t \u00e9s tov\u00e1bbfejlesztett sokoldal\u00fas\u00e1got biztos\u00edt a jobb sz\u00e1m\u00edt\u00e1stechnikai \u00e9lm\u00e9ny \u00e9rdek\u00e9ben. A m\u0171anyag el\u0151lap kompatibilis a Toshiba Satellite L305-S5894, L305-S5956, L300 L305 A300 A305 stb.<\/p>\n<p>A Toshiba sz\u00e1m\u00e1ra, a sz\u00e1m\u00edt\u00e1stechnika megb\u00edzhat\u00f3 vezet\u0151j\u00e9nek gy\u00e1rtott TS-L633 laptop CD-RW DVD+RW meghajt\u00f3t \u00fagy tervezt\u00e9k, hogy megb\u00edzhat\u00f3 lemezolvas\u00e1si \u00e9s -\u00edr\u00e1si k\u00e9pess\u00e9geket biztos\u00edtson. A laptop bels\u0151 rendszereinek alapvet\u0151 elemek\u00e9nt ez a meghajt\u00f3 kulcsszerepet j\u00e1tszik a t\u00e1rol\u00e1si lehet\u0151s\u00e9gek \u00e9s a sz\u00f3rakoz\u00e1si lehet\u0151s\u00e9gek b\u0151v\u00edt\u00e9s\u00e9ben.<\/p>\n<p>Ak\u00e1r CD-ket vagy DVD-ket kell olvasnia vagy \u00edrnia, filmeket n\u00e9znie, szoftvereket telep\u00edtenie vagy biztons\u00e1gi ment\u00e9si lemezeket kell k\u00e9sz\u00edtenie, ez a meghajt\u00f3 az \u00d6n \u00e1ltal elv\u00e1rt k\u00e9nyelmet \u00e9s hat\u00e9konys\u00e1got biztos\u00edtja. \u00c9lvezze a gyorsabb adathozz\u00e1f\u00e9r\u00e9st, a kiv\u00e1l\u00f3 min\u0151s\u00e9g\u0171 m\u00e9dialej\u00e1tsz\u00e1st \u00e9s a megb\u00edzhat\u00f3 lemez\u00edr\u00e1st laptopj\u00e1n.<\/p>\n<p>A telep\u00edt\u00e9s egyszer\u0171 a SATA interf\u00e9sznek k\u00f6sz\u00f6nhet\u0151en, amely illeszkedik a laptop eredeti alkatr\u00e9szeihez. Az eredeti alkatr\u00e9szek kiv\u00e1laszt\u00e1s\u00e1val laptopja optikai meghajt\u00f3j\u00e1nak min\u0151s\u00e9g\u00e9be \u00e9s megb\u00edzhat\u00f3s\u00e1g\u00e1ba fektet be.<\/p>\n<p>Friss\u00edtse laptopja optikai meghajt\u00f3j\u00e1t a TS-L633 laptop CD-RW DVD+RW meghajt\u00f3val. \u00c9lvezze a tov\u00e1bbfejlesztett lemezolvas\u00e1si \u00e9s -\u00edr\u00e1si k\u00e9pess\u00e9geket, a kiv\u00e1l\u00f3 min\u0151s\u00e9g\u0171 m\u00e9dialej\u00e1tsz\u00e1st \u00e9s a megb\u00edzhat\u00f3 lemez\u00edr\u00e1st laptopj\u00e1n. N\u00f6velje sz\u00e1m\u00edt\u00e1stechnikai \u00e9lm\u00e9ny\u00e9t ezzel a megb\u00edzhat\u00f3 \u00e9s hat\u00e9kony meghajt\u00f3val.<\/p>\n<p>V\u00e1s\u00e1rl\u00e1s el\u0151tt ellen\u0151rizze, hogy kompatibilis-e az adott laptopmodellj\u00e9vel.<\/p>\n","protected":false},"excerpt":{"rendered":"<p>Fokozza laptopja optikai meghajt\u00f3j\u00e1nak funkci\u00f3it a\u00a0 TS-L633 laptop CD-RW DVD+RW meghajt\u00f3val. \u00c9lvezze a gyorsabb adathozz\u00e1f\u00e9r\u00e9st, a kiv\u00e1l\u00f3 min\u0151s\u00e9g\u0171 m\u00e9dialej\u00e1tsz\u00e1st \u00e9s a megb\u00edzhat\u00f3 lemez\u00edr\u00e1st.<\/p>\n","protected":false},"featured_media":3615,"template":"","meta":[],"product_brand":[],"product_cat":[27],"product_tag":[34],"class_list":{"0":"post-3567","1":"product","2":"type-product","3":"status-publish","4":"has-post-thumbnail","6":"product_cat-motherboards-board-parts","7":"product_tag-toshiba","9":"first","10":"instock","11":"taxable","12":"shipping-taxable","13":"purchasable","14":"product-type-simple"},"_links":{"self":[{"href":"https:\/\/boreait.com\/hu\/wp-json\/wp\/v2\/product\/3567","targetHints":{"allow":["GET"]}}],"collection":[{"href":"https:\/\/boreait.com\/hu\/wp-json\/wp\/v2\/product"}],"about":[{"href":"https:\/\/boreait.com\/hu\/wp-json\/wp\/v2\/types\/product"}],"wp:featuredmedia":[{"embeddable":true,"href":"https:\/\/boreait.com\/hu\/wp-json\/wp\/v2\/media\/3615"}],"wp:attachment":[{"href":"https:\/\/boreait.com\/hu\/wp-json\/wp\/v2\/media?parent=3567"}],"wp:term":[{"taxonomy":"product_brand","embeddable":true,"href":"https:\/\/boreait.com\/hu\/wp-json\/wp\/v2\/product_brand?post=3567"},{"taxonomy":"product_cat","embeddable":true,"href":"https:\/\/boreait.com\/hu\/wp-json\/wp\/v2\/product_cat?post=3567"},{"taxonomy":"product_tag","embeddable":true,"href":"https:\/\/boreait.com\/hu\/wp-json\/wp\/v2\/product_tag?post=3567"}],"curies":[{"name":"wp","href":"https:\/\/api.w.org\/{rel}","templated":true}]}}