{"id":3566,"date":"2025-09-17T10:43:49","date_gmt":"2025-09-17T08:43:49","guid":{"rendered":"https:\/\/boreait.com\/hu\/?post_type=product&#038;p=3566"},"modified":"2026-01-09T13:38:23","modified_gmt":"2026-01-09T12:38:23","slug":"panasonic-model-uj8fb-dvd-rw-sata-meghajto-lenovo-z40-70-hez","status":"publish","type":"product","link":"https:\/\/boreait.com\/hu\/termek\/panasonic-model-uj8fb-dvd-rw-sata-meghajto-lenovo-z40-70-hez\/","title":{"rendered":"PANASONIC MODEL UJ8FB DVD-RW SATA meghajt\u00f3 Lenovo Z40-70-hez"},"content":{"rendered":"<p>B\u0151v\u00edtse Lenovo Z40-70 laptopja t\u00e1rol\u00e1si \u00e9s m\u00e9diak\u00e9pess\u00e9geit a PANASONIC MODEL UJ8FB DVD-RW SATA meghajt\u00f3val. A laptop optikai meghajt\u00f3 funkci\u00f3inak optimaliz\u00e1l\u00e1s\u00e1ra tervezett eredeti DVD-RW meghajt\u00f3 z\u00f6kken\u0151mentes integr\u00e1ci\u00f3t \u00e9s tov\u00e1bbfejlesztett sokoldal\u00fas\u00e1got k\u00edn\u00e1l a jobb sz\u00e1m\u00edt\u00e1stechnikai \u00e9lm\u00e9ny \u00e9rdek\u00e9ben.<\/p>\n<p>A PANASONIC \u2013 az optikai meghajt\u00f3-technol\u00f3gia megb\u00edzhat\u00f3 neve \u2013 \u00e1ltal gy\u00e1rtott PANASONIC MODEL UJ8FB DVD-RW SATA meghajt\u00f3t \u00fagy tervezt\u00e9k, hogy megb\u00edzhat\u00f3 DVD- \u00e9s CD-olvas\u00e1si \u00e9s -\u00edr\u00e1si k\u00e9pess\u00e9geket biztos\u00edtson. A laptop bels\u0151 rendszereinek alapvet\u0151 elemek\u00e9nt ez a meghajt\u00f3 kulcsszerepet j\u00e1tszik a t\u00e1rol\u00e1si \u00e9s m\u00e9diak\u00e9pess\u00e9gek b\u0151v\u00edt\u00e9s\u00e9ben.<\/p>\n<p>Ak\u00e1r DVD-ket szeretne n\u00e9zni, ak\u00e1r szoftvereket kell telep\u00edtenie, ak\u00e1r f\u00e1jlokat kell CD-re \u00e9s DVD-re \u00edrni, ez a meghajt\u00f3 az \u00d6n \u00e1ltal elv\u00e1rt k\u00e9nyelmet \u00e9s hat\u00e9konys\u00e1got biztos\u00edtja. A SATA interf\u00e9sz gyors \u00e9s megb\u00edzhat\u00f3 kapcsolatot biztos\u00edt laptopj\u00e1val, lehet\u0151v\u00e9 t\u00e9ve az optikai adathordoz\u00f3k k\u00f6nny\u0171 el\u00e9r\u00e9s\u00e9t \u00e9s l\u00e9trehoz\u00e1s\u00e1t.<\/p>\n<p>A telep\u00edt\u00e9s egyszer\u0171, tartalmaz el\u0151lapot, k\u00f6nnyen r\u00f6gz\u00edthet\u0151 a laptop h\u00e1z\u00e1hoz.\u00a0 Az eredeti PANASONIC alkatr\u00e9szek kiv\u00e1laszt\u00e1s\u00e1val laptopja optikai meghajt\u00f3j\u00e1nak min\u0151s\u00e9g\u00e9be \u00e9s megb\u00edzhat\u00f3s\u00e1g\u00e1ba fektet be.<\/p>\n<p>Friss\u00edtse laptopja optikai meghajt\u00f3j\u00e1t a PANASONIC MODEL UJ8FB DVD-RW SATA meghajt\u00f3val. \u00c9lvezze a megb\u00edzhat\u00f3 DVD- \u00e9s CD-olvas\u00e1si \u00e9s -\u00edr\u00e1si lehet\u0151s\u00e9geket, a b\u0151v\u00edtett t\u00e1rol\u00e1si lehet\u0151s\u00e9geket \u00e9s a sokoldal\u00fa m\u00e9diafunkci\u00f3kat Lenovo Z40-70 k\u00e9sz\u00fcl\u00e9k\u00e9n. N\u00f6velje sz\u00e1m\u00edt\u00e1stechnikai \u00e9lm\u00e9ny\u00e9t ezzel a megb\u00edzhat\u00f3 \u00e9s hat\u00e9kony meghajt\u00f3val.<\/p>\n<p>V\u00e1s\u00e1rl\u00e1s el\u0151tt ellen\u0151rizze, hogy kompatibilis-e az adott laptopmodellj\u00e9vel.<\/p>\n","protected":false},"excerpt":{"rendered":"<p>Friss\u00edtse Lenovo Z40-70 laptopja optikai meghajt\u00f3j\u00e1t a PANASONIC MODEL UJ8FB DVD-RW SATA meghajt\u00f3val. \u00c9lvezze a megb\u00edzhat\u00f3 DVD- \u00e9s CD-olvas\u00e1si \u00e9s -\u00edr\u00e1si lehet\u0151s\u00e9geket a sokoldal\u00fa m\u00e9diafunkci\u00f3k \u00e9rdek\u00e9ben.<\/p>\n","protected":false},"featured_media":3613,"template":"","meta":[],"product_brand":[],"product_cat":[27],"product_tag":[26],"class_list":{"0":"post-3566","1":"product","2":"type-product","3":"status-publish","4":"has-post-thumbnail","6":"product_cat-motherboards-board-parts","7":"product_tag-lenovo","9":"first","10":"instock","11":"taxable","12":"shipping-taxable","13":"purchasable","14":"product-type-simple"},"_links":{"self":[{"href":"https:\/\/boreait.com\/hu\/wp-json\/wp\/v2\/product\/3566","targetHints":{"allow":["GET"]}}],"collection":[{"href":"https:\/\/boreait.com\/hu\/wp-json\/wp\/v2\/product"}],"about":[{"href":"https:\/\/boreait.com\/hu\/wp-json\/wp\/v2\/types\/product"}],"wp:featuredmedia":[{"embeddable":true,"href":"https:\/\/boreait.com\/hu\/wp-json\/wp\/v2\/media\/3613"}],"wp:attachment":[{"href":"https:\/\/boreait.com\/hu\/wp-json\/wp\/v2\/media?parent=3566"}],"wp:term":[{"taxonomy":"product_brand","embeddable":true,"href":"https:\/\/boreait.com\/hu\/wp-json\/wp\/v2\/product_brand?post=3566"},{"taxonomy":"product_cat","embeddable":true,"href":"https:\/\/boreait.com\/hu\/wp-json\/wp\/v2\/product_cat?post=3566"},{"taxonomy":"product_tag","embeddable":true,"href":"https:\/\/boreait.com\/hu\/wp-json\/wp\/v2\/product_tag?post=3566"}],"curies":[{"name":"wp","href":"https:\/\/api.w.org\/{rel}","templated":true}]}}