{"id":3562,"date":"2025-09-17T10:43:49","date_gmt":"2025-09-17T08:43:49","guid":{"rendered":"https:\/\/boreait.com\/hu\/?post_type=product&#038;p=3562"},"modified":"2026-01-09T13:38:06","modified_gmt":"2026-01-09T12:38:06","slug":"az-eredeti-ds-8a3s-dvd-iro-az-msi-cx600-bol-szarmazik","status":"publish","type":"product","link":"https:\/\/boreait.com\/hu\/termek\/az-eredeti-ds-8a3s-dvd-iro-az-msi-cx600-bol-szarmazik\/","title":{"rendered":"Az eredeti DS-8A3S DVD-\u00edr\u00f3 az MSI CX600-b\u00f3l sz\u00e1rmazik"},"content":{"rendered":"<p>Friss\u00edtse MSI CX600 laptopja optikai meghajt\u00f3j\u00e1t a DS-8A3S \/ DS-8A3S20C \u2013 12,7 mm-es eredeti DVD-\u00edr\u00f3val. A laptop optikai lemez funkci\u00f3inak optimaliz\u00e1l\u00e1s\u00e1ra tervezett eredeti DVD-\u00edr\u00f3 z\u00f6kken\u0151mentes integr\u00e1ci\u00f3t \u00e9s jobb teljes\u00edtm\u00e9nyt biztos\u00edt a jobb sz\u00e1m\u00edt\u00e1stechnikai \u00e9lm\u00e9ny \u00e9rdek\u00e9ben.<\/p>\n<p>Az MSI-nek, a sz\u00e1m\u00edt\u00e1stechnik\u00e1ban megb\u00edzhat\u00f3 n\u00e9vnek gy\u00e1rtott eredeti DS-8A3S DVD-\u00edr\u00f3t \u00fagy tervezt\u00e9k, hogy megb\u00edzhat\u00f3 DVD-\u00edr\u00e1si k\u00e9pess\u00e9get biztos\u00edtson. A laptop bels\u0151 rendszereinek alapvet\u0151 elemek\u00e9nt ez a DVD-\u00edr\u00f3 d\u00f6nt\u0151 szerepet j\u00e1tszik az adatt\u00e1rol\u00e1si \u00e9s m\u00e9dial\u00e9trehoz\u00e1si lehet\u0151s\u00e9gek b\u0151v\u00edt\u00e9s\u00e9ben.<\/p>\n<p>Ak\u00e1r archiv\u00e1l\u00e1si, biztons\u00e1gi ment\u00e9si vagy sz\u00f3rakoztat\u00e1si c\u00e9lb\u00f3l kell DVD-ket k\u00e9sz\u00edtenie, ez a DVD-\u00edr\u00f3 az \u00d6n \u00e1ltal elv\u00e1rt k\u00e9nyelmet \u00e9s hat\u00e9konys\u00e1got biztos\u00edtja. Lehet\u0151v\u00e9 teszi a DVD-k k\u00f6nny\u0171 \u00edr\u00e1s\u00e1t, biztos\u00edtva, hogy fontos adatai, vide\u00f3i \u00e9s m\u00e9diaprojektjei meg\u0151rizhet\u0151k \u00e9s hozz\u00e1f\u00e9rhet\u0151k legyenek.<\/p>\n<p>A telep\u00edt\u00e9s egyszer\u0171 a laptop eredeti alkatr\u00e9szeihez igazod\u00f3 kialak\u00edt\u00e1snak k\u00f6sz\u00f6nhet\u0151en. Az eredeti MSI alkatr\u00e9szek kiv\u00e1laszt\u00e1s\u00e1val laptopja optikai lemez\u00e9nek min\u0151s\u00e9g\u00e9be \u00e9s megb\u00edzhat\u00f3s\u00e1g\u00e1ba fektet be.<\/p>\n<p>Friss\u00edtse laptopja optikai lemezes k\u00e9pess\u00e9geit az MSI eredeti DS-8A3S DVD-\u00edr\u00f3j\u00e1val. \u00c9lvezze a jobb DVD-\u00edr\u00e1si teljes\u00edtm\u00e9nyt, a hat\u00e9kony adatt\u00e1rol\u00e1st \u00e9s a m\u00e9dial\u00e9trehoz\u00e1si lehet\u0151s\u00e9geket MSI CX600 laptopj\u00e1n. N\u00f6velje sz\u00e1m\u00edt\u00e1stechnikai \u00e9lm\u00e9ny\u00e9t ezzel a megb\u00edzhat\u00f3 \u00e9s hat\u00e9kony DVD-\u00edr\u00f3val.<\/p>\n<p>V\u00e1s\u00e1rl\u00e1s el\u0151tt ellen\u0151rizze, hogy kompatibilis-e az adott laptopmodellj\u00e9vel.<\/p>\n","protected":false},"excerpt":{"rendered":"<p>Friss\u00edtse MSI CX600 laptopja optikai meghajt\u00f3j\u00e1t az eredeti DS-8A3S \/ DS-8A3S20C DVD-\u00edr\u00f3val. \u00c9lvezze a hat\u00e9kony DVD-\u00edr\u00f3 k\u00e9pess\u00e9geket az adatok t\u00e1rol\u00e1s\u00e1ra \u00e9s a m\u00e9dia l\u00e9trehoz\u00e1s\u00e1ra.<\/p>\n","protected":false},"featured_media":3606,"template":"","meta":[],"product_brand":[],"product_cat":[27],"product_tag":[58],"class_list":{"0":"post-3562","1":"product","2":"type-product","3":"status-publish","4":"has-post-thumbnail","6":"product_cat-motherboards-board-parts","7":"product_tag-msi","9":"first","10":"instock","11":"taxable","12":"shipping-taxable","13":"purchasable","14":"product-type-simple"},"_links":{"self":[{"href":"https:\/\/boreait.com\/hu\/wp-json\/wp\/v2\/product\/3562","targetHints":{"allow":["GET"]}}],"collection":[{"href":"https:\/\/boreait.com\/hu\/wp-json\/wp\/v2\/product"}],"about":[{"href":"https:\/\/boreait.com\/hu\/wp-json\/wp\/v2\/types\/product"}],"wp:featuredmedia":[{"embeddable":true,"href":"https:\/\/boreait.com\/hu\/wp-json\/wp\/v2\/media\/3606"}],"wp:attachment":[{"href":"https:\/\/boreait.com\/hu\/wp-json\/wp\/v2\/media?parent=3562"}],"wp:term":[{"taxonomy":"product_brand","embeddable":true,"href":"https:\/\/boreait.com\/hu\/wp-json\/wp\/v2\/product_brand?post=3562"},{"taxonomy":"product_cat","embeddable":true,"href":"https:\/\/boreait.com\/hu\/wp-json\/wp\/v2\/product_cat?post=3562"},{"taxonomy":"product_tag","embeddable":true,"href":"https:\/\/boreait.com\/hu\/wp-json\/wp\/v2\/product_tag?post=3562"}],"curies":[{"name":"wp","href":"https:\/\/api.w.org\/{rel}","templated":true}]}}