{"id":3561,"date":"2025-09-17T10:43:49","date_gmt":"2025-09-17T08:43:49","guid":{"rendered":"https:\/\/boreait.com\/hu\/?post_type=product&#038;p=3561"},"modified":"2025-09-17T10:44:23","modified_gmt":"2025-09-17T08:44:23","slug":"hp-pavilion-g6-dvd-uj8d1-657534-tc2-optikai-meghajto-es-elolap-sata","status":"publish","type":"product","link":"https:\/\/boreait.com\/hu\/termek\/hp-pavilion-g6-dvd-uj8d1-657534-tc2-optikai-meghajto-es-elolap-sata\/","title":{"rendered":"HP Pavilion G6 DVD UJ8D1 657534-TC2 optikai meghajt\u00f3 \u00e9s el\u0151lap SATA"},"content":{"rendered":"<p>N\u00f6velje HP Pavilion G6 laptopja multim\u00e9di\u00e1s k\u00e9pess\u00e9geit a HP Pavilion G6 DVD UJ8D1 657534-TC2 optikai meghajt\u00f3val &amp; SATA el\u0151lap &#8211; 12,7 mm. A laptop sz\u00f3rakoztat\u00f3 funkci\u00f3inak jav\u00edt\u00e1s\u00e1ra tervezett eredeti optikai meghajt\u00f3 \u00e9s el\u0151lap szett z\u00f6kken\u0151mentes integr\u00e1ci\u00f3t \u00e9s tov\u00e1bbfejlesztett funkcionalit\u00e1st biztos\u00edt a gazdagabb sz\u00e1m\u00edt\u00e1stechnikai \u00e9lm\u00e9ny \u00e9rdek\u00e9ben.<\/p>\n<p>A HP, a sz\u00e1m\u00edt\u00e1stechnika egyik megb\u00edzhat\u00f3 vezet\u0151 gy\u00e1rt\u00f3ja, a HP Pavilion G6 DVD UJ8D1 657534-TC2 optikai meghajt\u00f3 \u00e9s amp; A Bezel SATA-t \u00fagy tervezt\u00e9k, hogy megb\u00edzhat\u00f3 optikai adathordoz\u00f3-olvas\u00e1st \u00e9s -\u00edr\u00e1st biztos\u00edtson. A laptop bels\u0151 rendszereinek alapvet\u0151 \u00f6sszetev\u0151jek\u00e9nt ez a meghajt\u00f3 \u00e9s el\u0151lap k\u00e9szlet kulcsfontoss\u00e1g\u00fa szerepet j\u00e1tszik a multim\u00e9di\u00e1s k\u00e9pess\u00e9gek b\u0151v\u00edt\u00e9s\u00e9ben.<\/p>\n<p>Ak\u00e1r DVD-ket n\u00e9z, szoftvereket telep\u00edt, vagy adatokat \u00edr CD-re vagy DVD-re, ez az optikai meghajt\u00f3 az \u00d6n \u00e1ltal elv\u00e1rt k\u00e9nyelmet \u00e9s hat\u00e9konys\u00e1got biztos\u00edtja. \u00c9lvezze a z\u00f6kken\u0151mentes multim\u00e9di\u00e1s \u00e9lm\u00e9nyt \u00e9s az optikai adathordoz\u00f3k k\u00fcl\u00f6nf\u00e9le c\u00e9lokra val\u00f3 olvas\u00e1s\u00e1nak \u00e9s \u00edr\u00e1s\u00e1nak sokoldal\u00fas\u00e1g\u00e1t.<\/p>\n<p>A telep\u00edt\u00e9s egyszer\u0171 a laptop eredeti alkatr\u00e9szeihez igazod\u00f3 kialak\u00edt\u00e1snak k\u00f6sz\u00f6nhet\u0151en. Az eredeti HP alkatr\u00e9szek kiv\u00e1laszt\u00e1s\u00e1val laptopja multim\u00e9di\u00e1s funkci\u00f3inak min\u0151s\u00e9g\u00e9be \u00e9s megb\u00edzhat\u00f3s\u00e1g\u00e1ba fektet be.<\/p>\n<p>Friss\u00edtse laptopja multim\u00e9di\u00e1s k\u00e9pess\u00e9geit a HP Pavilion G6 DVD UJ8D1 657534-TC2 optikai meghajt\u00f3val &amp; SATA el\u0151lap. \u00c9lvezze a sokoldal\u00fa optikai adathordoz\u00f3k olvas\u00e1s\u00e1t \u00e9s \u00edr\u00e1s\u00e1t, hogy gazdagabb sz\u00f3rakoz\u00e1si \u00e9lm\u00e9nyben legyen r\u00e9sze a Pavilion G6-on. N\u00f6velje sz\u00e1m\u00edt\u00e1stechnikai \u00e9lm\u00e9ny\u00e9t ezzel a megb\u00edzhat\u00f3 \u00e9s hat\u00e9kony meghajt\u00f3- \u00e9s el\u0151lapk\u00e9szlettel.<\/p>\n","protected":false},"excerpt":{"rendered":"<p>N\u00f6velje HP Pavilion G6 laptopja multim\u00e9di\u00e1s k\u00e9pess\u00e9geit a HP Pavilion G6 DVD UJ8D1 657534-TC2 optikai meghajt\u00f3val &amp; SATA el\u0151lap. \u00c9lvezze a sokoldal\u00fa optikai adathordoz\u00f3k olvas\u00e1s\u00e1t \u00e9s \u00edr\u00e1s\u00e1t a gazdagabb sz\u00f3rakoz\u00e1si \u00e9lm\u00e9ny \u00e9rdek\u00e9ben.<\/p>\n","protected":false},"featured_media":3604,"template":"","meta":[],"product_brand":[],"product_cat":[27],"product_tag":[25],"class_list":{"0":"post-3561","1":"product","2":"type-product","3":"status-publish","4":"has-post-thumbnail","6":"product_cat-motherboards-board-parts","7":"product_tag-hp","9":"first","10":"instock","11":"taxable","12":"shipping-taxable","13":"purchasable","14":"product-type-simple"},"_links":{"self":[{"href":"https:\/\/boreait.com\/hu\/wp-json\/wp\/v2\/product\/3561","targetHints":{"allow":["GET"]}}],"collection":[{"href":"https:\/\/boreait.com\/hu\/wp-json\/wp\/v2\/product"}],"about":[{"href":"https:\/\/boreait.com\/hu\/wp-json\/wp\/v2\/types\/product"}],"wp:featuredmedia":[{"embeddable":true,"href":"https:\/\/boreait.com\/hu\/wp-json\/wp\/v2\/media\/3604"}],"wp:attachment":[{"href":"https:\/\/boreait.com\/hu\/wp-json\/wp\/v2\/media?parent=3561"}],"wp:term":[{"taxonomy":"product_brand","embeddable":true,"href":"https:\/\/boreait.com\/hu\/wp-json\/wp\/v2\/product_brand?post=3561"},{"taxonomy":"product_cat","embeddable":true,"href":"https:\/\/boreait.com\/hu\/wp-json\/wp\/v2\/product_cat?post=3561"},{"taxonomy":"product_tag","embeddable":true,"href":"https:\/\/boreait.com\/hu\/wp-json\/wp\/v2\/product_tag?post=3561"}],"curies":[{"name":"wp","href":"https:\/\/api.w.org\/{rel}","templated":true}]}}