{"id":3560,"date":"2025-09-17T10:43:49","date_gmt":"2025-09-17T08:43:49","guid":{"rendered":"https:\/\/boreait.com\/hu\/?post_type=product&#038;p=3560"},"modified":"2025-09-17T10:44:21","modified_gmt":"2025-09-17T08:44:21","slug":"dell-sata-laptop-dvdcd-ujrairhato-meghajto-wbezel-ts-u633-v42f8-0v42f8-ph-0v42f8","status":"publish","type":"product","link":"https:\/\/boreait.com\/hu\/termek\/dell-sata-laptop-dvdcd-ujrairhato-meghajto-wbezel-ts-u633-v42f8-0v42f8-ph-0v42f8\/","title":{"rendered":"Dell SATA Laptop DVDCD \u00fajra\u00edrhat\u00f3 meghajt\u00f3 wBezel TS-U633 V42F8 0V42F8 PH-0V42F8"},"content":{"rendered":"<p>B\u0151v\u00edtse Dell laptopja t\u00e1rol\u00f3- \u00e9s m\u00e9diak\u00e9pess\u00e9geit a Dell SATA Laptop DVD\/CD \u00fajra\u00edrhat\u00f3 meghajt\u00f3j\u00e1val TS-U633 V42F8 0V42F8 PH-0V42F8 el\u0151lappal. A laptop optikai meghajt\u00f3 funkci\u00f3inak optimaliz\u00e1l\u00e1s\u00e1ra tervezett eredeti, el\u0151lappal ell\u00e1tott meghajt\u00f3 z\u00f6kken\u0151mentes integr\u00e1ci\u00f3t \u00e9s tov\u00e1bbfejlesztett sokoldal\u00fas\u00e1got biztos\u00edt a jobb sz\u00e1m\u00edt\u00e1stechnikai \u00e9lm\u00e9ny \u00e9rdek\u00e9ben.<\/p>\n<p>A Dell \u00e1ltal gy\u00e1rtott, megb\u00edzhat\u00f3 n\u00e9v a sz\u00e1m\u00edt\u00e1stechnik\u00e1ban, a TS-U633 V42F8 0V42F8 PH-0V42F8 el\u0151lappal ell\u00e1tott Dell SATA Laptop DVD\/CD \u00fajra\u00edrhat\u00f3 meghajt\u00f3t \u00fagy tervezt\u00e9k, hogy megb\u00edzhat\u00f3 DVD\/CD olvas\u00e1si \u00e9s \u00edr\u00e1si k\u00e9pess\u00e9geket biztos\u00edtson. A laptop bels\u0151 rendszereinek alapvet\u0151 elemek\u00e9nt ez a meghajt\u00f3 lehet\u0151v\u00e9 teszi DVD-k \u00e9s CD-k k\u00f6nny\u0171 olvas\u00e1s\u00e1t \u00e9s \u00edr\u00e1s\u00e1t.<\/p>\n<p>Ak\u00e1r filmeket kell n\u00e9znie, szoftvereket telep\u00edtenie, biztons\u00e1gi m\u00e1solatokat kell k\u00e9sz\u00edtenie vagy zenei CD-ket kell \u00edrnia, ez a meghajt\u00f3 az \u00d6n \u00e1ltal elv\u00e1rt k\u00e9nyelmet \u00e9s hat\u00e9konys\u00e1got biztos\u00edtja. Lehet\u0151v\u00e9 teszi a multim\u00e9di\u00e1s tartalmak \u00e9lvezet\u00e9t, a t\u00e1rol\u00e1si lehet\u0151s\u00e9gek b\u0151v\u00edt\u00e9s\u00e9t \u00e9s a termel\u00e9kenys\u00e9g n\u00f6vel\u00e9s\u00e9t.<\/p>\n<p>A telep\u00edt\u00e9s egyszer\u0171 a laptop eredeti alkatr\u00e9szeihez igazod\u00f3 el\u0151lapnak k\u00f6sz\u00f6nhet\u0151en. Az eredeti Dell alkatr\u00e9szek kiv\u00e1laszt\u00e1s\u00e1val laptopja optikai meghajt\u00f3j\u00e1nak min\u0151s\u00e9g\u00e9be \u00e9s megb\u00edzhat\u00f3s\u00e1g\u00e1ba fektet be.<\/p>\n<p>B\u0151v\u00edtse laptopja t\u00e1rol\u00f3- \u00e9s m\u00e9diak\u00e9pess\u00e9geit a Dell SATA Laptop DVD\/CD \u00fajra\u00edrhat\u00f3 meghajt\u00f3j\u00e1val TS-U633 V42F8 0V42F8 PH-0V42F8 el\u0151lappal. \u00c9lvezze a DVD\/CD-olvas\u00e1st \u00e9s -\u00edr\u00e1st, b\u0151v\u00edtse t\u00e1rol\u00e1si lehet\u0151s\u00e9geit, \u00e9s fokozza a multim\u00e9di\u00e1s \u00e9lm\u00e9nyt Dell laptopj\u00e1n. N\u00f6velje sz\u00e1m\u00edt\u00e1stechnikai \u00e9lm\u00e9ny\u00e9t ezzel a megb\u00edzhat\u00f3 \u00e9s hat\u00e9kony meghajt\u00f3val.<\/p>\n<p>V\u00e1s\u00e1rl\u00e1s el\u0151tt ellen\u0151rizze, hogy kompatibilis-e az adott laptopmodellj\u00e9vel.<\/p>\n","protected":false},"excerpt":{"rendered":"<p>B\u0151v\u00edtse Dell laptopja t\u00e1rol\u00f3- \u00e9s m\u00e9diak\u00e9pess\u00e9geit a Dell SATA Laptop DVD\/CD \u00fajra\u00edrhat\u00f3 meghajt\u00f3j\u00e1val TS-U633 V42F8 0V42F8 PH-0V42F8 el\u0151lappal. \u00c9lvezze a DVD\/CD olvas\u00e1si \u00e9s \u00edr\u00e1si k\u00e9nyelm\u00e9t.<\/p>\n","protected":false},"featured_media":3602,"template":"","meta":[],"product_brand":[],"product_cat":[27],"product_tag":[17],"class_list":{"0":"post-3560","1":"product","2":"type-product","3":"status-publish","4":"has-post-thumbnail","6":"product_cat-motherboards-board-parts","7":"product_tag-dell","9":"first","10":"instock","11":"taxable","12":"shipping-taxable","13":"purchasable","14":"product-type-simple"},"_links":{"self":[{"href":"https:\/\/boreait.com\/hu\/wp-json\/wp\/v2\/product\/3560","targetHints":{"allow":["GET"]}}],"collection":[{"href":"https:\/\/boreait.com\/hu\/wp-json\/wp\/v2\/product"}],"about":[{"href":"https:\/\/boreait.com\/hu\/wp-json\/wp\/v2\/types\/product"}],"wp:featuredmedia":[{"embeddable":true,"href":"https:\/\/boreait.com\/hu\/wp-json\/wp\/v2\/media\/3602"}],"wp:attachment":[{"href":"https:\/\/boreait.com\/hu\/wp-json\/wp\/v2\/media?parent=3560"}],"wp:term":[{"taxonomy":"product_brand","embeddable":true,"href":"https:\/\/boreait.com\/hu\/wp-json\/wp\/v2\/product_brand?post=3560"},{"taxonomy":"product_cat","embeddable":true,"href":"https:\/\/boreait.com\/hu\/wp-json\/wp\/v2\/product_cat?post=3560"},{"taxonomy":"product_tag","embeddable":true,"href":"https:\/\/boreait.com\/hu\/wp-json\/wp\/v2\/product_tag?post=3560"}],"curies":[{"name":"wp","href":"https:\/\/api.w.org\/{rel}","templated":true}]}}