{"id":3559,"date":"2025-09-17T10:43:49","date_gmt":"2025-09-17T08:43:49","guid":{"rendered":"https:\/\/boreait.com\/hu\/?post_type=product&#038;p=3559"},"modified":"2025-09-17T10:44:19","modified_gmt":"2025-09-17T08:44:19","slug":"eredeti-hp-ad-7701h-cd-dvd%c2%b1rw-ujrairhato-meghajto-elolap-574285-4c0-594043-001","status":"publish","type":"product","link":"https:\/\/boreait.com\/hu\/termek\/eredeti-hp-ad-7701h-cd-dvd%c2%b1rw-ujrairhato-meghajto-elolap-574285-4c0-594043-001\/","title":{"rendered":"Eredeti HP AD-7701H CD DVD\u00b1RW \u00fajra\u00edrhat\u00f3 meghajt\u00f3 + el\u0151lap 574285-4C0 594043-001"},"content":{"rendered":"<p>N\u00f6velje laptopja t\u00e1rol\u00e1si \u00e9s m\u00e9diak\u00e9pess\u00e9geit az eredeti HP AD-7701H CD DVD\u00b1RW \u00fajra\u00edrhat\u00f3 meghajt\u00f3val + el\u0151lap 574285-4C0 594043-001. Ez az eredeti CD\/DVD-meghajt\u00f3 \u00e9s el\u0151lap-k\u00e9szlet, amelyet laptopja sokoldal\u00fas\u00e1g\u00e1nak n\u00f6vel\u00e9s\u00e9re terveztek, z\u00f6kken\u0151mentes integr\u00e1ci\u00f3t \u00e9s tov\u00e1bbfejlesztett funkcionalit\u00e1st k\u00edn\u00e1l a jobb sz\u00e1m\u00edt\u00e1stechnikai \u00e9lm\u00e9ny \u00e9rdek\u00e9ben.<\/p>\n<p>A HP, a sz\u00e1m\u00edt\u00e1stechnika megb\u00edzhat\u00f3 vezet\u0151 gy\u00e1rt\u00f3ja \u00e1ltal gy\u00e1rtott eredeti HP AD-7701H CD DVD\u00b1RW \u00fajra\u00edrhat\u00f3 meghajt\u00f3 + el\u0151lap 574285-4C0 594043-001 megb\u00edzhat\u00f3 optikai meghajt\u00f3 teljes\u00edtm\u00e9nyt ny\u00fajt. A laptop bels\u0151 rendszereinek alapvet\u0151 elemek\u00e9nt ez a meghajt\u00f3 kulcsszerepet j\u00e1tszik a CD- \u00e9s DVD-adathordoz\u00f3k olvas\u00e1s\u00e1nak, \u00edr\u00e1s\u00e1nak \u00e9s \u00fajra\u00edr\u00e1s\u00e1nak lehet\u0151v\u00e9 t\u00e9tel\u00e9ben.<\/p>\n<p>Ak\u00e1r adatokat archiv\u00e1l, szoftvereket telep\u00edt, ak\u00e1r multim\u00e9di\u00e1s tartalmakat \u00e9lvez, ez a CD\/DVD-meghajt\u00f3 \u00e9s el\u0151lapk\u00e9szlet az \u00d6n \u00e1ltal elv\u00e1rt k\u00e9nyelmet \u00e9s hat\u00e9konys\u00e1got biztos\u00edtja. \u00dajra\u00edrhat\u00f3 k\u00e9pess\u00e9g\u00e9vel egyedi CD-ket \u00e9s DVD-ket k\u00e9sz\u00edthet k\u00fcl\u00f6nf\u00e9le c\u00e9lokra, a biztons\u00e1gi ment\u00e9st\u0151l a prezent\u00e1ci\u00f3ig.<\/p>\n<p>A telep\u00edt\u00e9s egyszer\u0171 a laptop eredeti alkatr\u00e9szeihez igazod\u00f3 kialak\u00edt\u00e1snak k\u00f6sz\u00f6nhet\u0151en. Az eredeti HP alkatr\u00e9szek kiv\u00e1laszt\u00e1s\u00e1val laptopja optikai meghajt\u00f3j\u00e1nak min\u0151s\u00e9g\u00e9be \u00e9s megb\u00edzhat\u00f3s\u00e1g\u00e1ba fektet be.<\/p>\n<p>B\u0151v\u00edtse laptopja t\u00e1rol\u00e1si \u00e9s m\u00e9diak\u00e9pess\u00e9geit az Eredeti HP AD-7701H CD DVD\u00b1RW \u00fajra\u00edrhat\u00f3 meghajt\u00f3val + 574285-4C0 594043-001 el\u0151lappal. \u00c9lvezze a CD-k \u00e9s DVD-k olvas\u00e1s\u00e1nak, \u00edr\u00e1s\u00e1nak \u00e9s \u00fajra\u00edr\u00e1s\u00e1nak k\u00e9nyelm\u00e9t, \u00e9s fokozza laptopja sokoldal\u00fas\u00e1g\u00e1t. N\u00f6velje sz\u00e1m\u00edt\u00e1stechnikai \u00e9lm\u00e9ny\u00e9t ezzel a megb\u00edzhat\u00f3 \u00e9s hat\u00e9kony meghajt\u00f3- \u00e9s el\u0151lapk\u00e9szlettel.<\/p>\n<p>V\u00e1s\u00e1rl\u00e1s el\u0151tt ellen\u0151rizze, hogy kompatibilis-e az adott laptopmodellj\u00e9vel.<\/p>\n","protected":false},"excerpt":{"rendered":"<p>N\u00f6velje laptopja t\u00e1rol\u00e1si \u00e9s m\u00e9diak\u00e9pess\u00e9geit az eredeti HP AD-7701H CD DVD\u00b1RW \u00fajra\u00edrhat\u00f3 meghajt\u00f3val + el\u0151lap 574285-4C0 594043-001. \u00c9lvezze a CD-k \u00e9s DVD-k olvas\u00e1s\u00e1nak, \u00edr\u00e1s\u00e1nak \u00e9s \u00fajra\u00edr\u00e1s\u00e1nak k\u00e9nyelm\u00e9t.<\/p>\n","protected":false},"featured_media":3600,"template":"","meta":[],"product_brand":[],"product_cat":[27],"product_tag":[25],"class_list":{"0":"post-3559","1":"product","2":"type-product","3":"status-publish","4":"has-post-thumbnail","6":"product_cat-motherboards-board-parts","7":"product_tag-hp","9":"first","10":"instock","11":"taxable","12":"shipping-taxable","13":"purchasable","14":"product-type-simple"},"_links":{"self":[{"href":"https:\/\/boreait.com\/hu\/wp-json\/wp\/v2\/product\/3559","targetHints":{"allow":["GET"]}}],"collection":[{"href":"https:\/\/boreait.com\/hu\/wp-json\/wp\/v2\/product"}],"about":[{"href":"https:\/\/boreait.com\/hu\/wp-json\/wp\/v2\/types\/product"}],"wp:featuredmedia":[{"embeddable":true,"href":"https:\/\/boreait.com\/hu\/wp-json\/wp\/v2\/media\/3600"}],"wp:attachment":[{"href":"https:\/\/boreait.com\/hu\/wp-json\/wp\/v2\/media?parent=3559"}],"wp:term":[{"taxonomy":"product_brand","embeddable":true,"href":"https:\/\/boreait.com\/hu\/wp-json\/wp\/v2\/product_brand?post=3559"},{"taxonomy":"product_cat","embeddable":true,"href":"https:\/\/boreait.com\/hu\/wp-json\/wp\/v2\/product_cat?post=3559"},{"taxonomy":"product_tag","embeddable":true,"href":"https:\/\/boreait.com\/hu\/wp-json\/wp\/v2\/product_tag?post=3559"}],"curies":[{"name":"wp","href":"https:\/\/api.w.org\/{rel}","templated":true}]}}