{"id":3558,"date":"2025-09-17T10:43:49","date_gmt":"2025-09-17T08:43:49","guid":{"rendered":"https:\/\/boreait.com\/hu\/?post_type=product&#038;p=3558"},"modified":"2025-09-17T10:44:16","modified_gmt":"2025-09-17T08:44:16","slug":"gu90n-09m9fk-cd-dvd-iro-meghajto-a-dellhez","status":"publish","type":"product","link":"https:\/\/boreait.com\/hu\/termek\/gu90n-09m9fk-cd-dvd-iro-meghajto-a-dellhez\/","title":{"rendered":"GU90N 09m9fk CD DVD-\u00edr\u00f3 meghajt\u00f3 a Dellhez"},"content":{"rendered":"<p>N\u00f6velje Dell funkcionalit\u00e1s\u00e1t a 09m9fk GU90N CD DVD-\u00edr\u00f3 meghajt\u00f3val. A sz\u00e1m\u00edt\u00f3g\u00e9pe m\u00e9diak\u00e9pess\u00e9geinek optimaliz\u00e1l\u00e1s\u00e1ra tervezett eredeti meghajt\u00f3 z\u00f6kken\u0151mentes integr\u00e1ci\u00f3t \u00e9s tov\u00e1bbfejlesztett sokoldal\u00fas\u00e1got biztos\u00edt a jobb sz\u00e1m\u00edt\u00e1stechnikai \u00e9lm\u00e9ny \u00e9rdek\u00e9ben.<\/p>\n<p>A sz\u00e1m\u00edt\u00e1stechnika megb\u00edzhat\u00f3 vezet\u0151j\u00e9nek sz\u00e1m\u00edt\u00f3 Dell sz\u00e1m\u00e1ra gy\u00e1rtott GU90N CD DVD-\u00edr\u00f3 meghajt\u00f3t \u00fagy tervezt\u00e9k, hogy megb\u00edzhat\u00f3 m\u00e9dialej\u00e1tsz\u00e1si \u00e9s \u00edr\u00e1si funkci\u00f3kat biztos\u00edtson. A sz\u00e1m\u00edt\u00f3g\u00e9p bels\u0151 rendszereinek alapvet\u0151 elemek\u00e9nt ez a meghajt\u00f3 kulcsszerepet j\u00e1tszik a m\u00e9diak\u00e9pess\u00e9gek b\u0151v\u00edt\u00e9s\u00e9ben.<\/p>\n<p>Ak\u00e1r CD-ket vagy DVD-ket szeretne olvasni, adatokat vagy m\u00e9diaf\u00e1jlokat kell \u00edrnia, ak\u00e1r szoftvereket kell telep\u00edtenie optikai lemezekr\u0151l, ez a meghajt\u00f3 a k\u00edv\u00e1nt k\u00e9nyelmet \u00e9s hat\u00e9konys\u00e1got biztos\u00edtja. T\u00f6k\u00e9letes azoknak a szakembereknek, akiknek sokoldal\u00fa m\u00e9dialehet\u0151s\u00e9gekre van sz\u00fcks\u00e9g\u00fck, vagy azoknak a felhaszn\u00e1l\u00f3knak, akik \u00e9rt\u00e9kelik az optikai adathordoz\u00f3k rugalmass\u00e1g\u00e1t.<\/p>\n<p>A telep\u00edt\u00e9s egyszer\u0171 a sz\u00e1m\u00edt\u00f3g\u00e9p eredeti \u00f6sszetev\u0151ihez igazod\u00f3 kialak\u00edt\u00e1snak k\u00f6sz\u00f6nhet\u0151en. Az eredeti Dell alkatr\u00e9szek kiv\u00e1laszt\u00e1s\u00e1val a sz\u00e1m\u00edt\u00f3g\u00e9pe m\u00e9diafunkci\u00f3inak min\u0151s\u00e9g\u00e9be \u00e9s megb\u00edzhat\u00f3s\u00e1g\u00e1ba fektet be.<\/p>\n","protected":false},"excerpt":{"rendered":"<p>N\u00f6velje Dell sz\u00e1m\u00edt\u00f3g\u00e9pe m\u00e9diak\u00e9pess\u00e9geit a GU90N CD DVD-\u00edr\u00f3 meghajt\u00f3val. \u00c9lvezze a sokoldal\u00fa m\u00e9diakezel\u00e9st \u00e9s az optikai lemez funkci\u00f3it.<\/p>\n","protected":false},"featured_media":3598,"template":"","meta":[],"product_brand":[],"product_cat":[27],"product_tag":[17],"class_list":{"0":"post-3558","1":"product","2":"type-product","3":"status-publish","4":"has-post-thumbnail","6":"product_cat-motherboards-board-parts","7":"product_tag-dell","9":"first","10":"instock","11":"taxable","12":"shipping-taxable","13":"purchasable","14":"product-type-simple"},"_links":{"self":[{"href":"https:\/\/boreait.com\/hu\/wp-json\/wp\/v2\/product\/3558","targetHints":{"allow":["GET"]}}],"collection":[{"href":"https:\/\/boreait.com\/hu\/wp-json\/wp\/v2\/product"}],"about":[{"href":"https:\/\/boreait.com\/hu\/wp-json\/wp\/v2\/types\/product"}],"wp:featuredmedia":[{"embeddable":true,"href":"https:\/\/boreait.com\/hu\/wp-json\/wp\/v2\/media\/3598"}],"wp:attachment":[{"href":"https:\/\/boreait.com\/hu\/wp-json\/wp\/v2\/media?parent=3558"}],"wp:term":[{"taxonomy":"product_brand","embeddable":true,"href":"https:\/\/boreait.com\/hu\/wp-json\/wp\/v2\/product_brand?post=3558"},{"taxonomy":"product_cat","embeddable":true,"href":"https:\/\/boreait.com\/hu\/wp-json\/wp\/v2\/product_cat?post=3558"},{"taxonomy":"product_tag","embeddable":true,"href":"https:\/\/boreait.com\/hu\/wp-json\/wp\/v2\/product_tag?post=3558"}],"curies":[{"name":"wp","href":"https:\/\/api.w.org\/{rel}","templated":true}]}}