{"id":3557,"date":"2025-09-17T10:43:49","date_gmt":"2025-09-17T08:43:49","guid":{"rendered":"https:\/\/boreait.com\/hu\/?post_type=product&#038;p=3557"},"modified":"2025-09-17T10:44:11","modified_gmt":"2025-09-17T08:44:11","slug":"lenovo-04y1544-0c37519-sata-dvd-iro-meghajto-elolappal-es-konzollal-ds-8a8sh","status":"publish","type":"product","link":"https:\/\/boreait.com\/hu\/termek\/lenovo-04y1544-0c37519-sata-dvd-iro-meghajto-elolappal-es-konzollal-ds-8a8sh\/","title":{"rendered":"Lenovo 04y1544 0c37519 SATA DVD-\u00edr\u00f3 meghajt\u00f3 el\u0151lappal \u00e9s konzollal &#8211; DS-8A8SH"},"content":{"rendered":"<p>Friss\u00edtse Lenovo laptopja optikai meghajt\u00f3j\u00e1t a 04y1544 0c37519 SATA DVD-\u00edr\u00f3 meghajt\u00f3val. A laptop t\u00e1rol\u00e1si kapacit\u00e1s\u00e1nak optimaliz\u00e1l\u00e1s\u00e1ra kialak\u00edtott, eredeti DVD-\u00edr\u00f3 meghajt\u00f3 z\u00f6kken\u0151mentes integr\u00e1ci\u00f3t \u00e9s tov\u00e1bbfejlesztett funkcionalit\u00e1st biztos\u00edt a jobb sz\u00e1m\u00edt\u00e1stechnikai \u00e9lm\u00e9ny \u00e9rdek\u00e9ben.<\/p>\n<p>A sz\u00e1m\u00edt\u00e1stechnika megb\u00edzhat\u00f3 vezet\u0151j\u00e9nek sz\u00e1m\u00edt\u00f3 Lenovo \u00e1ltal gy\u00e1rtott 04y1544 0c37519 SATA DVD-\u00edr\u00f3 meghajt\u00f3t \u00fagy tervezt\u00e9k, hogy megb\u00edzhat\u00f3 lemezolvas\u00e1si \u00e9s -\u00edr\u00e1si k\u00e9pess\u00e9geket biztos\u00edtson. A laptop bels\u0151 rendszereinek alapvet\u0151 elemek\u00e9nt ez a meghajt\u00f3 kulcsszerepet j\u00e1tszik a t\u00e1rol\u00e1si \u00e9s adathozz\u00e1f\u00e9r\u00e9si lehet\u0151s\u00e9gek b\u0151v\u00edt\u00e9s\u00e9ben.<\/p>\n<p>Ak\u00e1r DVD-ket \u00e9s CD-ket kell olvasnia vagy \u00edrnia adatt\u00e1rol\u00e1shoz, m\u00e9dialej\u00e1tsz\u00e1shoz vagy adat\u00e1tvitelhez, ez a meghajt\u00f3 az \u00d6n \u00e1ltal elv\u00e1rt k\u00e9nyelmet \u00e9s hat\u00e9konys\u00e1got biztos\u00edtja. Seg\u00edts\u00e9g\u00e9vel egyszer\u0171en k\u00e9sz\u00edthet biztons\u00e1gi m\u00e1solatot, telep\u00edthet szoftvereket, vagy \u00e9lvezheti kedvenc filmjeit \u00e9s zen\u00e9it k\u00f6zvetlen\u00fcl a lemezr\u0151l.<\/p>\n<p>A telep\u00edt\u00e9s egyszer\u0171 a laptop eredeti alkatr\u00e9szeihez igazod\u00f3 kialak\u00edt\u00e1snak k\u00f6sz\u00f6nhet\u0151en. Az eredeti Samsung alkatr\u00e9szek kiv\u00e1laszt\u00e1s\u00e1val laptopja optikai meghajt\u00f3j\u00e1nak min\u0151s\u00e9g\u00e9be \u00e9s megb\u00edzhat\u00f3s\u00e1g\u00e1ba fektet be.<\/p>\n<p>B\u0151v\u00edtse laptopja t\u00e1rol\u00e1si \u00e9s adatel\u00e9r\u00e9si k\u00e9pess\u00e9geit a 04y1544 0c37519 SATA DVD-\u00edr\u00f3 meghajt\u00f3val. \u00c9lvezze a megb\u00edzhat\u00f3 lemezolvas\u00e1st \u00e9s -\u00edr\u00e1st, a k\u00e9nyelmes adat\u00e1tvitelt \u00e9s a m\u00e9dialej\u00e1tsz\u00e1st Lenovo laptopj\u00e1n. N\u00f6velje sz\u00e1m\u00edt\u00e1stechnikai \u00e9lm\u00e9ny\u00e9t ezzel a megb\u00edzhat\u00f3 \u00e9s hat\u00e9kony optikai meghajt\u00f3val.<\/p>\n<p>V\u00e1s\u00e1rl\u00e1s el\u0151tt ellen\u0151rizze, hogy kompatibilis-e az adott laptopmodellj\u00e9vel.<\/p>\n","protected":false},"excerpt":{"rendered":"<p>N\u00f6velje Lenovo laptopja t\u00e1rol\u00e1si k\u00e9pess\u00e9geit a 04y1544 0c37519 SATA DVD-\u00edr\u00f3 meghajt\u00f3val. \u00c9lvezze a megb\u00edzhat\u00f3 lemezolvas\u00e1st \u00e9s -\u00edr\u00e1st adatt\u00e1rol\u00e1shoz, m\u00e9dialej\u00e1tsz\u00e1shoz \u00e9s adat\u00e1tvitelhez.<\/p>\n","protected":false},"featured_media":3583,"template":"","meta":[],"product_brand":[],"product_cat":[27],"product_tag":[26],"class_list":{"0":"post-3557","1":"product","2":"type-product","3":"status-publish","4":"has-post-thumbnail","6":"product_cat-motherboards-board-parts","7":"product_tag-lenovo","9":"first","10":"instock","11":"taxable","12":"shipping-taxable","13":"purchasable","14":"product-type-simple"},"_links":{"self":[{"href":"https:\/\/boreait.com\/hu\/wp-json\/wp\/v2\/product\/3557","targetHints":{"allow":["GET"]}}],"collection":[{"href":"https:\/\/boreait.com\/hu\/wp-json\/wp\/v2\/product"}],"about":[{"href":"https:\/\/boreait.com\/hu\/wp-json\/wp\/v2\/types\/product"}],"wp:featuredmedia":[{"embeddable":true,"href":"https:\/\/boreait.com\/hu\/wp-json\/wp\/v2\/media\/3583"}],"wp:attachment":[{"href":"https:\/\/boreait.com\/hu\/wp-json\/wp\/v2\/media?parent=3557"}],"wp:term":[{"taxonomy":"product_brand","embeddable":true,"href":"https:\/\/boreait.com\/hu\/wp-json\/wp\/v2\/product_brand?post=3557"},{"taxonomy":"product_cat","embeddable":true,"href":"https:\/\/boreait.com\/hu\/wp-json\/wp\/v2\/product_cat?post=3557"},{"taxonomy":"product_tag","embeddable":true,"href":"https:\/\/boreait.com\/hu\/wp-json\/wp\/v2\/product_tag?post=3557"}],"curies":[{"name":"wp","href":"https:\/\/api.w.org\/{rel}","templated":true}]}}