{"id":3539,"date":"2025-09-17T10:43:26","date_gmt":"2025-09-17T08:43:26","guid":{"rendered":"https:\/\/boreait.com\/hu\/?post_type=product&#038;p=3539"},"modified":"2025-09-17T10:44:06","modified_gmt":"2025-09-17T08:44:06","slug":"pioneer-dvr-k17rs-dvd-r-rw-notebook-ide-laptop-meghajto","status":"publish","type":"product","link":"https:\/\/boreait.com\/hu\/termek\/pioneer-dvr-k17rs-dvd-r-rw-notebook-ide-laptop-meghajto\/","title":{"rendered":"Pioneer DVR-K17RS DVD-R\/RW notebook IDE laptop meghajt\u00f3"},"content":{"rendered":"<p>Friss\u00edtse laptopja optikai meghajt\u00f3j\u00e1t a Pioneer DVR-K17RS DVD-RRW notebook IDE laptopmeghajt\u00f3val. A laptop multim\u00e9di\u00e1s k\u00e9pess\u00e9geinek jav\u00edt\u00e1s\u00e1ra tervezett eredeti laptop-meghajt\u00f3 z\u00f6kken\u0151mentes integr\u00e1ci\u00f3t \u00e9s tov\u00e1bbfejlesztett funkcionalit\u00e1st biztos\u00edt a jobb sz\u00e1m\u00edt\u00e1stechnikai \u00e9lm\u00e9ny \u00e9rdek\u00e9ben.<\/p>\n<p>A Pioneer \u00e1ltal gy\u00e1rtott, az optikai meghajt\u00f3-technol\u00f3gia megb\u00edzhat\u00f3 neve, a Pioneer DVR-K17RS notebook IDE laptopmeghajt\u00f3t \u00fagy tervezt\u00e9k, hogy megb\u00edzhat\u00f3 DVD- \u00e9s CD-olvas\u00e1si \u00e9s -\u00edr\u00e1si k\u00e9pess\u00e9geket biztos\u00edtson. A laptop bels\u0151 rendszereinek alapvet\u0151 elemek\u00e9nt ez a meghajt\u00f3 kulcsszerepet j\u00e1tszik a sz\u00f3rakoz\u00e1si \u00e9s adatt\u00e1rol\u00e1si lehet\u0151s\u00e9gek b\u0151v\u00edt\u00e9s\u00e9ben.<\/p>\n<p>Ak\u00e1r DVD-ket n\u00e9z, ak\u00e1r CD-ket \u00edr, ak\u00e1r multim\u00e9di\u00e1s tartalmakat szeretne el\u00e9rni, ez a laptop-meghajt\u00f3 a k\u00edv\u00e1nt k\u00e9nyelmet \u00e9s hat\u00e9konys\u00e1got biztos\u00edtja. Prec\u00edzi\u00f3s tervez\u00e9se biztos\u00edtja a gyors \u00e9s pontos lemezolvas\u00e1st \u00e9s -\u00edr\u00e1st, kiv\u00e9teles teljes\u00edtm\u00e9nyt ny\u00fajtva multim\u00e9di\u00e1s ig\u00e9nyeinek.<\/p>\n<p>A telep\u00edt\u00e9s egyszer\u0171, k\u00f6sz\u00f6nhet\u0151en az IDE interf\u00e9sznek, amely illeszkedik a laptop eredeti \u00f6sszetev\u0151ihez. Az eredeti Pioneer alkatr\u00e9szek kiv\u00e1laszt\u00e1s\u00e1val laptopja optikai meghajt\u00f3j\u00e1nak min\u0151s\u00e9g\u00e9be \u00e9s megb\u00edzhat\u00f3s\u00e1g\u00e1ba fektet be.<\/p>\n<p>Friss\u00edtse laptopja optikai meghajt\u00f3j\u00e1t a Pioneer DVR-K17RS DVD-RRW notebook IDE laptopmeghajt\u00f3val. \u00c9lvezze a tov\u00e1bbfejlesztett multim\u00e9di\u00e1s k\u00e9pess\u00e9geket, a hat\u00e9kony lemezolvas\u00e1st \u00e9s -\u00edr\u00e1st, valamint a sokoldal\u00fa sz\u00f3rakoz\u00e1si lehet\u0151s\u00e9geket laptopj\u00e1n. N\u00f6velje sz\u00e1m\u00edt\u00e1stechnikai \u00e9lm\u00e9ny\u00e9t ezzel a megb\u00edzhat\u00f3 \u00e9s hat\u00e9kony laptopmeghajt\u00f3val.<\/p>\n<p>V\u00e1s\u00e1rl\u00e1s el\u0151tt ellen\u0151rizze, hogy kompatibilis-e az adott laptopmodellj\u00e9vel.<\/p>\n","protected":false},"excerpt":{"rendered":"<p>Friss\u00edtse laptopja optikai meghajt\u00f3j\u00e1t a Pioneer DVR-K17RS DVD-RRW notebook IDE laptopmeghajt\u00f3val. \u00c9lvezze a tov\u00e1bbfejlesztett multim\u00e9di\u00e1s k\u00e9pess\u00e9geket \u00e9s a hat\u00e9kony lemezolvas\u00e1st \u00e9s -\u00edr\u00e1st.<\/p>\n","protected":false},"featured_media":3579,"template":"","meta":[],"product_brand":[],"product_cat":[27],"product_tag":[],"class_list":{"0":"post-3539","1":"product","2":"type-product","3":"status-publish","4":"has-post-thumbnail","6":"product_cat-motherboards-board-parts","8":"first","9":"instock","10":"taxable","11":"shipping-taxable","12":"purchasable","13":"product-type-simple"},"_links":{"self":[{"href":"https:\/\/boreait.com\/hu\/wp-json\/wp\/v2\/product\/3539","targetHints":{"allow":["GET"]}}],"collection":[{"href":"https:\/\/boreait.com\/hu\/wp-json\/wp\/v2\/product"}],"about":[{"href":"https:\/\/boreait.com\/hu\/wp-json\/wp\/v2\/types\/product"}],"wp:featuredmedia":[{"embeddable":true,"href":"https:\/\/boreait.com\/hu\/wp-json\/wp\/v2\/media\/3579"}],"wp:attachment":[{"href":"https:\/\/boreait.com\/hu\/wp-json\/wp\/v2\/media?parent=3539"}],"wp:term":[{"taxonomy":"product_brand","embeddable":true,"href":"https:\/\/boreait.com\/hu\/wp-json\/wp\/v2\/product_brand?post=3539"},{"taxonomy":"product_cat","embeddable":true,"href":"https:\/\/boreait.com\/hu\/wp-json\/wp\/v2\/product_cat?post=3539"},{"taxonomy":"product_tag","embeddable":true,"href":"https:\/\/boreait.com\/hu\/wp-json\/wp\/v2\/product_tag?post=3539"}],"curies":[{"name":"wp","href":"https:\/\/api.w.org\/{rel}","templated":true}]}}