{"id":3537,"date":"2025-09-17T10:43:26","date_gmt":"2025-09-17T08:43:26","guid":{"rendered":"https:\/\/boreait.com\/hu\/?post_type=product&#038;p=3537"},"modified":"2026-01-08T08:15:40","modified_gmt":"2026-01-08T07:15:40","slug":"dc-jack-toltocsatlakozo-tapcsatlakozo-a-hp-pavilion-15-p151ng-15-p163ng-15-p126nz-keszulekekhez","status":"publish","type":"product","link":"https:\/\/boreait.com\/hu\/termek\/dc-jack-toltocsatlakozo-tapcsatlakozo-a-hp-pavilion-15-p151ng-15-p163ng-15-p126nz-keszulekekhez\/","title":{"rendered":"DC jack t\u00f6lt\u0151csatlakoz\u00f3 t\u00e1pcsatlakoz\u00f3 a HP Pavilion 15-p151ng, 15-p163ng, 15-p126nz k\u00e9sz\u00fcl\u00e9kekhez"},"content":{"rendered":"<p>Eleven\u00edtse fel HP Pavilion laptopjai t\u00f6lt\u00e9si k\u00e9pess\u00e9geit az egyen\u00e1ram\u00fa t\u00f6lt\u0151aljzattal. Az \u00e1ramell\u00e1t\u00e1s helyre\u00e1ll\u00edt\u00e1s\u00e1ra tervezett eredeti cserealjzat z\u00f6kken\u0151mentes integr\u00e1ci\u00f3t \u00e9s megb\u00edzhat\u00f3 t\u00f6lt\u00e9st biztos\u00edt a jobb sz\u00e1m\u00edt\u00e1stechnikai \u00e9lm\u00e9ny \u00e9rdek\u00e9ben.<\/p>\n<p>A HP Pavilion modellekkel, k\u00f6zt\u00fck a 15-p151ng, 15-p163ng \u00e9s 15-p126nz kompatibilis, ez az egyen\u00e1ram\u00fa t\u00f6lt\u0151csatlakoz\u00f3 csatlakoz\u00f3aljzat hat\u00e9kony energiaell\u00e1t\u00e1st biztos\u00edt. A laptop t\u00f6lt\u0151rendszer\u00e9nek alapvet\u0151 elemek\u00e9nt ez az aljzat kulcsszerepet j\u00e1tszik a laptop t\u00f6lt\u00e9si \u00e9s \u00e1ramell\u00e1t\u00e1si k\u00e9pess\u00e9g\u00e9nek helyre\u00e1ll\u00edt\u00e1s\u00e1ban.<\/p>\n<p>Ak\u00e1r di\u00e1k, ak\u00e1r profi, ak\u00e1r h\u00e9tk\u00f6znapi felhaszn\u00e1l\u00f3, ez a cserealjzat az \u00d6n \u00e1ltal elv\u00e1rt k\u00e9nyelmet \u00e9s megb\u00edzhat\u00f3s\u00e1got k\u00edn\u00e1lja. \u00c1ll\u00edtsa vissza laptopja t\u00f6lt\u00e9si k\u00e9pess\u00e9geit, \u00e9s gondoskodjon arr\u00f3l, hogy mindig \u00e1ram alatt legyen, \u00e9s k\u00e9szen \u00e1lljon a feladatok elv\u00e9gz\u00e9s\u00e9re.<\/p>\n<p>A telep\u00edt\u00e9s egyszer\u0171 a laptop eredeti alkatr\u00e9szeihez igazod\u00f3 kialak\u00edt\u00e1snak k\u00f6sz\u00f6nhet\u0151en. Az eredeti alkatr\u00e9szek kiv\u00e1laszt\u00e1s\u00e1val laptopja t\u00f6lt\u0151rendszer\u00e9nek min\u0151s\u00e9g\u00e9be \u00e9s megb\u00edzhat\u00f3s\u00e1g\u00e1ba fektet be.<\/p>\n<p>\u00dajra\u00e9lesztheti HP Pavilion laptopjait az egyen\u00e1ram\u00fa t\u00f6lt\u0151aljzattal. \u00c9lvezze a vissza\u00e1ll\u00edtott t\u00f6lt\u00e9si k\u00e9pess\u00e9geket \u00e9s a megszak\u00edt\u00e1s n\u00e9lk\u00fcli \u00e1ramell\u00e1t\u00e1st HP Pavilion 15-p151ng, 15-p163ng \u00e9s 15-p126nz laptopjain. N\u00f6velje sz\u00e1m\u00edt\u00e1stechnikai \u00e9lm\u00e9ny\u00e9t ezzel a megb\u00edzhat\u00f3 \u00e9s hat\u00e9kony cserealjzattal.<\/p>\n<p>V\u00e1s\u00e1rl\u00e1s el\u0151tt ellen\u0151rizze, hogy kompatibilis-e az adott laptopmodellj\u00e9vel.<\/p>\n","protected":false},"excerpt":{"rendered":"<p>\u00c1ll\u00edtsa vissza HP Pavilion laptopjai t\u00f6lt\u00e9si k\u00e9pess\u00e9geit az egyen\u00e1ram\u00fa t\u00f6lt\u0151csatlakoz\u00f3 csatlakoz\u00f3aljzattal. A 15-p151ng, 15-p163ng \u00e9s 15-p126nz modellekkel kompatibilis ez a cserealjzat megb\u00edzhat\u00f3 t\u00f6lt\u00e9st biztos\u00edt.<\/p>\n","protected":false},"featured_media":3577,"template":"","meta":[],"product_brand":[],"product_cat":[20],"product_tag":[25],"class_list":{"0":"post-3537","1":"product","2":"type-product","3":"status-publish","4":"has-post-thumbnail","6":"product_cat-cables","7":"product_tag-hp","9":"first","10":"instock","11":"taxable","12":"shipping-taxable","13":"purchasable","14":"product-type-simple"},"_links":{"self":[{"href":"https:\/\/boreait.com\/hu\/wp-json\/wp\/v2\/product\/3537","targetHints":{"allow":["GET"]}}],"collection":[{"href":"https:\/\/boreait.com\/hu\/wp-json\/wp\/v2\/product"}],"about":[{"href":"https:\/\/boreait.com\/hu\/wp-json\/wp\/v2\/types\/product"}],"wp:featuredmedia":[{"embeddable":true,"href":"https:\/\/boreait.com\/hu\/wp-json\/wp\/v2\/media\/3577"}],"wp:attachment":[{"href":"https:\/\/boreait.com\/hu\/wp-json\/wp\/v2\/media?parent=3537"}],"wp:term":[{"taxonomy":"product_brand","embeddable":true,"href":"https:\/\/boreait.com\/hu\/wp-json\/wp\/v2\/product_brand?post=3537"},{"taxonomy":"product_cat","embeddable":true,"href":"https:\/\/boreait.com\/hu\/wp-json\/wp\/v2\/product_cat?post=3537"},{"taxonomy":"product_tag","embeddable":true,"href":"https:\/\/boreait.com\/hu\/wp-json\/wp\/v2\/product_tag?post=3537"}],"curies":[{"name":"wp","href":"https:\/\/api.w.org\/{rel}","templated":true}]}}