{"id":3536,"date":"2025-09-17T10:43:26","date_gmt":"2025-09-17T08:43:26","guid":{"rendered":"https:\/\/boreait.com\/hu\/?post_type=product&#038;p=3536"},"modified":"2025-09-17T10:43:59","modified_gmt":"2025-09-17T08:43:59","slug":"hp-elitebook-840-sorozatu-huto-hutoborda-730963-001","status":"publish","type":"product","link":"https:\/\/boreait.com\/hu\/termek\/hp-elitebook-840-sorozatu-huto-hutoborda-730963-001\/","title":{"rendered":"HP EliteBook 840 sorozat\u00fa h\u0171t\u0151 h\u0171t\u0151borda 730963-001"},"content":{"rendered":"<p>Optimaliz\u00e1lja HP \u200b\u200bEliteBook 840 sorozat\u00fa laptopja h\u0151teljes\u00edtm\u00e9ny\u00e9t a HP EliteBook 840 sorozat\u00fa 730963-001 h\u0171t\u0151bord\u00e1val. A laptop h\u0171t\u00e9si k\u00e9pess\u00e9geinek jav\u00edt\u00e1s\u00e1ra tervezett eredeti h\u0171t\u0151borda hat\u00e9kony h\u0151elvezet\u00e9st \u00e9s jobb \u00e1ltal\u00e1nos rendszerteljes\u00edtm\u00e9nyt biztos\u00edt a jobb sz\u00e1m\u00edt\u00e1stechnikai \u00e9lm\u00e9ny \u00e9rdek\u00e9ben.<\/p>\n<p>A HP, a sz\u00e1m\u00edt\u00e1stechnika egyik megb\u00edzhat\u00f3 vezet\u0151 gy\u00e1rt\u00f3ja, a HP EliteBook 840 sorozat\u00fa 730963-001 h\u0171t\u0151bord\u00e1t \u00fagy tervezt\u00e9k, hogy megb\u00edzhat\u00f3 h\u0151kezel\u00e9st biztos\u00edtson. A laptop bels\u0151 rendszereinek alapvet\u0151 elemek\u00e9nt ez a h\u0171t\u0151borda kulcsfontoss\u00e1g\u00fa szerepet j\u00e1tszik a t\u00falmeleged\u00e9s megel\u0151z\u00e9s\u00e9ben \u00e9s az optim\u00e1lis teljes\u00edtm\u00e9ny meg\u0151rz\u00e9s\u00e9ben.<\/p>\n<p>Ak\u00e1r er\u0151forr\u00e1s-ig\u00e9nyes feladatokat v\u00e9gez, ak\u00e1r j\u00e1t\u00e9kot, ak\u00e1r t\u00f6bbfeladatos munk\u00e1t v\u00e9gez, ez a h\u0171t\u0151borda az \u00d6n \u00e1ltal elv\u00e1rt k\u00e9nyelmet \u00e9s hat\u00e9konys\u00e1got biztos\u00edtja. Hat\u00e9konyan elvezeti a laptop alkatr\u00e9szei \u00e1ltal termelt h\u0151t, megakad\u00e1lyozza a h\u0151szab\u00e1lyoz\u00e1st, \u00e9s z\u00f6kken\u0151mentes m\u0171k\u00f6d\u00e9st biztos\u00edt m\u00e9g nagy ig\u00e9nybev\u00e9tel mellett is.<\/p>\n<p>A telep\u00edt\u00e9s egyszer\u0171 a laptop eredeti alkatr\u00e9szeihez igazod\u00f3 kialak\u00edt\u00e1snak k\u00f6sz\u00f6nhet\u0151en. Az eredeti HP alkatr\u00e9szek kiv\u00e1laszt\u00e1s\u00e1val laptopja h\u0151kezel\u00e9s\u00e9nek \u00e9s \u00e1ltal\u00e1nos teljes\u00edtm\u00e9ny\u00e9nek min\u0151s\u00e9g\u00e9be \u00e9s megb\u00edzhat\u00f3s\u00e1g\u00e1ba fektet be.<\/p>\n<p>N\u00f6velje laptopja h\u0151teljes\u00edtm\u00e9ny\u00e9t a HP EliteBook 840 sorozat\u00fa 730963-001 h\u0171t\u0151bord\u00e1val. \u00c9lvezze a hat\u00e9kony h\u0151elvezet\u00e9st, a t\u00falmeleged\u00e9s kock\u00e1zat\u00e1nak cs\u00f6kkent\u00e9s\u00e9t \u00e9s a jobb \u00e1ltal\u00e1nos rendszerstabilit\u00e1st EliteBook 840 sorozat\u00fa laptopj\u00e1n. N\u00f6velje sz\u00e1m\u00edt\u00e1stechnikai \u00e9lm\u00e9ny\u00e9t ezzel a megb\u00edzhat\u00f3 \u00e9s hat\u00e9kony h\u0171t\u0151bord\u00e1val.<\/p>\n<p>V\u00e1s\u00e1rl\u00e1s el\u0151tt ellen\u0151rizze, hogy kompatibilis-e az adott laptopmodellj\u00e9vel.<\/p>\n","protected":false},"excerpt":{"rendered":"<p>N\u00f6velje HP EliteBook 840 sorozat\u00fa laptopja h\u0151teljes\u00edtm\u00e9ny\u00e9t a HP EliteBook 840 sorozat\u00fa 730963-001 h\u0171t\u0151bord\u00e1val. \u00c9lvezze a hat\u00e9kony h\u0151elvezet\u00e9st \u00e9s a rendszer jobb stabilit\u00e1s\u00e1t.<\/p>\n","protected":false},"featured_media":3576,"template":"","meta":[],"product_brand":[],"product_cat":[33],"product_tag":[25],"class_list":{"0":"post-3536","1":"product","2":"type-product","3":"status-publish","4":"has-post-thumbnail","6":"product_cat-cpu-fans-heatsinks","7":"product_tag-hp","9":"first","10":"instock","11":"taxable","12":"shipping-taxable","13":"purchasable","14":"product-type-simple"},"_links":{"self":[{"href":"https:\/\/boreait.com\/hu\/wp-json\/wp\/v2\/product\/3536","targetHints":{"allow":["GET"]}}],"collection":[{"href":"https:\/\/boreait.com\/hu\/wp-json\/wp\/v2\/product"}],"about":[{"href":"https:\/\/boreait.com\/hu\/wp-json\/wp\/v2\/types\/product"}],"wp:featuredmedia":[{"embeddable":true,"href":"https:\/\/boreait.com\/hu\/wp-json\/wp\/v2\/media\/3576"}],"wp:attachment":[{"href":"https:\/\/boreait.com\/hu\/wp-json\/wp\/v2\/media?parent=3536"}],"wp:term":[{"taxonomy":"product_brand","embeddable":true,"href":"https:\/\/boreait.com\/hu\/wp-json\/wp\/v2\/product_brand?post=3536"},{"taxonomy":"product_cat","embeddable":true,"href":"https:\/\/boreait.com\/hu\/wp-json\/wp\/v2\/product_cat?post=3536"},{"taxonomy":"product_tag","embeddable":true,"href":"https:\/\/boreait.com\/hu\/wp-json\/wp\/v2\/product_tag?post=3536"}],"curies":[{"name":"wp","href":"https:\/\/api.w.org\/{rel}","templated":true}]}}