{"id":3535,"date":"2025-09-17T10:43:26","date_gmt":"2025-09-17T08:43:26","guid":{"rendered":"https:\/\/boreait.com\/hu\/?post_type=product&#038;p=3535"},"modified":"2025-09-17T10:43:57","modified_gmt":"2025-09-17T08:43:57","slug":"hp-probook-470-g2-zpl70-led-dc02001yw00-kepernyokabel-led-lapos-videokabel-lvds","status":"publish","type":"product","link":"https:\/\/boreait.com\/hu\/termek\/hp-probook-470-g2-zpl70-led-dc02001yw00-kepernyokabel-led-lapos-videokabel-lvds\/","title":{"rendered":"HP PROBOOK 470 G2 ZPL70 LED DC02001YW00 K\u00c9PERNY\u0150K\u00c1BEL LED LAPOS VIDE\u00d3K\u00c1BEL LVDS"},"content":{"rendered":"<p>N\u00f6velje HP ProBook 470 G2 laptopja kijelz\u0151j\u00e9nek teljes\u00edtm\u00e9ny\u00e9t a HP ProBook 470 G2 ZPL70 LED DC02001YW00 k\u00e9perny\u0151k\u00e1bellel. A laptop vizu\u00e1lis \u00e9lm\u00e9ny\u00e9nek optimaliz\u00e1l\u00e1s\u00e1ra k\u00e9sz\u00fclt, eredeti LED-es lapos videok\u00e1bel z\u00f6kken\u0151mentes integr\u00e1ci\u00f3t \u00e9s jobb megjelen\u00edt\u00e9si min\u0151s\u00e9get biztos\u00edt a jobb sz\u00e1m\u00edt\u00e1stechnikai \u00e9lm\u00e9ny \u00e9rdek\u00e9ben.<\/p>\n<p>A HP, a sz\u00e1m\u00edt\u00e1stechnika megb\u00edzhat\u00f3 vezet\u0151 gy\u00e1rt\u00f3ja \u00e1ltal gy\u00e1rtott HP ProBook 470 G2 ZPL70 LED DC02001YW00 k\u00e9perny\u0151k\u00e1bel megb\u00edzhat\u00f3 kijelz\u0151kapcsolatot biztos\u00edt. A laptop bels\u0151 rendszereinek n\u00e9lk\u00fcl\u00f6zhetetlen elemek\u00e9nt ez a k\u00e1bel kulcsfontoss\u00e1g\u00fa szerepet j\u00e1tszik a tiszta \u00e9s \u00e9l\u00e9nk k\u00e9p megjelen\u00edt\u00e9s\u00e9ben.<\/p>\n<p>Ak\u00e1r vide\u00f3kat n\u00e9z, intenz\u00edv grafikai feladatokon dolgozik, vagy az interneten b\u00f6ng\u00e9szik, ez a lapos LED-vide\u00f3k\u00e1bel az \u00d6n \u00e1ltal elv\u00e1rt k\u00e9nyelmet \u00e9s hat\u00e9konys\u00e1got biztos\u00edtja. Prec\u00edzi\u00f3s tervez\u00e9se pontos jel\u00e1tvitelt biztos\u00edt, kiv\u00e9teles tisztas\u00e1got \u00e9s sz\u00ednpontoss\u00e1got biztos\u00edtva laptopja kijelz\u0151j\u00e9nek.<\/p>\n<p>A telep\u00edt\u00e9s egyszer\u0171 a laptop eredeti alkatr\u00e9szeihez igazod\u00f3 kialak\u00edt\u00e1snak k\u00f6sz\u00f6nhet\u0151en. Az eredeti HP alkatr\u00e9szek kiv\u00e1laszt\u00e1s\u00e1val laptopja kijelz\u0151j\u00e9nek min\u0151s\u00e9g\u00e9be \u00e9s megb\u00edzhat\u00f3s\u00e1g\u00e1ba fektet be.<\/p>\n<p>Friss\u00edtse laptopja megjelen\u00edt\u00e9si min\u0151s\u00e9g\u00e9t a HP ProBook 470 G2 ZPL70 LED DC02001YW00 k\u00e9perny\u0151k\u00e1bellel. \u00c9lvezze a jobb vizu\u00e1lis teljes\u00edtm\u00e9nyt, a fokozott sz\u00ednpontoss\u00e1got \u00e9s az \u00e9l\u00e9nk l\u00e1tv\u00e1nyt ProBook 470 G2 k\u00e9sz\u00fcl\u00e9k\u00e9n. N\u00f6velje sz\u00e1m\u00edt\u00e1stechnikai \u00e9lm\u00e9ny\u00e9t ezzel a megb\u00edzhat\u00f3 \u00e9s hat\u00e9kony LED lapos videok\u00e1bellel.<\/p>\n<p>V\u00e1s\u00e1rl\u00e1s el\u0151tt ellen\u0151rizze, hogy kompatibilis-e az adott laptopmodellj\u00e9vel.<\/p>\n","protected":false},"excerpt":{"rendered":"<p>N\u00f6velje a megjelen\u00edt\u00e9si min\u0151s\u00e9get HP ProBook 470 G2 laptopj\u00e1n a HP ProBook 470 G2 ZPL70 LED DC02001YW00 k\u00e9perny\u0151k\u00e1bellel. \u00c9lvezze a jobb vizu\u00e1lis teljes\u00edtm\u00e9nyt \u00e9s az \u00e9l\u00e9nk sz\u00edneket.<\/p>\n","protected":false},"featured_media":3575,"template":"","meta":[],"product_brand":[],"product_cat":[20],"product_tag":[25],"class_list":{"0":"post-3535","1":"product","2":"type-product","3":"status-publish","4":"has-post-thumbnail","6":"product_cat-cables","7":"product_tag-hp","9":"first","10":"instock","11":"taxable","12":"shipping-taxable","13":"purchasable","14":"product-type-simple"},"_links":{"self":[{"href":"https:\/\/boreait.com\/hu\/wp-json\/wp\/v2\/product\/3535","targetHints":{"allow":["GET"]}}],"collection":[{"href":"https:\/\/boreait.com\/hu\/wp-json\/wp\/v2\/product"}],"about":[{"href":"https:\/\/boreait.com\/hu\/wp-json\/wp\/v2\/types\/product"}],"wp:featuredmedia":[{"embeddable":true,"href":"https:\/\/boreait.com\/hu\/wp-json\/wp\/v2\/media\/3575"}],"wp:attachment":[{"href":"https:\/\/boreait.com\/hu\/wp-json\/wp\/v2\/media?parent=3535"}],"wp:term":[{"taxonomy":"product_brand","embeddable":true,"href":"https:\/\/boreait.com\/hu\/wp-json\/wp\/v2\/product_brand?post=3535"},{"taxonomy":"product_cat","embeddable":true,"href":"https:\/\/boreait.com\/hu\/wp-json\/wp\/v2\/product_cat?post=3535"},{"taxonomy":"product_tag","embeddable":true,"href":"https:\/\/boreait.com\/hu\/wp-json\/wp\/v2\/product_tag?post=3535"}],"curies":[{"name":"wp","href":"https:\/\/api.w.org\/{rel}","templated":true}]}}