{"id":3532,"date":"2025-09-17T10:43:25","date_gmt":"2025-09-17T08:43:25","guid":{"rendered":"https:\/\/boreait.com\/hu\/?post_type=product&#038;p=3532"},"modified":"2025-09-17T10:43:54","modified_gmt":"2025-09-17T08:43:54","slug":"dell-latitude-d630-laptop-zold-fekete-szivarvanykek-szurke-kabel-dc02000fb02-cn-0","status":"publish","type":"product","link":"https:\/\/boreait.com\/hu\/termek\/dell-latitude-d630-laptop-zold-fekete-szivarvanykek-szurke-kabel-dc02000fb02-cn-0\/","title":{"rendered":"Dell Latitude D630 laptop z\u00f6ld fekete sziv\u00e1rv\u00e1nyk\u00e9k sz\u00fcrke k\u00e1bel DC02000FB02 CN-0"},"content":{"rendered":"<p>N\u00f6velje Dell Latitude D630 laptopja csatlakoztathat\u00f3s\u00e1g\u00e1t \u00e9s tart\u00f3ss\u00e1g\u00e1t a Dell Latitude D630 laptop z\u00f6ld fekete sziv\u00e1rv\u00e1nyk\u00e9k sz\u00fcrke DC02000FB02 CN-0 k\u00e1bellel. A laptop k\u00e1belcsatlakoz\u00e1s\u00e1nak optimaliz\u00e1l\u00e1s\u00e1ra k\u00e9sz\u00fclt, eredeti k\u00e1bel z\u00f6kken\u0151mentes integr\u00e1ci\u00f3t \u00e9s fokozott megb\u00edzhat\u00f3s\u00e1got k\u00edn\u00e1l a jobb sz\u00e1m\u00edt\u00e1stechnikai \u00e9lm\u00e9ny \u00e9rdek\u00e9ben.<\/p>\n<p>A Dell, a sz\u00e1m\u00edt\u00e1stechnika megb\u00edzhat\u00f3 vezet\u0151 gy\u00e1rt\u00f3ja \u00e1ltal gy\u00e1rtott Dell Latitude D630 laptop z\u00f6ld fekete sziv\u00e1rv\u00e1nyk\u00e9k sz\u00fcrke DC02000FB02 CN-0 k\u00e1belt \u00fagy tervezt\u00e9k, hogy megb\u00edzhat\u00f3 k\u00e1belkapcsolatokat \u00e9s hosszabb \u00e9lettartamot biztos\u00edtson. A laptop bels\u0151 rendszereinek alapvet\u0151 elemek\u00e9nt ez a k\u00e1bel kulcsfontoss\u00e1g\u00fa szerepet j\u00e1tszik a robusztus kapcsolat fenntart\u00e1s\u00e1ban.<\/p>\n<p>Ak\u00e1r adat\u00e1tvitelhez, t\u00f6lt\u00e9shez vagy egy\u00e9b funkci\u00f3khoz kell kapcsolatot l\u00e9tes\u00edtenie, ez a k\u00e1bel biztos\u00edtja a k\u00edv\u00e1nt k\u00e9nyelmet \u00e9s hat\u00e9konys\u00e1got. A z\u00f6ld, fekete, sziv\u00e1rv\u00e1ny, k\u00e9k \u00e9s sz\u00fcrke sz\u00ednk\u00f3dol\u00e1s egyetlen k\u00e1belben val\u00f3 kombin\u00e1ci\u00f3ja lehet\u0151v\u00e9 teszi a munkafolyamatok egyszer\u0171s\u00edt\u00e9s\u00e9t \u00e9s a konzisztens kapcsolatok biztos\u00edt\u00e1s\u00e1t.<\/p>\n<p>A telep\u00edt\u00e9s egyszer\u0171 a laptop eredeti alkatr\u00e9szeihez igazod\u00f3 kialak\u00edt\u00e1snak k\u00f6sz\u00f6nhet\u0151en. Az eredeti Dell alkatr\u00e9szek kiv\u00e1laszt\u00e1s\u00e1val laptopja csatlakoz\u00e1s\u00e1nak min\u0151s\u00e9g\u00e9be \u00e9s megb\u00edzhat\u00f3s\u00e1g\u00e1ba fektet be.<\/p>\n<p>N\u00f6velje laptopja csatlakoztathat\u00f3s\u00e1g\u00e1t \u00e9s tart\u00f3ss\u00e1g\u00e1t a Dell Latitude D630 laptop z\u00f6ld fekete sziv\u00e1rv\u00e1nyk\u00e9k sz\u00fcrke DC02000FB02 CN-0 k\u00e1bellel. \u00c9lvezze a b\u0151v\u00edtett k\u00e1bellehet\u0151s\u00e9geket, a megb\u00edzhat\u00f3 csatlakoz\u00e1sokat \u00e9s a megn\u00f6velt tart\u00f3ss\u00e1got Latitude D630 k\u00e9sz\u00fcl\u00e9k\u00e9n. N\u00f6velje sz\u00e1m\u00edt\u00e1stechnikai \u00e9lm\u00e9ny\u00e9t ezzel a megb\u00edzhat\u00f3 \u00e9s hat\u00e9kony k\u00e1bellel.<\/p>\n<p>V\u00e1s\u00e1rl\u00e1s el\u0151tt ellen\u0151rizze, hogy kompatibilis-e az adott laptopmodellj\u00e9vel.<\/p>\n","protected":false},"excerpt":{"rendered":"<p>N\u00f6velje Dell Latitude D630 laptopja csatlakoztathat\u00f3s\u00e1g\u00e1t \u00e9s tart\u00f3ss\u00e1g\u00e1t a Dell Latitude D630 laptop z\u00f6ld fekete sziv\u00e1rv\u00e1nyk\u00e9k sz\u00fcrke DC02000FB02 CN-0 k\u00e1bellel. \u00c9lvezze a megb\u00edzhat\u00f3 kapcsolatokat \u00e9s a megn\u00f6velt tart\u00f3ss\u00e1got.<\/p>\n","protected":false},"featured_media":3572,"template":"","meta":[],"product_brand":[],"product_cat":[20],"product_tag":[17],"class_list":{"0":"post-3532","1":"product","2":"type-product","3":"status-publish","4":"has-post-thumbnail","6":"product_cat-cables","7":"product_tag-dell","9":"first","10":"instock","11":"taxable","12":"shipping-taxable","13":"purchasable","14":"product-type-simple"},"_links":{"self":[{"href":"https:\/\/boreait.com\/hu\/wp-json\/wp\/v2\/product\/3532","targetHints":{"allow":["GET"]}}],"collection":[{"href":"https:\/\/boreait.com\/hu\/wp-json\/wp\/v2\/product"}],"about":[{"href":"https:\/\/boreait.com\/hu\/wp-json\/wp\/v2\/types\/product"}],"wp:featuredmedia":[{"embeddable":true,"href":"https:\/\/boreait.com\/hu\/wp-json\/wp\/v2\/media\/3572"}],"wp:attachment":[{"href":"https:\/\/boreait.com\/hu\/wp-json\/wp\/v2\/media?parent=3532"}],"wp:term":[{"taxonomy":"product_brand","embeddable":true,"href":"https:\/\/boreait.com\/hu\/wp-json\/wp\/v2\/product_brand?post=3532"},{"taxonomy":"product_cat","embeddable":true,"href":"https:\/\/boreait.com\/hu\/wp-json\/wp\/v2\/product_cat?post=3532"},{"taxonomy":"product_tag","embeddable":true,"href":"https:\/\/boreait.com\/hu\/wp-json\/wp\/v2\/product_tag?post=3532"}],"curies":[{"name":"wp","href":"https:\/\/api.w.org\/{rel}","templated":true}]}}