{"id":3528,"date":"2025-09-17T10:43:25","date_gmt":"2025-09-17T08:43:25","guid":{"rendered":"https:\/\/boreait.com\/hu\/?post_type=product&#038;p=3528"},"modified":"2025-09-17T10:43:47","modified_gmt":"2025-09-17T08:43:47","slug":"asus-x550cl-90nb03w1-r10010-x550cl-power-switch_bd-as-kabeleval","status":"publish","type":"product","link":"https:\/\/boreait.com\/hu\/termek\/asus-x550cl-90nb03w1-r10010-x550cl-power-switch_bd-as-kabeleval\/","title":{"rendered":"Asus X550CL 90NB03W1-R10010 ( X550CL POWER SWITCH_BD.AS ) K\u00c1BELEVAL"},"content":{"rendered":"<p>N\u00f6velje Asus X550CL laptopja t\u00e1pkapcsol\u00f3 funkci\u00f3j\u00e1t az Asus X550CL 90NB03W1-R10010 t\u00e1pkapcsol\u00f3k\u00e1rty\u00e1val k\u00e1bellel. A laptop energiagazd\u00e1lkod\u00e1s\u00e1nak optimaliz\u00e1l\u00e1s\u00e1ra k\u00e9sz\u00fclt, ez az eredeti t\u00e1pkapcsol\u00f3k\u00e1rtya z\u00f6kken\u0151mentes integr\u00e1ci\u00f3t \u00e9s tov\u00e1bbfejlesztett funkcionalit\u00e1st biztos\u00edt a jobb sz\u00e1m\u00edt\u00e1stechnikai \u00e9lm\u00e9ny \u00e9rdek\u00e9ben.<\/p>\n<p>A sz\u00e1m\u00edt\u00e1stechnika megb\u00edzhat\u00f3 vezet\u0151j\u00e9nek sz\u00e1m\u00edt\u00f3 Asus \u00e1ltal gy\u00e1rtott Asus X550CL 90NB03W1-R10010 t\u00e1pkapcsol\u00f3k\u00e1rtya k\u00e1bellel \u00fagy lett megtervezve, hogy megb\u00edzhat\u00f3 t\u00e1pkapcsol\u00f3 teljes\u00edtm\u00e9nyt ny\u00fajtson. A laptop bels\u0151 rendszereinek n\u00e9lk\u00fcl\u00f6zhetetlen elemek\u00e9nt ez a k\u00e1rtya kulcsfontoss\u00e1g\u00fa szerepet j\u00e1tszik a k\u00e9sz\u00fcl\u00e9k t\u00e1pell\u00e1t\u00e1si funkci\u00f3inak vez\u00e9rl\u00e9s\u00e9ben.<\/p>\n<p>Ak\u00e1r be-, ak\u00e1r kikapcsolja laptopj\u00e1t, ez a t\u00e1pkapcsol\u00f3t\u00e1bla az \u00d6n \u00e1ltal elv\u00e1rt k\u00e9nyelmet \u00e9s hat\u00e9konys\u00e1got biztos\u00edtja. Prec\u00edzi\u00f3s tervez\u00e9se gyors \u00e9s megb\u00edzhat\u00f3 bekapcsol\u00f3gomb-funkci\u00f3kat biztos\u00edt, jav\u00edtva az \u00e1ltal\u00e1nos felhaszn\u00e1l\u00f3i \u00e9lm\u00e9nyt.<\/p>\n<p>A telep\u00edt\u00e9s egyszer\u0171 a laptop eredeti alkatr\u00e9szeihez igazod\u00f3 kialak\u00edt\u00e1snak k\u00f6sz\u00f6nhet\u0151en. Az eredeti Asus alkatr\u00e9szek kiv\u00e1laszt\u00e1s\u00e1val laptopja energiagazd\u00e1lkod\u00e1s\u00e1nak min\u0151s\u00e9g\u00e9be \u00e9s megb\u00edzhat\u00f3s\u00e1g\u00e1ba fektet be.<\/p>\n<p>Friss\u00edtse laptopja f\u0151kapcsol\u00f3 funkci\u00f3j\u00e1t az Asus X550CL 90NB03W1-R10010 t\u00e1pkapcsol\u00f3k\u00e1rty\u00e1val k\u00e1bellel. \u00c9lvezze Asus X550CL k\u00e9sz\u00fcl\u00e9k\u00e9nek jobb bekapcsol\u00f3gomb-\u00e9rz\u00e9kenys\u00e9g\u00e9t \u00e9s z\u00f6kken\u0151mentes t\u00e1pell\u00e1t\u00e1s-szab\u00e1lyoz\u00e1s\u00e1t. N\u00f6velje sz\u00e1m\u00edt\u00e1stechnikai \u00e9lm\u00e9ny\u00e9t ezzel a megb\u00edzhat\u00f3 \u00e9s hat\u00e9kony t\u00e1pkapcsol\u00f3 k\u00e1rty\u00e1val.<\/p>\n<p>V\u00e1s\u00e1rl\u00e1s el\u0151tt ellen\u0151rizze, hogy kompatibilis-e az adott laptopmodellj\u00e9vel.<\/p>\n","protected":false},"excerpt":{"rendered":"<p>N\u00f6velje Asus X550CL laptopja t\u00e1pkapcsol\u00f3 funkci\u00f3it az Asus X550CL 90NB03W1-R10010 t\u00e1pkapcsol\u00f3k\u00e1rty\u00e1val k\u00e1bellel. \u00c9lvezze a bekapcsol\u00f3gomb jobb reakci\u00f3k\u00e9szs\u00e9g\u00e9t \u00e9s a z\u00f6kken\u0151mentes energiaszab\u00e1lyoz\u00e1st.<\/p>\n","protected":false},"featured_media":3556,"template":"","meta":[],"product_brand":[],"product_cat":[27],"product_tag":[30],"class_list":{"0":"post-3528","1":"product","2":"type-product","3":"status-publish","4":"has-post-thumbnail","6":"product_cat-motherboards-board-parts","7":"product_tag-asus","9":"first","10":"instock","11":"taxable","12":"shipping-taxable","13":"purchasable","14":"product-type-simple"},"_links":{"self":[{"href":"https:\/\/boreait.com\/hu\/wp-json\/wp\/v2\/product\/3528","targetHints":{"allow":["GET"]}}],"collection":[{"href":"https:\/\/boreait.com\/hu\/wp-json\/wp\/v2\/product"}],"about":[{"href":"https:\/\/boreait.com\/hu\/wp-json\/wp\/v2\/types\/product"}],"wp:featuredmedia":[{"embeddable":true,"href":"https:\/\/boreait.com\/hu\/wp-json\/wp\/v2\/media\/3556"}],"wp:attachment":[{"href":"https:\/\/boreait.com\/hu\/wp-json\/wp\/v2\/media?parent=3528"}],"wp:term":[{"taxonomy":"product_brand","embeddable":true,"href":"https:\/\/boreait.com\/hu\/wp-json\/wp\/v2\/product_brand?post=3528"},{"taxonomy":"product_cat","embeddable":true,"href":"https:\/\/boreait.com\/hu\/wp-json\/wp\/v2\/product_cat?post=3528"},{"taxonomy":"product_tag","embeddable":true,"href":"https:\/\/boreait.com\/hu\/wp-json\/wp\/v2\/product_tag?post=3528"}],"curies":[{"name":"wp","href":"https:\/\/api.w.org\/{rel}","templated":true}]}}