{"id":3514,"date":"2025-09-17T10:43:03","date_gmt":"2025-09-17T08:43:03","guid":{"rendered":"https:\/\/boreait.com\/hu\/?post_type=product&#038;p=3514"},"modified":"2025-09-17T10:43:45","modified_gmt":"2025-09-17T08:43:45","slug":"04081-00027400-eredeti-eredeti-asus-lcd-kijelzos-webkamera-x552e","status":"publish","type":"product","link":"https:\/\/boreait.com\/hu\/termek\/04081-00027400-eredeti-eredeti-asus-lcd-kijelzos-webkamera-x552e\/","title":{"rendered":"04081-00027400 EREDETI EREDETI ASUS LCD KIJELZ\u0150S WEBKAMERA X552E"},"content":{"rendered":"<p>N\u00f6velje vizu\u00e1lis kommunik\u00e1ci\u00f3s \u00e9lm\u00e9ny\u00e9t az eredeti ASUS 04081-00027400 sz\u00e1m\u00fa, eredeti ASUS LCD kijelz\u0151s webkamer\u00e1val. A videoh\u00edv\u00e1sok, konferencia- \u00e9s multim\u00e9di\u00e1s \u00e9lm\u00e9nyek optimaliz\u00e1l\u00e1s\u00e1ra tervezett eredeti webkamera z\u00f6kken\u0151mentes integr\u00e1ci\u00f3t \u00e9s jobb vizu\u00e1lis kommunik\u00e1ci\u00f3t biztos\u00edt a jobb sz\u00e1m\u00edt\u00e1stechnikai \u00e9lm\u00e9ny \u00e9rdek\u00e9ben.<\/p>\n<p>Az ASUS, a sz\u00e1m\u00edt\u00e1stechnika megb\u00edzhat\u00f3 vezet\u0151 gy\u00e1rt\u00f3ja \u00e1ltal gy\u00e1rtott Eredeti Eredeti ASUS LCD kijelz\u0151s webkamera 04081-00027400 megb\u00edzhat\u00f3 vide\u00f3r\u00f6gz\u00edt\u00e9st \u00e9s tiszta k\u00e9palkot\u00e1st biztos\u00edt. A laptop bels\u0151 rendszereinek alapvet\u0151 elemek\u00e9nt ez a webkamera kulcsfontoss\u00e1g\u00fa szerepet j\u00e1tszik a videokommunik\u00e1ci\u00f3 \u00e9s a multim\u00e9di\u00e1s interakci\u00f3k jav\u00edt\u00e1s\u00e1ban.<\/p>\n<p>Ak\u00e1r virtu\u00e1lis megbesz\u00e9l\u00e9seken, videocseveg\u00e9seken vagy tartalmak l\u00e9trehoz\u00e1s\u00e1n vesz r\u00e9szt, ez a webkamera az \u00d6n \u00e1ltal elv\u00e1rt k\u00e9nyelmet \u00e9s hat\u00e9konys\u00e1got biztos\u00edtja. Kiv\u00e1l\u00f3 min\u0151s\u00e9g\u0171 k\u00e9palkot\u00f3 k\u00e9pess\u00e9gei \u00e9les \u00e9s tiszta k\u00e9pet biztos\u00edtanak, biztos\u00edtva, hogy \u00d6n tiszt\u00e1n l\u00e1sson, \u00e9s hat\u00e9kony kommunik\u00e1ci\u00f3t folytathasson.<\/p>\n<p>A telep\u00edt\u00e9s egyszer\u0171 a laptop eredeti alkatr\u00e9szeihez igazod\u00f3 kialak\u00edt\u00e1snak k\u00f6sz\u00f6nhet\u0151en. Az eredeti ASUS alkatr\u00e9szek kiv\u00e1laszt\u00e1s\u00e1val laptopja videokommunik\u00e1ci\u00f3j\u00e1nak min\u0151s\u00e9g\u00e9be \u00e9s megb\u00edzhat\u00f3s\u00e1g\u00e1ba fektet be.<\/p>\n<p>Friss\u00edtse vizu\u00e1lis kommunik\u00e1ci\u00f3j\u00e1t a 04081-00027400-as eredeti ASUS LCD kijelz\u0151s webkamer\u00e1val. \u00c9lvezze a jobb vide\u00f3min\u0151s\u00e9get, a tiszta k\u00e9palkot\u00e1st \u00e9s a hat\u00e9kony videokommunik\u00e1ci\u00f3t ASUS laptopj\u00e1n. N\u00f6velje multim\u00e9di\u00e1s \u00e9lm\u00e9nyeit ezzel a megb\u00edzhat\u00f3 \u00e9s hat\u00e9kony webkamer\u00e1val.<\/p>\n<p>V\u00e1s\u00e1rl\u00e1s el\u0151tt ellen\u0151rizze, hogy kompatibilis-e az adott laptopmodellj\u00e9vel.<\/p>\n","protected":false},"excerpt":{"rendered":"<p>B\u0151v\u00edtse vizu\u00e1lis kommunik\u00e1ci\u00f3j\u00e1t az eredeti ASUS LCD kijelz\u0151s webkamer\u00e1val, a 04081-00027400. \u00c9lvezze a tiszta k\u00e9palkot\u00e1st \u00e9s a tov\u00e1bbfejlesztett videokommunik\u00e1ci\u00f3t ASUS laptopj\u00e1n.<\/p>\n","protected":false},"featured_media":3555,"template":"","meta":[],"product_brand":[],"product_cat":[23],"product_tag":[30],"class_list":{"0":"post-3514","1":"product","2":"type-product","3":"status-publish","4":"has-post-thumbnail","6":"product_cat-laptop-camera","7":"product_tag-asus","9":"first","10":"instock","11":"taxable","12":"shipping-taxable","13":"purchasable","14":"product-type-simple"},"_links":{"self":[{"href":"https:\/\/boreait.com\/hu\/wp-json\/wp\/v2\/product\/3514","targetHints":{"allow":["GET"]}}],"collection":[{"href":"https:\/\/boreait.com\/hu\/wp-json\/wp\/v2\/product"}],"about":[{"href":"https:\/\/boreait.com\/hu\/wp-json\/wp\/v2\/types\/product"}],"wp:featuredmedia":[{"embeddable":true,"href":"https:\/\/boreait.com\/hu\/wp-json\/wp\/v2\/media\/3555"}],"wp:attachment":[{"href":"https:\/\/boreait.com\/hu\/wp-json\/wp\/v2\/media?parent=3514"}],"wp:term":[{"taxonomy":"product_brand","embeddable":true,"href":"https:\/\/boreait.com\/hu\/wp-json\/wp\/v2\/product_brand?post=3514"},{"taxonomy":"product_cat","embeddable":true,"href":"https:\/\/boreait.com\/hu\/wp-json\/wp\/v2\/product_cat?post=3514"},{"taxonomy":"product_tag","embeddable":true,"href":"https:\/\/boreait.com\/hu\/wp-json\/wp\/v2\/product_tag?post=3514"}],"curies":[{"name":"wp","href":"https:\/\/api.w.org\/{rel}","templated":true}]}}