{"id":3513,"date":"2025-09-17T10:43:02","date_gmt":"2025-09-17T08:43:02","guid":{"rendered":"https:\/\/boreait.com\/hu\/?post_type=product&#038;p=3513"},"modified":"2025-09-17T10:43:44","modified_gmt":"2025-09-17T08:43:44","slug":"0c011-00042300-asus-vezetek-nelkuli-kartya-802-11-bgn-wlanbt4-0hs-x550ze","status":"publish","type":"product","link":"https:\/\/boreait.com\/hu\/termek\/0c011-00042300-asus-vezetek-nelkuli-kartya-802-11-bgn-wlanbt4-0hs-x550ze\/","title":{"rendered":"0C011-00042300 Asus vezet\u00e9k n\u00e9lk\u00fcli k\u00e1rtya 802.11 BGN Wlan+Bt4.0+Hs X550Ze"},"content":{"rendered":"<p>B\u0151v\u00edtse Asus X550Ze laptopja vezet\u00e9k n\u00e9lk\u00fcli kapcsolat\u00e1t a 0C011-00042300 Asus 802.11 BGN Wlan+Bt4.0+Hs vezet\u00e9k n\u00e9lk\u00fcli k\u00e1rty\u00e1val. A laptop vezet\u00e9k n\u00e9lk\u00fcli k\u00e9pess\u00e9geinek optimaliz\u00e1l\u00e1s\u00e1ra tervezt\u00e9k, ez az eredeti vezet\u00e9k n\u00e9lk\u00fcli k\u00e1rtya z\u00f6kken\u0151mentes integr\u00e1ci\u00f3t \u00e9s jobb csatlakoztathat\u00f3s\u00e1got biztos\u00edt a jobb sz\u00e1m\u00edt\u00e1stechnikai \u00e9lm\u00e9ny \u00e9rdek\u00e9ben.<\/p>\n<p>Az Asus, a sz\u00e1m\u00edt\u00e1stechnika megb\u00edzhat\u00f3 vezet\u0151 gy\u00e1rt\u00f3ja \u00e1ltal gy\u00e1rtott 0C011-00042300 Asus vezet\u00e9k n\u00e9lk\u00fcli k\u00e1rtya megb\u00edzhat\u00f3 802.11 BGN WLAN (Wireless Local Area Network) \u00e9s Bluetooth 4.0 funkci\u00f3kat k\u00edn\u00e1l. A laptop bels\u0151 rendszereinek alapvet\u0151 elemek\u00e9nt ez a k\u00e1rtya kulcsfontoss\u00e1g\u00fa szerepet j\u00e1tszik a gyors \u00e9s stabil vezet\u00e9k n\u00e9lk\u00fcli kapcsolatok \u00e9s a z\u00f6kken\u0151mentes Bluetooth kommunik\u00e1ci\u00f3 biztos\u00edt\u00e1s\u00e1ban.<\/p>\n<p>Ak\u00e1r Wi-Fi-h\u00e1l\u00f3zatokhoz kell csatlakoznia, ak\u00e1r vezet\u00e9k n\u00e9lk\u00fcl kell f\u00e1jlokat tov\u00e1bb\u00edtania, ak\u00e1r eszk\u00f6z\u00f6ket kell p\u00e1ros\u00edtania Bluetooth-on kereszt\u00fcl, ez a vezet\u00e9k n\u00e9lk\u00fcli k\u00e1rtya az \u00d6n \u00e1ltal elv\u00e1rt k\u00e9nyelmet \u00e9s hat\u00e9konys\u00e1got biztos\u00edtja. \u00c9lvezze a megszak\u00edt\u00e1s n\u00e9lk\u00fcli internet-hozz\u00e1f\u00e9r\u00e9st, a gyors adat\u00e1tvitelt, valamint a z\u00f6kken\u0151mentes vezet\u00e9k n\u00e9lk\u00fcli \u00e9s Bluetooth-kapcsolatot Asus X550Ze laptopj\u00e1n.<\/p>\n<p>A telep\u00edt\u00e9s egyszer\u0171 a laptop eredeti alkatr\u00e9szeihez igazod\u00f3 kialak\u00edt\u00e1snak k\u00f6sz\u00f6nhet\u0151en. Az eredeti Asus alkatr\u00e9szek kiv\u00e1laszt\u00e1s\u00e1val laptopja vezet\u00e9k n\u00e9lk\u00fcli \u00e9s Bluetooth k\u00e9pess\u00e9geinek min\u0151s\u00e9g\u00e9be \u00e9s megb\u00edzhat\u00f3s\u00e1g\u00e1ba fektet be.<\/p>\n<p>Friss\u00edtse laptopja vezet\u00e9k n\u00e9lk\u00fcli kapcsolat\u00e1t a 0C011-00042300 Asus vezet\u00e9k n\u00e9lk\u00fcli 802.11 BGN Wlan+Bt4.0+Hs k\u00e1rty\u00e1val. \u00c9lvezze a gyors \u00e9s stabil Wi-Fi kapcsolatokat, a z\u00f6kken\u0151mentes Bluetooth kommunik\u00e1ci\u00f3t \u00e9s a tov\u00e1bbfejlesztett vezet\u00e9k n\u00e9lk\u00fcli sz\u00e1m\u00edt\u00e1si \u00e9lm\u00e9nyt Asus X550Ze laptopj\u00e1n.<\/p>\n<p>V\u00e1s\u00e1rl\u00e1s el\u0151tt ellen\u0151rizze, hogy kompatibilis-e az adott laptopmodellj\u00e9vel.<\/p>\n","protected":false},"excerpt":{"rendered":"<p>A 0C011-00042300 Asus 802.11 BGN Wlan+Bt4.0+Hs vezet\u00e9k n\u00e9lk\u00fcli k\u00e1rty\u00e1val jav\u00edthatja Asus X550Ze laptopja vezet\u00e9k n\u00e9lk\u00fcli kapcsolat\u00e1t. \u00c9lvezze a gyors Wi-Fi kapcsolatokat \u00e9s a z\u00f6kken\u0151mentes Bluetooth kommunik\u00e1ci\u00f3t.<\/p>\n","protected":false},"featured_media":3554,"template":"","meta":[],"product_brand":[],"product_cat":[27],"product_tag":[30],"class_list":{"0":"post-3513","1":"product","2":"type-product","3":"status-publish","4":"has-post-thumbnail","6":"product_cat-motherboards-board-parts","7":"product_tag-asus","9":"first","10":"instock","11":"taxable","12":"shipping-taxable","13":"purchasable","14":"product-type-simple"},"_links":{"self":[{"href":"https:\/\/boreait.com\/hu\/wp-json\/wp\/v2\/product\/3513","targetHints":{"allow":["GET"]}}],"collection":[{"href":"https:\/\/boreait.com\/hu\/wp-json\/wp\/v2\/product"}],"about":[{"href":"https:\/\/boreait.com\/hu\/wp-json\/wp\/v2\/types\/product"}],"wp:featuredmedia":[{"embeddable":true,"href":"https:\/\/boreait.com\/hu\/wp-json\/wp\/v2\/media\/3554"}],"wp:attachment":[{"href":"https:\/\/boreait.com\/hu\/wp-json\/wp\/v2\/media?parent=3513"}],"wp:term":[{"taxonomy":"product_brand","embeddable":true,"href":"https:\/\/boreait.com\/hu\/wp-json\/wp\/v2\/product_brand?post=3513"},{"taxonomy":"product_cat","embeddable":true,"href":"https:\/\/boreait.com\/hu\/wp-json\/wp\/v2\/product_cat?post=3513"},{"taxonomy":"product_tag","embeddable":true,"href":"https:\/\/boreait.com\/hu\/wp-json\/wp\/v2\/product_tag?post=3513"}],"curies":[{"name":"wp","href":"https:\/\/api.w.org\/{rel}","templated":true}]}}