{"id":3512,"date":"2025-09-17T10:43:02","date_gmt":"2025-09-17T08:43:02","guid":{"rendered":"https:\/\/boreait.com\/hu\/?post_type=product&#038;p=3512"},"modified":"2026-03-25T15:51:13","modified_gmt":"2026-03-25T14:51:13","slug":"asus-x552cl-sx353d-lcd-kepernyo-zsanarok-l-es-r-szs-r-x550vp-szs-l","status":"publish","type":"product","link":"https:\/\/boreait.com\/hu\/termek\/asus-x552cl-sx353d-lcd-kepernyo-zsanarok-l-es-r-szs-r-x550vp-szs-l\/","title":{"rendered":"ASUS X552CL-SX353D LCD K\u00c9PERNY\u0150 ZSAN\u00c1ROK L \u00c9S R &#8211; SZS-R, X550VP SZS-L"},"content":{"rendered":"<p>N\u00f6velje ASUS X552CL-SX353D laptopja szerkezeti integrit\u00e1s\u00e1t \u00e9s haszn\u00e1lhat\u00f3s\u00e1g\u00e1t az ASUS X552CL-SX353D LCD-k\u00e9perny\u0151 csukl\u00f3p\u00e1ntjaival (bal \u00e9s jobb oldali \u2013 SZS-R,\u00a0<em>X550VP SZS-L<\/em>). A laptop kijelz\u0151j\u00e9nek funkcionalit\u00e1s\u00e1nak \u00e9s stabilit\u00e1s\u00e1nak optimaliz\u00e1l\u00e1s\u00e1ra kialak\u00edtott eredeti zsan\u00e9rok z\u00f6kken\u0151mentes integr\u00e1ci\u00f3t \u00e9s nagyobb tart\u00f3ss\u00e1got biztos\u00edtanak a jobb sz\u00e1m\u00edt\u00e1stechnikai \u00e9lm\u00e9ny \u00e9rdek\u00e9ben.<\/p>\n<p>Az ASUS, a sz\u00e1m\u00edt\u00e1stechnika megb\u00edzhat\u00f3 vezet\u0151 gy\u00e1rt\u00f3ja \u00e1ltal gy\u00e1rtott ASUS X552CL-SX353D LCD-k\u00e9perny\u0151 zsan\u00e9rjait (bal \u00e9s jobb) \u00fagy tervezt\u00e9k, hogy megb\u00edzhat\u00f3 kijelz\u0151t\u00e1mogat\u00e1st \u00e9s fokozott haszn\u00e1lhat\u00f3s\u00e1got biztos\u00edtsanak. A laptop szerkezeti kialak\u00edt\u00e1s\u00e1nak alapvet\u0151 elemeik\u00e9nt ezek a zsan\u00e9rok kulcsszerepet j\u00e1tszanak a kijelz\u0151 stabilit\u00e1s\u00e1nak meg\u0151rz\u00e9s\u00e9ben \u00e9s az optim\u00e1lis betekint\u00e9si sz\u00f6gek biztos\u00edt\u00e1s\u00e1ban.<\/p>\n<p>Ak\u00e1r kinyitja \u00e9s becsukja a laptop fedel\u00e9t, ak\u00e1r be\u00e1ll\u00edtja a kijelz\u0151 sz\u00f6g\u00e9t, ezek a zsan\u00e9rok az \u00d6n \u00e1ltal elv\u00e1rt k\u00e9nyelmet \u00e9s hat\u00e9konys\u00e1got k\u00edn\u00e1lj\u00e1k. Az elhaszn\u00e1l\u00f3dott vagy s\u00e9r\u00fclt zsan\u00e9rok cser\u00e9j\u00e9vel vissza\u00e1ll\u00edthatja laptopja eredeti megjelen\u00edt\u00e9si teljes\u00edtm\u00e9ny\u00e9t, \u00e9s megb\u00edzhat\u00f3 megjelen\u00edt\u00e9si \u00e9lm\u00e9nyt biztos\u00edthat.<\/p>\n<p>A telep\u00edt\u00e9s egyszer\u0171 a laptop eredeti alkatr\u00e9szeihez igazod\u00f3 kialak\u00edt\u00e1snak k\u00f6sz\u00f6nhet\u0151en. Az eredeti ASUS alkatr\u00e9szek kiv\u00e1laszt\u00e1s\u00e1val laptopja szerkezeti integrit\u00e1s\u00e1nak min\u0151s\u00e9g\u00e9be \u00e9s megb\u00edzhat\u00f3s\u00e1g\u00e1ba fektet be.<\/p>\n<p>Friss\u00edtse laptopja kijelz\u0151j\u00e9nek t\u00e1mogat\u00e1s\u00e1t \u00e9s stabilit\u00e1s\u00e1t az ASUS X552CL-SX353D LCD-k\u00e9perny\u0151 csukl\u00f3p\u00e1ntjaival (bal \u00e9s jobb). \u00c9lvezze a tov\u00e1bbfejlesztett szerkezeti tart\u00f3ss\u00e1got, a stabil megjelen\u00edt\u00e9si sz\u00f6geket \u00e9s a friss\u00edtett megjelen\u00edt\u00e9si \u00e9lm\u00e9nyt X552CL-SX353D k\u00e9sz\u00fcl\u00e9k\u00e9n. N\u00f6velje sz\u00e1m\u00edt\u00e1stechnikai \u00e9lm\u00e9ny\u00e9t ezekkel a megb\u00edzhat\u00f3 \u00e9s hat\u00e9kony zsan\u00e9rokkal.<\/p>\n<p>V\u00e1s\u00e1rl\u00e1s el\u0151tt ellen\u0151rizze, hogy kompatibilis-e az adott laptopmodellj\u00e9vel.<\/p>\n","protected":false},"excerpt":{"rendered":"<p>N\u00f6velje a kijelz\u0151 stabilit\u00e1s\u00e1t ASUS X552CL-SX353D laptopj\u00e1n az ASUS X552CL-SX353D LCD k\u00e9perny\u0151 zsan\u00e9rokkal (bal \u00e9s jobb). \u00c9lvezze a jobb szerkezeti tart\u00f3ss\u00e1got \u00e9s a stabil megjelen\u00edt\u00e9si sz\u00f6geket.<\/p>\n","protected":false},"featured_media":3552,"template":"","meta":[],"product_brand":[],"product_cat":[19],"product_tag":[30],"class_list":{"0":"post-3512","1":"product","2":"type-product","3":"status-publish","4":"has-post-thumbnail","6":"product_cat-screen-hinge","7":"product_tag-asus","9":"first","10":"instock","11":"taxable","12":"shipping-taxable","13":"purchasable","14":"product-type-simple"},"_links":{"self":[{"href":"https:\/\/boreait.com\/hu\/wp-json\/wp\/v2\/product\/3512","targetHints":{"allow":["GET"]}}],"collection":[{"href":"https:\/\/boreait.com\/hu\/wp-json\/wp\/v2\/product"}],"about":[{"href":"https:\/\/boreait.com\/hu\/wp-json\/wp\/v2\/types\/product"}],"wp:featuredmedia":[{"embeddable":true,"href":"https:\/\/boreait.com\/hu\/wp-json\/wp\/v2\/media\/3552"}],"wp:attachment":[{"href":"https:\/\/boreait.com\/hu\/wp-json\/wp\/v2\/media?parent=3512"}],"wp:term":[{"taxonomy":"product_brand","embeddable":true,"href":"https:\/\/boreait.com\/hu\/wp-json\/wp\/v2\/product_brand?post=3512"},{"taxonomy":"product_cat","embeddable":true,"href":"https:\/\/boreait.com\/hu\/wp-json\/wp\/v2\/product_cat?post=3512"},{"taxonomy":"product_tag","embeddable":true,"href":"https:\/\/boreait.com\/hu\/wp-json\/wp\/v2\/product_tag?post=3512"}],"curies":[{"name":"wp","href":"https:\/\/api.w.org\/{rel}","templated":true}]}}