{"id":3511,"date":"2025-09-17T10:43:02","date_gmt":"2025-09-17T08:43:02","guid":{"rendered":"https:\/\/boreait.com\/hu\/?post_type=product&#038;p=3511"},"modified":"2025-09-17T10:43:41","modified_gmt":"2025-09-17T08:43:41","slug":"asus-x5502cl-also-fedel-szerviz-hozzaferesi-panel-13nb00t1ap0301","status":"publish","type":"product","link":"https:\/\/boreait.com\/hu\/termek\/asus-x5502cl-also-fedel-szerviz-hozzaferesi-panel-13nb00t1ap0301\/","title":{"rendered":"ASUS X5502CL als\u00f3 fed\u00e9l szerviz hozz\u00e1f\u00e9r\u00e9si panel 13NB00T1AP0301"},"content":{"rendered":"<p>Optimaliz\u00e1lja ASUS X5502CL laptopja hozz\u00e1f\u00e9rhet\u0151s\u00e9g\u00e9t \u00e9s szervizelhet\u0151s\u00e9g\u00e9t az ASUS X5502CL als\u00f3 burkolat 13NB00T1AP0301 szervizel\u00e9r\u00e9si panelj\u00e9vel. Ez az eredeti hozz\u00e1f\u00e9r\u00e9si panel a karbantart\u00e1s \u00e9s a friss\u00edt\u00e9sek k\u00e9nyelm\u00e9nek n\u00f6vel\u00e9s\u00e9re k\u00e9sz\u00fclt, \u00e9s z\u00f6kken\u0151mentes integr\u00e1ci\u00f3t \u00e9s tov\u00e1bbfejlesztett funkcionalit\u00e1st k\u00edn\u00e1l a jobb sz\u00e1m\u00edt\u00e1stechnikai \u00e9lm\u00e9ny \u00e9rdek\u00e9ben.<\/p>\n<p>A sz\u00e1m\u00edt\u00e1stechnika megb\u00edzhat\u00f3 vezet\u0151j\u00e9nek sz\u00e1m\u00edt\u00f3 ASUS \u00e1ltal gy\u00e1rtott ASUS X5502CL 13NB00T1AP0301 als\u00f3 burkolat szervizel\u00e9r\u00e9si panelt \u00fagy tervezt\u00e9k, hogy k\u00f6nny\u0171 hozz\u00e1f\u00e9r\u00e9st biztos\u00edtson a bels\u0151 alkatr\u00e9szekhez. A laptop kialak\u00edt\u00e1s\u00e1nak alapvet\u0151 elemek\u00e9nt ez a hozz\u00e1f\u00e9r\u00e9si panel kulcsfontoss\u00e1g\u00fa szerepet j\u00e1tszik a probl\u00e9mamentes karbantart\u00e1s \u00e9s friss\u00edt\u00e9s megk\u00f6nny\u00edt\u00e9s\u00e9ben.<\/p>\n<p>Ak\u00e1r mem\u00f3ria b\u0151v\u00edt\u00e9s\u00e9r\u0151l, t\u00e1rhely b\u0151v\u00edt\u00e9s\u00e9r\u0151l vagy egy\u00e9b hardverrel kapcsolatos feladatokr\u00f3l van sz\u00f3, ez a hozz\u00e1f\u00e9r\u00e9si panel az \u00d6n \u00e1ltal elv\u00e1rt k\u00e9nyelmet \u00e9s hat\u00e9konys\u00e1got biztos\u00edtja. \u00c1tgondolt elrendez\u00e9se biztos\u00edtja, hogy a kritikus alkatr\u00e9szekhez bonyolult sz\u00e9tszerel\u00e9s n\u00e9lk\u00fcl is hozz\u00e1f\u00e9rjen, \u00edgy id\u0151t \u00e9s er\u0151fesz\u00edt\u00e9st takar\u00edt meg.<\/p>\n<p>A telep\u00edt\u00e9s egyszer\u0171 a laptop eredeti alkatr\u00e9szeihez igazod\u00f3 kialak\u00edt\u00e1snak k\u00f6sz\u00f6nhet\u0151en. Az eredeti ASUS alkatr\u00e9szek kiv\u00e1laszt\u00e1s\u00e1val laptopja karbantart\u00e1si \u00e9s friss\u00edt\u00e9si k\u00e9pess\u00e9geinek min\u0151s\u00e9g\u00e9be \u00e9s megb\u00edzhat\u00f3s\u00e1g\u00e1ba fektet be.<\/p>\n<p>Optimaliz\u00e1lja laptopja hozz\u00e1f\u00e9rhet\u0151s\u00e9g\u00e9t \u00e9s szervizelhet\u0151s\u00e9g\u00e9t az ASUS X5502CL als\u00f3 burkolat szervizel\u00e9r\u00e9si panellel 13NB00T1AP0301. \u00c9lvezze az ASUS X5502CL bels\u0151 \u00f6sszetev\u0151ihez val\u00f3 z\u00f6kken\u0151mentes hozz\u00e1f\u00e9r\u00e9st, az egyszer\u0171s\u00edtett karbantart\u00e1st \u00e9s a hat\u00e9kony friss\u00edt\u00e9seket. N\u00f6velje sz\u00e1m\u00edt\u00e1stechnikai \u00e9lm\u00e9ny\u00e9t ezzel a megb\u00edzhat\u00f3 \u00e9s hat\u00e9kony hozz\u00e1f\u00e9r\u00e9si panellel.<\/p>\n<p>V\u00e1s\u00e1rl\u00e1s el\u0151tt ellen\u0151rizze, hogy kompatibilis-e az adott laptopmodellj\u00e9vel.<\/p>\n","protected":false},"excerpt":{"rendered":"<p>N\u00f6velje ASUS X5502CL laptopja szervizelhet\u0151s\u00e9g\u00e9t \u00e9s hozz\u00e1f\u00e9rhet\u0151s\u00e9g\u00e9t az ASUS X5502CL als\u00f3 burkolat 13NB00T1AP0301 szervizel\u00e9r\u00e9si panelj\u00e9vel. \u00c9lvezze az egyszer\u0171 karbantart\u00e1st \u00e9s az egyszer\u0171s\u00edtett friss\u00edt\u00e9seket.<\/p>\n","protected":false},"featured_media":3550,"template":"","meta":[],"product_brand":[],"product_cat":[16],"product_tag":[30],"class_list":{"0":"post-3511","1":"product","2":"type-product","3":"status-publish","4":"has-post-thumbnail","6":"product_cat-laptop-housing","7":"product_tag-asus","9":"first","10":"instock","11":"taxable","12":"shipping-taxable","13":"purchasable","14":"product-type-simple"},"_links":{"self":[{"href":"https:\/\/boreait.com\/hu\/wp-json\/wp\/v2\/product\/3511","targetHints":{"allow":["GET"]}}],"collection":[{"href":"https:\/\/boreait.com\/hu\/wp-json\/wp\/v2\/product"}],"about":[{"href":"https:\/\/boreait.com\/hu\/wp-json\/wp\/v2\/types\/product"}],"wp:featuredmedia":[{"embeddable":true,"href":"https:\/\/boreait.com\/hu\/wp-json\/wp\/v2\/media\/3550"}],"wp:attachment":[{"href":"https:\/\/boreait.com\/hu\/wp-json\/wp\/v2\/media?parent=3511"}],"wp:term":[{"taxonomy":"product_brand","embeddable":true,"href":"https:\/\/boreait.com\/hu\/wp-json\/wp\/v2\/product_brand?post=3511"},{"taxonomy":"product_cat","embeddable":true,"href":"https:\/\/boreait.com\/hu\/wp-json\/wp\/v2\/product_cat?post=3511"},{"taxonomy":"product_tag","embeddable":true,"href":"https:\/\/boreait.com\/hu\/wp-json\/wp\/v2\/product_tag?post=3511"}],"curies":[{"name":"wp","href":"https:\/\/api.w.org\/{rel}","templated":true}]}}