{"id":3510,"date":"2025-09-17T10:43:02","date_gmt":"2025-09-17T08:43:02","guid":{"rendered":"https:\/\/boreait.com\/hu\/?post_type=product&#038;p=3510"},"modified":"2025-09-17T10:43:38","modified_gmt":"2025-09-17T08:43:38","slug":"13nb03vbap0201-x552cl-sx353d-eredeti-asus-lcd-hatsoburkolat","status":"publish","type":"product","link":"https:\/\/boreait.com\/hu\/termek\/13nb03vbap0201-x552cl-sx353d-eredeti-asus-lcd-hatsoburkolat\/","title":{"rendered":"13NB03VBAP0201 X552CL-SX353D EREDETI ASUS LCD H\u00c1TS\u00d3BURKOLAT"},"content":{"rendered":"<p><strong>Ugyanaz a r\u00e9sz, mint az adatlapon szerepl\u0151 fot\u00f3n!<\/strong><\/p>\n<p>N\u00f6velje ASUS X552CL-SX353D laptopja eszt\u00e9tik\u00e1j\u00e1t \u00e9s v\u00e9delm\u00e9t a 13NB03VBAP0201 ASUS LCD h\u00e1tlappal. A laptop vizu\u00e1lis vonzerej\u00e9nek \u00e9s tart\u00f3ss\u00e1g\u00e1nak optimaliz\u00e1l\u00e1s\u00e1ra k\u00e9sz\u00fclt, eredeti LCD h\u00e1tlap z\u00f6kken\u0151mentes integr\u00e1ci\u00f3t \u00e9s fokozott v\u00e9delmet biztos\u00edt a jobb sz\u00e1m\u00edt\u00e1stechnikai \u00e9lm\u00e9ny \u00e9rdek\u00e9ben.<\/p>\n<p>Az ASUS, a sz\u00e1m\u00edt\u00e1stechnika megb\u00edzhat\u00f3 vezet\u0151 gy\u00e1rt\u00f3ja \u00e1ltal gy\u00e1rtott 13NB03VBAP0201 ASUS LCD h\u00e1tlap \u00fagy lett kialak\u00edtva, hogy megb\u00edzhat\u00f3 lefedetts\u00e9get biztos\u00edtson laptopja kijelz\u0151j\u00e9nek. A laptop k\u00fclsej\u00e9nek alapvet\u0151 elemek\u00e9nt ez a h\u00e1tlap d\u00f6nt\u0151 szerepet j\u00e1tszik a k\u00e9nyes alkatr\u00e9szek v\u00e9delm\u00e9ben \u00e9s a laptop \u00e1ltal\u00e1nos megjelen\u00e9s\u00e9nek jav\u00edt\u00e1s\u00e1ban.<\/p>\n<p>Ak\u00e1r elhaszn\u00e1l\u00f3dott burkolatot szeretne cser\u00e9lni, ak\u00e1r laptopja megjelen\u00e9s\u00e9t szeretn\u00e9 szem\u00e9lyre szabni, ez a h\u00e1tlap az \u00d6n \u00e1ltal k\u00edv\u00e1nt k\u00e9nyelmet \u00e9s hat\u00e9konys\u00e1got biztos\u00edtja. Prec\u00edzi\u00f3s tervez\u00e9se biztons\u00e1gos illeszked\u00e9st \u00e9s egyenletes fel\u00fcletet biztos\u00edt, tov\u00e1bbi v\u00e9delmet biztos\u00edtva a porral, karcol\u00e1sokkal \u00e9s kisebb \u00fct\u00e9sekkel szemben.<\/p>\n<p>A telep\u00edt\u00e9s egyszer\u0171 a laptop eredeti alkatr\u00e9szeihez igazod\u00f3 kialak\u00edt\u00e1snak k\u00f6sz\u00f6nhet\u0151en. Az eredeti ASUS alkatr\u00e9szek kiv\u00e1laszt\u00e1s\u00e1val laptopja megjelen\u00e9s\u00e9nek \u00e9s v\u00e9delm\u00e9nek min\u0151s\u00e9g\u00e9be \u00e9s megb\u00edzhat\u00f3s\u00e1g\u00e1ba fektet be.<\/p>\n<p>Friss\u00edtse laptopja eszt\u00e9tik\u00e1j\u00e1t \u00e9s v\u00e9delm\u00e9t az X552CL-SX353D 13NB03VBAP0201 ASUS LCD h\u00e1tlapj\u00e1val. \u00c9lvezze a felfriss\u00fclt megjelen\u00e9st, a nagyobb tart\u00f3ss\u00e1got \u00e9s a laptop kijelz\u0151j\u00e9nek fokozott v\u00e9delm\u00e9t. N\u00f6velje sz\u00e1m\u00edt\u00e1stechnikai \u00e9lm\u00e9ny\u00e9t ezzel a megb\u00edzhat\u00f3 \u00e9s hat\u00e9kony LCD h\u00e1tlappal.<\/p>\n<p>V\u00e1s\u00e1rl\u00e1s el\u0151tt ellen\u0151rizze, hogy kompatibilis-e az adott laptopmodellj\u00e9vel.<\/p>\n","protected":false},"excerpt":{"rendered":"<p>Fokozza ASUS X552CL-SX353D laptopja megjelen\u00e9s\u00e9t \u00e9s v\u00e9delm\u00e9t a 13NB03VBAP0201 ASUS LCD h\u00e1tlappal. \u00c9lvezze laptopja kijelz\u0151j\u00e9nek felfriss\u00fclt megjelen\u00e9s\u00e9t \u00e9s tart\u00f3sabb\u00e1 t\u00e9tel\u00e9t.<\/p>\n","protected":false},"featured_media":3548,"template":"","meta":[],"product_brand":[],"product_cat":[16],"product_tag":[30],"class_list":{"0":"post-3510","1":"product","2":"type-product","3":"status-publish","4":"has-post-thumbnail","6":"product_cat-laptop-housing","7":"product_tag-asus","9":"first","10":"instock","11":"taxable","12":"shipping-taxable","13":"purchasable","14":"product-type-simple"},"_links":{"self":[{"href":"https:\/\/boreait.com\/hu\/wp-json\/wp\/v2\/product\/3510","targetHints":{"allow":["GET"]}}],"collection":[{"href":"https:\/\/boreait.com\/hu\/wp-json\/wp\/v2\/product"}],"about":[{"href":"https:\/\/boreait.com\/hu\/wp-json\/wp\/v2\/types\/product"}],"wp:featuredmedia":[{"embeddable":true,"href":"https:\/\/boreait.com\/hu\/wp-json\/wp\/v2\/media\/3548"}],"wp:attachment":[{"href":"https:\/\/boreait.com\/hu\/wp-json\/wp\/v2\/media?parent=3510"}],"wp:term":[{"taxonomy":"product_brand","embeddable":true,"href":"https:\/\/boreait.com\/hu\/wp-json\/wp\/v2\/product_brand?post=3510"},{"taxonomy":"product_cat","embeddable":true,"href":"https:\/\/boreait.com\/hu\/wp-json\/wp\/v2\/product_cat?post=3510"},{"taxonomy":"product_tag","embeddable":true,"href":"https:\/\/boreait.com\/hu\/wp-json\/wp\/v2\/product_tag?post=3510"}],"curies":[{"name":"wp","href":"https:\/\/api.w.org\/{rel}","templated":true}]}}