{"id":3509,"date":"2025-09-17T10:43:02","date_gmt":"2025-09-17T08:43:02","guid":{"rendered":"https:\/\/boreait.com\/hu\/?post_type=product&#038;p=3509"},"modified":"2025-09-17T10:43:36","modified_gmt":"2025-09-17T08:43:36","slug":"asus-x552cl-sx353d-lcd-kepernyo-13nb03vbap0101","status":"publish","type":"product","link":"https:\/\/boreait.com\/hu\/termek\/asus-x552cl-sx353d-lcd-kepernyo-13nb03vbap0101\/","title":{"rendered":"ASUS X552CL-SX353D LCD K\u00c9PERNY\u0150 &#8211; 13NB03VBAP0101"},"content":{"rendered":"<p>Friss\u00edtse ASUS X552CL-SX353D laptopja vizu\u00e1lis eszt\u00e9tik\u00e1j\u00e1t az ASUS X552CL-SX353D LCD k\u00e9perny\u0151 el\u0151lappal &#8211; 13NB03VBAP0101. A laptop kijelz\u0151j\u00e9nek \u00e9s \u00e1ltal\u00e1nos megjelen\u00e9s\u00e9nek optimaliz\u00e1l\u00e1s\u00e1ra k\u00e9sz\u00fclt, ez az eredeti LCD-k\u00e9perny\u0151 el\u0151lapja z\u00f6kken\u0151mentes integr\u00e1ci\u00f3t \u00e9s jobb vizu\u00e1lis vonzer\u0151t biztos\u00edt a jobb sz\u00e1m\u00edt\u00e1stechnikai \u00e9lm\u00e9ny \u00e9rdek\u00e9ben.<\/p>\n<p>Az ASUS, a sz\u00e1m\u00edt\u00e1stechnika megb\u00edzhat\u00f3 vezet\u0151 gy\u00e1rt\u00f3ja \u00e1ltal gy\u00e1rtott ASUS X552CL-SX353D LCD-k\u00e9perny\u0151 el\u0151lap \u2013 13NB03VBAP0101 megb\u00edzhat\u00f3 kijelz\u0151v\u00e9delmet \u00e9s vonz\u00f3 k\u00fcls\u0151t biztos\u00edt. A laptop k\u00fclsej\u00e9nek alapvet\u0151 elemek\u00e9nt ez az el\u0151lap kulcsfontoss\u00e1g\u00fa szerepet j\u00e1tszik mind az eszt\u00e9tikai megjelen\u00e9s, mind a kijelz\u0151 biztons\u00e1g\u00e1nak jav\u00edt\u00e1s\u00e1ban.<\/p>\n<p>Ak\u00e1r videokonferenci\u00e1kon vesz r\u00e9szt, filmeket n\u00e9z, ak\u00e1r kreat\u00edv projekteken dolgozik, ez a keret az \u00d6n \u00e1ltal keresett vizu\u00e1lis vonzer\u0151t \u00e9s v\u00e9delmet ny\u00fajtja. R\u00f6gz\u00edti \u00e9s keretezi laptopja kijelz\u0151j\u00e9t, jav\u00edtva a megtekint\u00e9si \u00e9lm\u00e9nyt, mik\u00f6zben egy csipetnyi eleganci\u00e1t ad a laptop diz\u00e1jnj\u00e1hoz.<\/p>\n<p>A telep\u00edt\u00e9s egyszer\u0171 a laptop eredeti alkatr\u00e9szeihez igazod\u00f3 kialak\u00edt\u00e1snak k\u00f6sz\u00f6nhet\u0151en. Az eredeti ASUS alkatr\u00e9szek kiv\u00e1laszt\u00e1s\u00e1val laptopja megjelen\u00e9s\u00e9nek \u00e9s kijelz\u0151v\u00e9delm\u00e9nek min\u0151s\u00e9g\u00e9be \u00e9s megb\u00edzhat\u00f3s\u00e1g\u00e1ba fektet be.<\/p>\n<p>Friss\u00edtse laptopja vizu\u00e1lis eszt\u00e9tik\u00e1j\u00e1t \u00e9s a kijelz\u0151 v\u00e9delm\u00e9t az ASUS X552CL-SX353D LCD-k\u00e9perny\u0151 el\u0151lapj\u00e1val \u2013 13NB03VBAP0101. \u00c9lvezze a tov\u00e1bbfejlesztett vizu\u00e1lis \u00e9lm\u00e9nyt, a jobb kijelz\u0151biztons\u00e1got \u00e9s a vonz\u00f3 k\u00fcls\u0151t X552CL-SX353D k\u00e9sz\u00fcl\u00e9k\u00e9n. N\u00f6velje sz\u00e1m\u00edt\u00e1stechnikai \u00e9lm\u00e9ny\u00e9t ezzel a megb\u00edzhat\u00f3 \u00e9s hat\u00e9kony LCD-k\u00e9perny\u0151 el\u0151lappal.<\/p>\n<p>V\u00e1s\u00e1rl\u00e1s el\u0151tt ellen\u0151rizze, hogy kompatibilis-e az adott laptopmodellj\u00e9vel.<\/p>\n","protected":false},"excerpt":{"rendered":"<p>Fokozza ASUS X552CL-SX353D laptopja vizu\u00e1lis vonzerej\u00e9t az ASUS X552CL-SX353D LCD k\u00e9perny\u0151 el\u0151lappal &#8211; 13NB03VBAP0101. \u00c9lvezze a vonz\u00f3 k\u00fcls\u0151t \u00e9s a jobb kijelz\u0151v\u00e9delmet.<\/p>\n","protected":false},"featured_media":3546,"template":"","meta":[],"product_brand":[],"product_cat":[16],"product_tag":[30],"class_list":{"0":"post-3509","1":"product","2":"type-product","3":"status-publish","4":"has-post-thumbnail","6":"product_cat-laptop-housing","7":"product_tag-asus","9":"first","10":"instock","11":"taxable","12":"shipping-taxable","13":"purchasable","14":"product-type-simple"},"_links":{"self":[{"href":"https:\/\/boreait.com\/hu\/wp-json\/wp\/v2\/product\/3509","targetHints":{"allow":["GET"]}}],"collection":[{"href":"https:\/\/boreait.com\/hu\/wp-json\/wp\/v2\/product"}],"about":[{"href":"https:\/\/boreait.com\/hu\/wp-json\/wp\/v2\/types\/product"}],"wp:featuredmedia":[{"embeddable":true,"href":"https:\/\/boreait.com\/hu\/wp-json\/wp\/v2\/media\/3546"}],"wp:attachment":[{"href":"https:\/\/boreait.com\/hu\/wp-json\/wp\/v2\/media?parent=3509"}],"wp:term":[{"taxonomy":"product_brand","embeddable":true,"href":"https:\/\/boreait.com\/hu\/wp-json\/wp\/v2\/product_brand?post=3509"},{"taxonomy":"product_cat","embeddable":true,"href":"https:\/\/boreait.com\/hu\/wp-json\/wp\/v2\/product_cat?post=3509"},{"taxonomy":"product_tag","embeddable":true,"href":"https:\/\/boreait.com\/hu\/wp-json\/wp\/v2\/product_tag?post=3509"}],"curies":[{"name":"wp","href":"https:\/\/api.w.org\/{rel}","templated":true}]}}