{"id":350,"date":"2025-09-17T09:24:54","date_gmt":"2025-09-17T07:24:54","guid":{"rendered":"https:\/\/boreait.com\/hu\/?post_type=product&#038;p=350"},"modified":"2025-09-17T09:26:44","modified_gmt":"2025-09-17T07:26:44","slug":"lenovo-thinkpad-t450-t460-hangszoro-ssb0d92908","status":"publish","type":"product","link":"https:\/\/boreait.com\/hu\/termek\/lenovo-thinkpad-t450-t460-hangszoro-ssb0d92908\/","title":{"rendered":"Lenovo ThinkPad T450 T460 hangsz\u00f3r\u00f3 SSB0D92908"},"content":{"rendered":"<div class=\"flex-1 overflow-hidden\">\n<div class=\"react-scroll-to-bottom--css-kaxad-79elbk h-full dark:bg-gray-800\">\n<div class=\"react-scroll-to-bottom--css-kaxad-1n7m0yu\">\n<div class=\"flex flex-col text-sm dark:bg-gray-800\">\n<div class=\"group w-full text-gray-800 dark:text-gray-100 border-b border-black\/10 dark:border-gray-900\/50 bg-gray-50 dark:bg-[#444654]\">\n<div class=\"flex p-4 gap-4 text-base md:gap-6 md:max-w-2xl lg:max-w-[38rem] xl:max-w-3xl md:py-6 lg:px-0 m-auto\">\n<div class=\"relat\u00edv flex w-[calc(100%-50px)] flex-col gap-1 md:gap-3 lg:w-[calc(100%-115px)]\">\n<div class=\"flex flex-grow flex-col gap-3\">\n<div class=\"min-h-[20px] flex flex-col items-start gap-4 whitespace-pre-wrap break-words\">\n<div class=\"markdown prose w-full break-words dark:prose-invert light\">\n<p>Az SSB0D92908 cikksz\u00e1m\u00fa Lenovo ThinkPad T450 T460 hangsz\u00f3r\u00f3 egy alapvet\u0151 \u00f6sszetev\u0151, amelyet kifejezetten a Lenovo ThinkPad T450 \u00e9s T460 laptopmodellekhez terveztek. Ezt a kiv\u00e1l\u00f3 min\u0151s\u00e9g\u0171 hangsz\u00f3r\u00f3-szerelv\u00e9nyt \u00fagy tervezt\u00e9k, hogy kiv\u00e9teles hangteljes\u00edtm\u00e9nyt ny\u00fajtson, \u00e9s mag\u00e1val ragad\u00f3 \u00e9s \u00e9lvezetes multim\u00e9di\u00e1s \u00e9lm\u00e9nyt biztos\u00edtson a felhaszn\u00e1l\u00f3 sz\u00e1m\u00e1ra.<\/p>\n<p>A hangsz\u00f3r\u00f3egys\u00e9g felel\u0151s a tiszta \u00e9s \u00e9l\u00e9nk hangkimenet\u00e9rt, lehet\u0151v\u00e9 t\u00e9ve, hogy kedvenc zen\u00e9it, filmjeit \u00e9s videoh\u00edv\u00e1sait \u00e9les \u00e9s gazdag hangmin\u0151s\u00e9gben \u00e9lvezhesse. Prec\u00edz diz\u00e1jnj\u00e1val \u00e9s fejlett technol\u00f3gi\u00e1j\u00e1val ez a hangsug\u00e1rz\u00f3-szerelv\u00e9ny pontos hangvisszaad\u00e1st biztos\u00edt sz\u00e9les frekvenciatartom\u00e1nyban, lehet\u0151v\u00e9 t\u00e9ve az audiotartalom minden r\u00e9szlet\u00e9t.<\/p>\n<p>A laptop h\u00e1z\u00e1ba z\u00f6kken\u0151mentesen illeszked\u0151 Lenovo ThinkPad T450 T460 hangsz\u00f3r\u00f3egys\u00e9g egyszer\u0171en telep\u00edthet\u0151, nem ig\u00e9nyel m\u0171szaki szak\u00e9rtelmet. Tartalmazza a sz\u00fcks\u00e9ges r\u00f6gz\u00edt\u0151konzolokat \u00e9s csatlakoz\u00f3kat, amelyek lehet\u0151v\u00e9 teszik a probl\u00e9mamentes telep\u00edt\u00e9si folyamatot. Ez biztos\u00edtja, hogy m\u00e9g a kezd\u0151 felhaszn\u00e1l\u00f3k is minden neh\u00e9zs\u00e9g n\u00e9lk\u00fcl kicser\u00e9lhess\u00e9k a hangsz\u00f3r\u00f3 szerelv\u00e9nyt.<\/p>\n<p>A Lenovo a min\u0151s\u00e9g \u00e9s a tart\u00f3ss\u00e1g ir\u00e1nti elk\u00f6telezetts\u00e9g\u00e9r\u0151l h\u00edres, \u00e9s ez a hangsug\u00e1rz\u00f3szerelv\u00e9ny sem kiv\u00e9tel. Robusztus anyagokb\u00f3l k\u00e9sz\u00fclt, ellen\u00e1ll a napi haszn\u00e1latnak \u00e9s hossz\u00fa \u00e9lettartamot biztos\u00edt. B\u00edzhat ebben a hangsz\u00f3r\u00f3-szerelv\u00e9nyben, amely megb\u00edzhat\u00f3 hangteljes\u00edtm\u00e9nyt biztos\u00edt laptopja teljes \u00e9lettartama alatt, jav\u00edtva ezzel az \u00e1ltal\u00e1nos sz\u00e1m\u00edt\u00e1stechnikai \u00e9lm\u00e9nyt.<\/p>\n<p>Ak\u00e1r h\u00e9tk\u00f6znapi felhaszn\u00e1l\u00f3, aki \u00e9lvezi a multim\u00e9di\u00e1s sz\u00f3rakoz\u00e1st, ak\u00e1r profi, aki a krist\u00e1lytiszta hangra t\u00e1maszkodik az \u00e9rtekezletek \u00e9s prezent\u00e1ci\u00f3k sor\u00e1n, a Lenovo ThinkPad T450 T460 hangsz\u00f3r\u00f3egys\u00e9g n\u00e9lk\u00fcl\u00f6zhetetlen tartoz\u00e9k. Magas szint\u0171 hangh\u0171s\u00e9get garant\u00e1l, \u00edgy teljes m\u00e9rt\u00e9kben \u00e9lvezheti multim\u00e9di\u00e1s tartalmait, \u00e9s hat\u00e9konyan kommunik\u00e1lhat k\u00fcl\u00f6nf\u00e9le be\u00e1ll\u00edt\u00e1sok k\u00f6z\u00f6tt.<\/p>\n<\/div>\n<\/div>\n<\/div>\n<\/div>\n<\/div>\n<\/div>\n<\/div>\n<\/div>\n<\/div>\n<\/div>\n","protected":false},"excerpt":{"rendered":"<p>N\u00f6velje Lenovo ThinkPad T450\/T460 laptopja hangteljes\u00edtm\u00e9ny\u00e9t az SSB0D92908 hangsz\u00f3r\u00f3-egys\u00e9ggel. Kiv\u00e9teles hangmin\u0151s\u00e9get biztos\u00edt, \u00e9s k\u00f6nnyen telep\u00edthet\u0151. Tapasztalja meg a mag\u00e1val ragad\u00f3 hangz\u00e1st a multim\u00e9di\u00e1s sz\u00f3rakoztat\u00e1shoz \u00e9s a professzion\u00e1lis kommunik\u00e1ci\u00f3hoz.<\/p>\n","protected":false},"featured_media":412,"template":"","meta":[],"product_brand":[],"product_cat":[18],"product_tag":[26],"class_list":{"0":"post-350","1":"product","2":"type-product","3":"status-publish","4":"has-post-thumbnail","6":"product_cat-laptop-speakers","7":"product_tag-lenovo","9":"first","10":"instock","11":"taxable","12":"shipping-taxable","13":"purchasable","14":"product-type-simple"},"_links":{"self":[{"href":"https:\/\/boreait.com\/hu\/wp-json\/wp\/v2\/product\/350","targetHints":{"allow":["GET"]}}],"collection":[{"href":"https:\/\/boreait.com\/hu\/wp-json\/wp\/v2\/product"}],"about":[{"href":"https:\/\/boreait.com\/hu\/wp-json\/wp\/v2\/types\/product"}],"wp:featuredmedia":[{"embeddable":true,"href":"https:\/\/boreait.com\/hu\/wp-json\/wp\/v2\/media\/412"}],"wp:attachment":[{"href":"https:\/\/boreait.com\/hu\/wp-json\/wp\/v2\/media?parent=350"}],"wp:term":[{"taxonomy":"product_brand","embeddable":true,"href":"https:\/\/boreait.com\/hu\/wp-json\/wp\/v2\/product_brand?post=350"},{"taxonomy":"product_cat","embeddable":true,"href":"https:\/\/boreait.com\/hu\/wp-json\/wp\/v2\/product_cat?post=350"},{"taxonomy":"product_tag","embeddable":true,"href":"https:\/\/boreait.com\/hu\/wp-json\/wp\/v2\/product_tag?post=350"}],"curies":[{"name":"wp","href":"https:\/\/api.w.org\/{rel}","templated":true}]}}