{"id":349,"date":"2025-09-17T09:24:54","date_gmt":"2025-09-17T07:24:54","guid":{"rendered":"https:\/\/boreait.com\/hu\/?post_type=product&#038;p=349"},"modified":"2025-09-17T09:26:44","modified_gmt":"2025-09-17T07:26:44","slug":"eredeti-lenovo-also-alapburkolat-szerelveny-thinkpad-t440s-t450s-hez-scb0h33204","status":"publish","type":"product","link":"https:\/\/boreait.com\/hu\/termek\/eredeti-lenovo-also-alapburkolat-szerelveny-thinkpad-t440s-t450s-hez-scb0h33204\/","title":{"rendered":"Eredeti Lenovo als\u00f3 alapburkolat szerelv\u00e9ny ThinkPad T440s T450s-hez &#8211; SCB0H33204"},"content":{"rendered":"<p>A Genuine Lenovo Bottom Base Cover Assembly kifejezetten a ThinkPad T440s \u00e9s T450s modellekhez k\u00e9sz\u00fclt, megb\u00edzhat\u00f3 \u00e9s tart\u00f3s megold\u00e1st ny\u00fajtva laptopja als\u00f3 alapburkolat\u00e1hoz. A precizit\u00e1s \u00e9s a min\u0151s\u00e9g szem el\u0151tt tart\u00e1s\u00e1val k\u00e9sz\u00fclt \u00f6ssze\u00e1ll\u00edt\u00e1s t\u00f6k\u00e9letes illeszked\u00e9st k\u00edn\u00e1l, \u00e9s z\u00f6kken\u0151mentesen integr\u00e1lhat\u00f3 a k\u00e9sz\u00fcl\u00e9kbe.<\/p>\n<p>Kiv\u00e1l\u00f3 min\u0151s\u00e9g\u0171 anyagokb\u00f3l k\u00e9sz\u00fclt, ez az als\u00f3 alapburkolat hosszan tart\u00f3 teljes\u00edtm\u00e9nyt \u00e9s fokozott v\u00e9delmet biztos\u00edt a ThinkPad sz\u00e1m\u00e1ra. Hat\u00e9konyan v\u00e9di a bels\u0151 alkatr\u00e9szeket a port\u00f3l, t\u00f6rmel\u00e9kt\u0151l \u00e9s a v\u00e9letlen \u00fct\u00e9sekt\u0151l, meg\u00f3vva laptopja \u00e9ps\u00e9g\u00e9t. Eleg\u00e1ns \u00e9s professzion\u00e1lis kialak\u00edt\u00e1s\u00e1val meg\u0151rzi k\u00e9sz\u00fcl\u00e9ke eszt\u00e9tikai megjelen\u00e9s\u00e9t, mik\u00f6zben alapvet\u0151 szerkezeti t\u00e1mogat\u00e1st ny\u00fajt.<\/p>\n<p>A Lenovo Bottom Base Cover Assembly k\u00f6nnyen felszerelhet\u0151, lehet\u0151v\u00e9 t\u00e9ve, hogy gond n\u00e9lk\u00fcl, gond n\u00e9lk\u00fcl cser\u00e9lje ki megl\u00e9v\u0151 burkolat\u00e1t. Minden sz\u00fcks\u00e9ges komponenssel \u00e9s csatlakoz\u00f3val fel van szerelve, biztos\u00edtva a z\u00f6kken\u0151mentes \u00e9s probl\u00e9mamentes telep\u00edt\u00e9si folyamatot. Legyen sz\u00f3 ak\u00e1r \u00fatk\u00f6zben j\u00e1r\u00f3 profir\u00f3l, ak\u00e1r fontos projekteken dolgoz\u00f3 di\u00e1kr\u00f3l, ez az als\u00f3 alapburkolat-szerelv\u00e9ny n\u00e9lk\u00fcl\u00f6zhetetlen tartoz\u00e9k a ThinkPad T440s vagy T450s funkcionalit\u00e1s\u00e1nak \u00e9s megjelen\u00e9s\u00e9nek meg\u0151rz\u00e9s\u00e9hez.<\/p>\n","protected":false},"excerpt":{"rendered":"<p>Az Eredeti Lenovo Bottom Base Cover Assembly egy megb\u00edzhat\u00f3 \u00e9s tart\u00f3s megold\u00e1s, amelyet kifejezetten a ThinkPad T440s \u00e9s T450s modellekhez terveztek. T\u00f6k\u00e9letes illeszked\u00e9st, kiv\u00e1l\u00f3 v\u00e9delmet \u00e9s egyszer\u0171 telep\u00edt\u00e9st k\u00edn\u00e1l, biztos\u00edtva, hogy laptopja kiv\u00e1l\u00f3 \u00e1llapotban maradjon. Friss\u00edtse ThinkPad alapburkolat\u00e1t ezzel a karcs\u00fa \u00e9s professzion\u00e1lis \u00f6ssze\u00e1ll\u00edt\u00e1ssal a nagyobb teljes\u00edtm\u00e9ny \u00e9s eszt\u00e9tika \u00e9rdek\u00e9ben.<\/p>\n","protected":false},"featured_media":410,"template":"","meta":[],"product_brand":[],"product_cat":[16],"product_tag":[26],"class_list":{"0":"post-349","1":"product","2":"type-product","3":"status-publish","4":"has-post-thumbnail","6":"product_cat-laptop-housing","7":"product_tag-lenovo","9":"first","10":"instock","11":"taxable","12":"shipping-taxable","13":"purchasable","14":"product-type-simple"},"_links":{"self":[{"href":"https:\/\/boreait.com\/hu\/wp-json\/wp\/v2\/product\/349","targetHints":{"allow":["GET"]}}],"collection":[{"href":"https:\/\/boreait.com\/hu\/wp-json\/wp\/v2\/product"}],"about":[{"href":"https:\/\/boreait.com\/hu\/wp-json\/wp\/v2\/types\/product"}],"wp:featuredmedia":[{"embeddable":true,"href":"https:\/\/boreait.com\/hu\/wp-json\/wp\/v2\/media\/410"}],"wp:attachment":[{"href":"https:\/\/boreait.com\/hu\/wp-json\/wp\/v2\/media?parent=349"}],"wp:term":[{"taxonomy":"product_brand","embeddable":true,"href":"https:\/\/boreait.com\/hu\/wp-json\/wp\/v2\/product_brand?post=349"},{"taxonomy":"product_cat","embeddable":true,"href":"https:\/\/boreait.com\/hu\/wp-json\/wp\/v2\/product_cat?post=349"},{"taxonomy":"product_tag","embeddable":true,"href":"https:\/\/boreait.com\/hu\/wp-json\/wp\/v2\/product_tag?post=349"}],"curies":[{"name":"wp","href":"https:\/\/api.w.org\/{rel}","templated":true}]}}