{"id":3487,"date":"2025-09-17T10:42:37","date_gmt":"2025-09-17T08:42:37","guid":{"rendered":"https:\/\/boreait.com\/hu\/?post_type=product&#038;p=3487"},"modified":"2025-09-17T10:43:20","modified_gmt":"2025-09-17T08:43:20","slug":"762520-001-fby14005010-fby14008010-oem-hp-szant-keszlet-nagy-15-p151ng","status":"publish","type":"product","link":"https:\/\/boreait.com\/hu\/termek\/762520-001-fby14005010-fby14008010-oem-hp-szant-keszlet-nagy-15-p151ng\/","title":{"rendered":"762520-001 FBY14005010 FBY14008010 OEM HP SZ\u00c1NT K\u00c9SZLET NAGY 15-P151NG"},"content":{"rendered":"<p>N\u00f6velje HP 15-P151NG laptopja stabilit\u00e1s\u00e1t \u00e9s funkcionalit\u00e1s\u00e1t a 762520-001 FBY14005010 FBY14008010 OEM HP csukl\u00f3k\u00e9szlettel. A laptop zsan\u00e9rmechanizmus\u00e1nak optimaliz\u00e1l\u00e1s\u00e1ra tervezett eredeti OEM zsan\u00e9rk\u00e9szlet z\u00f6kken\u0151mentes integr\u00e1ci\u00f3t \u00e9s nagyobb tart\u00f3ss\u00e1got biztos\u00edt a jobb sz\u00e1m\u00edt\u00e1stechnikai \u00e9lm\u00e9ny \u00e9rdek\u00e9ben.<\/p>\n<p>A HP, a sz\u00e1m\u00edt\u00e1stechnika megb\u00edzhat\u00f3 vezet\u0151 gy\u00e1rt\u00f3ja \u00e1ltal gy\u00e1rtott 762520-001 FBY14005010 FBY14008010 OEM HP Hinge Kit Large megb\u00edzhat\u00f3 csukl\u00f3funkci\u00f3t biztos\u00edt. A laptop fel\u00e9p\u00edt\u00e9s\u00e9nek alapvet\u0151 elemek\u00e9nt ez a zsan\u00e9rk\u00e9szlet kulcsfontoss\u00e1g\u00fa szerepet j\u00e1tszik az eszk\u00f6z szerkezeti integrit\u00e1s\u00e1nak meg\u0151rz\u00e9s\u00e9ben.<\/p>\n<p>Ak\u00e1r kinyitja, ak\u00e1r becsukja a laptop fedel\u00e9t, ez a zsan\u00e9rk\u00e9szlet biztos\u00edtja a k\u00edv\u00e1nt stabilit\u00e1st \u00e9s egyenletes mozg\u00e1st. A prec\u00edz tervez\u00e9s biztos\u00edtja a megfelel\u0151 be\u00e1ll\u00edt\u00e1st, cs\u00f6kkentve az ingadoz\u00e1s vagy az egyenetlen mozg\u00e1s kock\u00e1zat\u00e1t. Ez k\u00fcl\u00f6n\u00f6sen fontos a nagyobb laptopmodellek, p\u00e9ld\u00e1ul a HP 15-P151NG eset\u00e9ben.<\/p>\n<p>A telep\u00edt\u00e9s egyszer\u0171 az OEM-kialak\u00edt\u00e1snak k\u00f6sz\u00f6nhet\u0151en, amely illeszkedik a laptop eredeti alkatr\u00e9szeihez. Az eredeti HP alkatr\u00e9szek kiv\u00e1laszt\u00e1s\u00e1val laptopja zsan\u00e9rmechanizmus\u00e1nak min\u0151s\u00e9g\u00e9be \u00e9s megb\u00edzhat\u00f3s\u00e1g\u00e1ba fektet be.<\/p>\n<p>Friss\u00edtse laptopja zsan\u00e9rmechanizmus\u00e1t a 762520-001 FBY14005010 FBY14008010 OEM HP csukl\u00f3k\u00e9szlettel. \u00c9lvezze a HP 15-P151NG jobb stabilit\u00e1s\u00e1t, sim\u00e1bb mozg\u00e1s\u00e1t \u00e9s megn\u00f6velt tart\u00f3ss\u00e1g\u00e1t. N\u00f6velje sz\u00e1m\u00edt\u00e1stechnikai \u00e9lm\u00e9ny\u00e9t ezzel a megb\u00edzhat\u00f3 \u00e9s hat\u00e9kony zsan\u00e9rk\u00e9szlettel.<\/p>\n<p>V\u00e1s\u00e1rl\u00e1s el\u0151tt ellen\u0151rizze, hogy kompatibilis-e az adott laptopmodellj\u00e9vel.<\/p>\n","protected":false},"excerpt":{"rendered":"<p>N\u00f6velje HP 15-P151NG laptopja stabilit\u00e1s\u00e1t \u00e9s tart\u00f3ss\u00e1g\u00e1t a 762520-001 FBY14005010 FBY14008010 OEM HP csukl\u00f3k\u00e9szlettel. \u00c9lvezze a sim\u00e1bb mozg\u00e1st \u00e9s a jobb csukl\u00f3funkci\u00f3kat.<\/p>\n","protected":false},"featured_media":3525,"template":"","meta":[],"product_brand":[],"product_cat":[19],"product_tag":[25],"class_list":{"0":"post-3487","1":"product","2":"type-product","3":"status-publish","4":"has-post-thumbnail","6":"product_cat-screen-hinge","7":"product_tag-hp","9":"first","10":"instock","11":"taxable","12":"shipping-taxable","13":"purchasable","14":"product-type-simple"},"_links":{"self":[{"href":"https:\/\/boreait.com\/hu\/wp-json\/wp\/v2\/product\/3487","targetHints":{"allow":["GET"]}}],"collection":[{"href":"https:\/\/boreait.com\/hu\/wp-json\/wp\/v2\/product"}],"about":[{"href":"https:\/\/boreait.com\/hu\/wp-json\/wp\/v2\/types\/product"}],"wp:featuredmedia":[{"embeddable":true,"href":"https:\/\/boreait.com\/hu\/wp-json\/wp\/v2\/media\/3525"}],"wp:attachment":[{"href":"https:\/\/boreait.com\/hu\/wp-json\/wp\/v2\/media?parent=3487"}],"wp:term":[{"taxonomy":"product_brand","embeddable":true,"href":"https:\/\/boreait.com\/hu\/wp-json\/wp\/v2\/product_brand?post=3487"},{"taxonomy":"product_cat","embeddable":true,"href":"https:\/\/boreait.com\/hu\/wp-json\/wp\/v2\/product_cat?post=3487"},{"taxonomy":"product_tag","embeddable":true,"href":"https:\/\/boreait.com\/hu\/wp-json\/wp\/v2\/product_tag?post=3487"}],"curies":[{"name":"wp","href":"https:\/\/api.w.org\/{rel}","templated":true}]}}