{"id":3485,"date":"2025-09-17T10:42:37","date_gmt":"2025-09-17T08:42:37","guid":{"rendered":"https:\/\/boreait.com\/hu\/?post_type=product&#038;p=3485"},"modified":"2025-09-17T10:43:17","modified_gmt":"2025-09-17T08:43:17","slug":"pv902512pspf-92x25mm-12v-4pin-pwm-cpu-435452-001","status":"publish","type":"product","link":"https:\/\/boreait.com\/hu\/termek\/pv902512pspf-92x25mm-12v-4pin-pwm-cpu-435452-001\/","title":{"rendered":"PV902512PSPF 92x25mm 12V 4Pin PWM CPU 435452-001"},"content":{"rendered":"<p>Friss\u00edtse sz\u00e1m\u00edt\u00f3g\u00e9pe h\u0171t\u0151rendszer\u00e9t a PV902512PSPF 92&#215;25 mm-es 12V 4 Pin PWM CPU ventil\u00e1torral. A CPU h\u0171t\u00e9si teljes\u00edtm\u00e9ny\u00e9nek optimaliz\u00e1l\u00e1s\u00e1ra k\u00e9sz\u00fclt, ez a kiv\u00e1l\u00f3 min\u0151s\u00e9g\u0171 ventil\u00e1tor hat\u00e9kony h\u0151elvezet\u00e9st \u00e9s jobb rendszerstabilit\u00e1st biztos\u00edt a jobb sz\u00e1m\u00edt\u00e1stechnikai \u00e9lm\u00e9ny \u00e9rdek\u00e9ben.<\/p>\n<p>A 92&#215;25 mm-es m\u00e9ret\u0171 PV902512PSPF ventil\u00e1tort \u00fagy tervezt\u00e9k, hogy k\u00fcl\u00f6nf\u00e9le sz\u00e1m\u00edt\u00f3g\u00e9ph\u00e1zakhoz \u00e9s konfigur\u00e1ci\u00f3khoz illeszkedjen. A pontoss\u00e1g \u00e9s a tart\u00f3ss\u00e1g szem el\u0151tt tart\u00e1s\u00e1val gy\u00e1rtott ventil\u00e1tort \u00fagy tervezt\u00e9k, hogy kord\u00e1ban tartsa a CPU h\u0151m\u00e9rs\u00e9klet\u00e9t, cs\u00f6kkentve a t\u00falmeleged\u00e9s kock\u00e1zat\u00e1t \u00e9s optim\u00e1lis teljes\u00edtm\u00e9nyt biztos\u00edtson.<\/p>\n<p>A 4 Pin PWM (Pulse Width Modulation) kialak\u00edt\u00e1s lehet\u0151v\u00e9 teszi a ventil\u00e1tor sebess\u00e9g\u00e9nek dinamikus szab\u00e1lyoz\u00e1s\u00e1t, a CPU h\u0151m\u00e9rs\u00e9kleti ig\u00e9nyeinek megfelel\u0151en \u00e1ll\u00edtva azt. Ez a funkci\u00f3 nemcsak stabil \u00fczemi h\u0151m\u00e9rs\u00e9kletet tart fenn, hanem seg\u00edt cs\u00f6kkenteni a sz\u00fcks\u00e9gtelen zajt is az\u00e1ltal, hogy alacsonyabb sebess\u00e9ggel m\u0171k\u00f6dik, amikor a rendszer nincs nagy terhel\u00e9s alatt.<\/p>\n<p>A beszerel\u00e9s egyszer\u0171, k\u00f6sz\u00f6nhet\u0151en a ventil\u00e1tor szabv\u00e1nyos r\u00f6gz\u00edt\u00e9si pontokkal val\u00f3 kompatibilit\u00e1s\u00e1nak \u00e9s a 12 V-os t\u00e1pegys\u00e9gnek. Egyszer\u0171en csatlakoztassa a ventil\u00e1tort az alaplap 4 Pin PWM fejl\u00e9c\u00e9hez, \u00e9s m\u00e1ris megtapasztalhatja a jobb h\u0171t\u00e9si teljes\u00edtm\u00e9nyt.<\/p>\n<p>Friss\u00edtse sz\u00e1m\u00edt\u00f3g\u00e9pe h\u0171t\u0151rendszer\u00e9t a PV902512PSPF 92&#215;25 mm-es 12V 4 Pin PWM CPU ventil\u00e1torral. Tartsa ellen\u0151rz\u00e9s alatt CPU h\u0151m\u00e9rs\u00e9klet\u00e9t, cs\u00f6kkentse a zajszintet, \u00e9s biztos\u00edtson stabil sz\u00e1m\u00edt\u00e1si k\u00f6rnyezetet ezzel a megb\u00edzhat\u00f3 \u00e9s hat\u00e9kony h\u0171t\u00e9si megold\u00e1ssal.<\/p>\n<p>V\u00e1s\u00e1rl\u00e1s el\u0151tt ellen\u0151rizze, hogy kompatibilis-e az adott sz\u00e1m\u00edt\u00f3g\u00e9pmodellj\u00e9vel.<\/p>\n","protected":false},"excerpt":{"rendered":"<p>N\u00f6velje CPU h\u0171t\u00e9si teljes\u00edtm\u00e9ny\u00e9t a PV902512PSPF 92x25mm 12V 4Pin PWM CPU ventil\u00e1torral. Tartsa fenn a stabil h\u0151m\u00e9rs\u00e9kletet \u00e9s cs\u00f6kkentse a zajt az optim\u00e1lis sz\u00e1m\u00edt\u00e1stechnika \u00e9rdek\u00e9ben.<\/p>\n","protected":false},"featured_media":3523,"template":"","meta":[],"product_brand":[],"product_cat":[33],"product_tag":[25],"class_list":{"0":"post-3485","1":"product","2":"type-product","3":"status-publish","4":"has-post-thumbnail","6":"product_cat-cpu-fans-heatsinks","7":"product_tag-hp","9":"first","10":"instock","11":"taxable","12":"shipping-taxable","13":"purchasable","14":"product-type-simple"},"_links":{"self":[{"href":"https:\/\/boreait.com\/hu\/wp-json\/wp\/v2\/product\/3485","targetHints":{"allow":["GET"]}}],"collection":[{"href":"https:\/\/boreait.com\/hu\/wp-json\/wp\/v2\/product"}],"about":[{"href":"https:\/\/boreait.com\/hu\/wp-json\/wp\/v2\/types\/product"}],"wp:featuredmedia":[{"embeddable":true,"href":"https:\/\/boreait.com\/hu\/wp-json\/wp\/v2\/media\/3523"}],"wp:attachment":[{"href":"https:\/\/boreait.com\/hu\/wp-json\/wp\/v2\/media?parent=3485"}],"wp:term":[{"taxonomy":"product_brand","embeddable":true,"href":"https:\/\/boreait.com\/hu\/wp-json\/wp\/v2\/product_brand?post=3485"},{"taxonomy":"product_cat","embeddable":true,"href":"https:\/\/boreait.com\/hu\/wp-json\/wp\/v2\/product_cat?post=3485"},{"taxonomy":"product_tag","embeddable":true,"href":"https:\/\/boreait.com\/hu\/wp-json\/wp\/v2\/product_tag?post=3485"}],"curies":[{"name":"wp","href":"https:\/\/api.w.org\/{rel}","templated":true}]}}