{"id":3484,"date":"2025-09-17T10:42:37","date_gmt":"2025-09-17T08:42:37","guid":{"rendered":"https:\/\/boreait.com\/hu\/?post_type=product&#038;p=3484"},"modified":"2026-03-13T16:50:00","modified_gmt":"2026-03-13T15:50:00","slug":"hp-pro-6000-elite-8000-sff-alaplap-4-tus-3x-sata-kabellel-577494-001","status":"publish","type":"product","link":"https:\/\/boreait.com\/hu\/termek\/hp-pro-6000-elite-8000-sff-alaplap-4-tus-3x-sata-kabellel-577494-001\/","title":{"rendered":"HP Pro 6000, Elite 8000 SFF alaplap 4 t\u0171s 3x SATA k\u00e1bellel 577494-001"},"content":{"rendered":"<p>B\u0151v\u00edtse HP Pro 6000 \u00e9s Elite 8000 SFF asztali sz\u00e1m\u00edt\u00f3g\u00e9p\u00e9nek t\u00e1rol\u00e1si k\u00e9pess\u00e9geit a HP Pro 6000, Elite 8000 SFF alaplap 4 t\u0171s alaplapj\u00e1val 3 db 577494-001 sz\u00e1m\u00fa SATA k\u00e1belre. Az asztali sz\u00e1m\u00edt\u00f3g\u00e9p t\u00e1rhelyb\u0151v\u00edt\u00e9s\u00e9nek optimaliz\u00e1l\u00e1s\u00e1ra k\u00e9sz\u00fclt, eredeti k\u00e1bel z\u00f6kken\u0151mentes integr\u00e1ci\u00f3t \u00e9s tov\u00e1bbfejlesztett t\u00e1rol\u00e1si funkcionalit\u00e1st biztos\u00edt a jobb sz\u00e1m\u00edt\u00e1stechnikai \u00e9lm\u00e9ny \u00e9rdek\u00e9ben.<\/p>\n<p>A HP, a sz\u00e1m\u00edt\u00e1stechnika egyik megb\u00edzhat\u00f3 vezet\u0151 gy\u00e1rt\u00f3ja, a HP Pro 6000, Elite 8000 SFF alaplap 4 \u00e9rintkez\u0151s 577494-001 SATA-k\u00e1bellel megb\u00edzhat\u00f3 csatlakoz\u00e1st \u00e9s b\u0151v\u00edtett t\u00e1rol\u00e1si lehet\u0151s\u00e9geket biztos\u00edt. Az asztali sz\u00e1m\u00edt\u00f3g\u00e9p bels\u0151 rendszereinek alapvet\u0151 elemek\u00e9nt ez a k\u00e1bel kulcsfontoss\u00e1g\u00fa szerepet j\u00e1tszik a t\u00e1rol\u00e1si lehet\u0151s\u00e9gek b\u0151v\u00edt\u00e9s\u00e9ben.<\/p>\n<p>Ak\u00e1r tov\u00e1bbi SATA-meghajt\u00f3kat kell hozz\u00e1adnia, ak\u00e1r b\u0151v\u00edtenie kell a t\u00e1rol\u00f3kapacit\u00e1st, ez a k\u00e1bel biztos\u00edtja a k\u00edv\u00e1nt k\u00e9nyelmet \u00e9s hat\u00e9konys\u00e1got. A 4 t\u0171s \u00e9s 3x SATA konfigur\u00e1ci\u00f3 lehet\u0151v\u00e9 teszi t\u00f6bb SATA meghajt\u00f3 csatlakoztat\u00e1s\u00e1t az alaplaphoz, \u00edgy t\u00f6bb adatot \u00e9s alkalmaz\u00e1st t\u00e1rolhat.<\/p>\n<p>A telep\u00edt\u00e9s egyszer\u0171 az asztali sz\u00e1m\u00edt\u00f3g\u00e9p eredeti \u00f6sszetev\u0151ihez igazod\u00f3 kialak\u00edt\u00e1snak k\u00f6sz\u00f6nhet\u0151en. Az eredeti HP alkatr\u00e9szek kiv\u00e1laszt\u00e1s\u00e1val az asztali sz\u00e1m\u00edt\u00f3g\u00e9p t\u00e1rhelyb\u0151v\u00edt\u00e9s\u00e9nek min\u0151s\u00e9g\u00e9be \u00e9s megb\u00edzhat\u00f3s\u00e1g\u00e1ba fektet be.<\/p>\n<p>B\u0151v\u00edtse asztali sz\u00e1m\u00edt\u00f3g\u00e9pe t\u00e1rol\u00e1si k\u00e9pess\u00e9geit a HP Pro 6000, Elite 8000 SFF alaplap 4 t\u0171s 3x SATA k\u00e1bellel 577494-001. \u00c9lvezze a b\u0151v\u00edtett t\u00e1rol\u00e1si lehet\u0151s\u00e9geket, a sokoldal\u00fa adatkezel\u00e9st \u00e9s a tov\u00e1bbfejlesztett t\u00e1rol\u00e1si funkci\u00f3kat Pro 6000 \u00e9s Elite 8000 SFF asztali sz\u00e1m\u00edt\u00f3g\u00e9p\u00e9n. N\u00f6velje sz\u00e1m\u00edt\u00e1stechnikai \u00e9lm\u00e9ny\u00e9t ezzel a megb\u00edzhat\u00f3 \u00e9s hat\u00e9kony k\u00e1bellel.<\/p>\n<p>V\u00e1s\u00e1rl\u00e1s el\u0151tt ellen\u0151rizze, hogy kompatibilis-e az adott asztali modellj\u00e9vel.<\/p>\n","protected":false},"excerpt":{"rendered":"<p>B\u0151v\u00edtse a t\u00e1rhely b\u0151v\u00edt\u00e9s\u00e9t HP Pro 6000 \u00e9s Elite 8000 SFF asztali sz\u00e1m\u00edt\u00f3g\u00e9p\u00e9n a HP Pro 6000, Elite 8000 SFF alaplap 4 t\u0171s \u00e9s 3 x 577494-001 sz\u00e1m\u00fa SATA k\u00e1bellel. \u00c9lvezze a megn\u00f6velt t\u00e1rol\u00f3kapacit\u00e1st \u00e9s a sokoldal\u00fa adatkezel\u00e9st.<\/p>\n","protected":false},"featured_media":3522,"template":"","meta":[],"product_brand":[],"product_cat":[20],"product_tag":[25],"class_list":{"0":"post-3484","1":"product","2":"type-product","3":"status-publish","4":"has-post-thumbnail","6":"product_cat-cables","7":"product_tag-hp","9":"first","10":"instock","11":"taxable","12":"shipping-taxable","13":"purchasable","14":"product-type-simple"},"_links":{"self":[{"href":"https:\/\/boreait.com\/hu\/wp-json\/wp\/v2\/product\/3484","targetHints":{"allow":["GET"]}}],"collection":[{"href":"https:\/\/boreait.com\/hu\/wp-json\/wp\/v2\/product"}],"about":[{"href":"https:\/\/boreait.com\/hu\/wp-json\/wp\/v2\/types\/product"}],"wp:featuredmedia":[{"embeddable":true,"href":"https:\/\/boreait.com\/hu\/wp-json\/wp\/v2\/media\/3522"}],"wp:attachment":[{"href":"https:\/\/boreait.com\/hu\/wp-json\/wp\/v2\/media?parent=3484"}],"wp:term":[{"taxonomy":"product_brand","embeddable":true,"href":"https:\/\/boreait.com\/hu\/wp-json\/wp\/v2\/product_brand?post=3484"},{"taxonomy":"product_cat","embeddable":true,"href":"https:\/\/boreait.com\/hu\/wp-json\/wp\/v2\/product_cat?post=3484"},{"taxonomy":"product_tag","embeddable":true,"href":"https:\/\/boreait.com\/hu\/wp-json\/wp\/v2\/product_tag?post=3484"}],"curies":[{"name":"wp","href":"https:\/\/api.w.org\/{rel}","templated":true}]}}