{"id":3483,"date":"2025-09-17T10:42:36","date_gmt":"2025-09-17T08:42:36","guid":{"rendered":"https:\/\/boreait.com\/hu\/?post_type=product&#038;p=3483"},"modified":"2025-09-17T10:43:14","modified_gmt":"2025-09-17T08:43:14","slug":"hp-compaq-6000-pro-sff-elulso-usb-audio-es-tapegyseg-510974-001","status":"publish","type":"product","link":"https:\/\/boreait.com\/hu\/termek\/hp-compaq-6000-pro-sff-elulso-usb-audio-es-tapegyseg-510974-001\/","title":{"rendered":"HP Compaq 6000 Pro SFF el\u00fcls\u0151 USB audio \u00e9s t\u00e1pegys\u00e9g 510974-001"},"content":{"rendered":"<p>N\u00f6velje HP Compaq 6000 Pro Small Form Factor (SFF) asztali sz\u00e1m\u00edt\u00f3g\u00e9p\u00e9nek funkcionalit\u00e1s\u00e1t \u00e9s k\u00e9nyelm\u00e9t a HP Compaq 6000 Pro SFF el\u00fcls\u0151 USB audio- \u00e9s t\u00e1pegys\u00e9g 510974-001. Az asztali sz\u00e1m\u00edt\u00f3g\u00e9p el\u0151lapi csatlakoztathat\u00f3s\u00e1g\u00e1nak optimaliz\u00e1l\u00e1s\u00e1ra tervezett eredeti k\u00e1rtya z\u00f6kken\u0151mentes integr\u00e1ci\u00f3t \u00e9s jobb haszn\u00e1lhat\u00f3s\u00e1got k\u00edn\u00e1l a jobb sz\u00e1m\u00edt\u00e1stechnikai \u00e9lm\u00e9ny \u00e9rdek\u00e9ben.<\/p>\n<p>A HP, a sz\u00e1m\u00edt\u00e1stechnika megb\u00edzhat\u00f3 vezet\u0151 gy\u00e1rt\u00f3ja \u00e1ltal gy\u00e1rtott HP Compaq 6000 Pro SFF el\u00fcls\u0151 USB audio- \u00e9s t\u00e1pegys\u00e9g 510974-001 \u00fagy lett kialak\u00edtva, hogy megb\u00edzhat\u00f3 el\u0151lapi csatlakoz\u00e1st biztos\u00edtson USB-eszk\u00f6z\u00f6k, audioperif\u00e9ri\u00e1k \u00e9s bekapcsol\u00f3gombok sz\u00e1m\u00e1ra. Az asztali sz\u00e1m\u00edt\u00f3g\u00e9p bels\u0151 rendszereinek alapvet\u0151 elemek\u00e9nt ez az alaplap kulcsfontoss\u00e1g\u00fa szerepet j\u00e1tszik az el\u0151lapi funkci\u00f3k b\u0151v\u00edt\u00e9s\u00e9ben.<\/p>\n<p>Ak\u00e1r USB-eszk\u00f6z\u00f6ket, audio-perif\u00e9ri\u00e1kat vagy t\u00e1pell\u00e1t\u00e1st kell csatlakoztatnia az asztali sz\u00e1m\u00edt\u00f3g\u00e9phez, ez az alaplap az \u00d6n \u00e1ltal elv\u00e1rt k\u00e9nyelmet \u00e9s hat\u00e9konys\u00e1got biztos\u00edtja. Az USB-portok, audiocsatlakoz\u00f3k \u00e9s bekapcsol\u00f3gombok egyetlen k\u00e1rty\u00e1n tal\u00e1lhat\u00f3 kombin\u00e1ci\u00f3ja lehet\u0151v\u00e9 teszi a munkafolyamatok egyszer\u0171s\u00edt\u00e9s\u00e9t \u00e9s az asztali sz\u00e1m\u00edt\u00f3g\u00e9p haszn\u00e1lhat\u00f3s\u00e1g\u00e1nak maximaliz\u00e1l\u00e1s\u00e1t.<\/p>\n<p>A telep\u00edt\u00e9s egyszer\u0171 az asztali sz\u00e1m\u00edt\u00f3g\u00e9p eredeti \u00f6sszetev\u0151ihez igazod\u00f3 kialak\u00edt\u00e1snak k\u00f6sz\u00f6nhet\u0151en. Az eredeti HP alkatr\u00e9szek kiv\u00e1laszt\u00e1s\u00e1val az asztali sz\u00e1m\u00edt\u00f3g\u00e9p el\u0151lapi funkci\u00f3inak min\u0151s\u00e9g\u00e9be \u00e9s megb\u00edzhat\u00f3s\u00e1g\u00e1ba fektet be.<\/p>\n<p>Friss\u00edtse asztali sz\u00e1m\u00edt\u00f3g\u00e9pe el\u0151lapi csatlakoztathat\u00f3s\u00e1g\u00e1t \u00e9s funkcionalit\u00e1s\u00e1t a HP Compaq 6000 Pro SFF el\u00fcls\u0151 USB audio \u00e9s t\u00e1pegys\u00e9g 510974-001 k\u00e1rty\u00e1val. \u00c9lvezze a kib\u0151v\u00edtett csatlakoz\u00e1si lehet\u0151s\u00e9geket, a tov\u00e1bbfejlesztett hangfunkci\u00f3kat \u00e9s a jobb haszn\u00e1lhat\u00f3s\u00e1got HP Compaq 6000 Pro SFF asztali sz\u00e1m\u00edt\u00f3g\u00e9p\u00e9n. N\u00f6velje sz\u00e1m\u00edt\u00e1stechnikai \u00e9lm\u00e9ny\u00e9t ezzel a megb\u00edzhat\u00f3 \u00e9s hat\u00e9kony t\u00e1bl\u00e1val.<\/p>\n<p>V\u00e1s\u00e1rl\u00e1s el\u0151tt ellen\u0151rizze, hogy kompatibilis-e az adott asztali modellj\u00e9vel.<\/p>\n","protected":false},"excerpt":{"rendered":"<p>Fokozza az el\u0151lapi csatlakoztathat\u00f3s\u00e1got HP Compaq 6000 Pro SFF asztali sz\u00e1m\u00edt\u00f3g\u00e9p\u00e9n a HP Compaq 6000 Pro SFF el\u00fcls\u0151 USB audio \u00e9s t\u00e1pegys\u00e9g 510974-001 k\u00e1rty\u00e1val. \u00c9lvezze az USB-eszk\u00f6z\u00f6k, audio-perif\u00e9ri\u00e1k \u00e9s bekapcsol\u00f3gombok b\u0151v\u00edtett lehet\u0151s\u00e9geit.<\/p>\n","protected":false},"featured_media":3521,"template":"","meta":[],"product_brand":[],"product_cat":[20],"product_tag":[25],"class_list":{"0":"post-3483","1":"product","2":"type-product","3":"status-publish","4":"has-post-thumbnail","6":"product_cat-cables","7":"product_tag-hp","9":"first","10":"instock","11":"taxable","12":"shipping-taxable","13":"purchasable","14":"product-type-simple"},"_links":{"self":[{"href":"https:\/\/boreait.com\/hu\/wp-json\/wp\/v2\/product\/3483","targetHints":{"allow":["GET"]}}],"collection":[{"href":"https:\/\/boreait.com\/hu\/wp-json\/wp\/v2\/product"}],"about":[{"href":"https:\/\/boreait.com\/hu\/wp-json\/wp\/v2\/types\/product"}],"wp:featuredmedia":[{"embeddable":true,"href":"https:\/\/boreait.com\/hu\/wp-json\/wp\/v2\/media\/3521"}],"wp:attachment":[{"href":"https:\/\/boreait.com\/hu\/wp-json\/wp\/v2\/media?parent=3483"}],"wp:term":[{"taxonomy":"product_brand","embeddable":true,"href":"https:\/\/boreait.com\/hu\/wp-json\/wp\/v2\/product_brand?post=3483"},{"taxonomy":"product_cat","embeddable":true,"href":"https:\/\/boreait.com\/hu\/wp-json\/wp\/v2\/product_cat?post=3483"},{"taxonomy":"product_tag","embeddable":true,"href":"https:\/\/boreait.com\/hu\/wp-json\/wp\/v2\/product_tag?post=3483"}],"curies":[{"name":"wp","href":"https:\/\/api.w.org\/{rel}","templated":true}]}}