{"id":3469,"date":"2025-09-17T10:42:14","date_gmt":"2025-09-17T08:42:14","guid":{"rendered":"https:\/\/boreait.com\/hu\/?post_type=product&#038;p=3469"},"modified":"2025-09-17T10:43:13","modified_gmt":"2025-09-17T08:43:13","slug":"eredeti-hp-compaq-pro-6000-sorozatu-huto-cpu-hutoborda-577493-001","status":"publish","type":"product","link":"https:\/\/boreait.com\/hu\/termek\/eredeti-hp-compaq-pro-6000-sorozatu-huto-cpu-hutoborda-577493-001\/","title":{"rendered":"Eredeti HP Compaq Pro 6000 sorozat\u00fa h\u0171t\u0151 CPU h\u0171t\u0151borda 577493-001"},"content":{"rendered":"<p>Optimaliz\u00e1lja HP \u200b\u200bCompaq Pro 6000 sorozat\u00fa asztali sz\u00e1m\u00edt\u00f3g\u00e9pe h\u0151teljes\u00edtm\u00e9ny\u00e9t az eredeti HP Compaq Pro 6000 sorozat\u00fa 577493-001 sz\u00e1m\u00fa h\u0171t\u0151 CPU h\u0171t\u0151bord\u00e1val. A h\u0171t\u00e9si hat\u00e9konys\u00e1g n\u00f6vel\u00e9s\u00e9re \u00e9s a CPU \u00e9lettartam\u00e1nak meghosszabb\u00edt\u00e1s\u00e1ra tervezett eredeti h\u0171t\u0151borda z\u00f6kken\u0151mentes integr\u00e1ci\u00f3t \u00e9s jobb h\u0151kezel\u00e9st biztos\u00edt a jobb sz\u00e1m\u00edt\u00e1stechnikai \u00e9lm\u00e9ny \u00e9rdek\u00e9ben.<\/p>\n<p>A HP, a sz\u00e1m\u00edt\u00e1stechnika megb\u00edzhat\u00f3 vezet\u0151 gy\u00e1rt\u00f3ja \u00e1ltal gy\u00e1rtott eredeti HP Compaq Pro 6000 sorozat\u00fa 577493-001 h\u0171t\u0151 CPU h\u0171t\u0151bord\u00e1t \u00fagy tervezt\u00e9k, hogy megb\u00edzhat\u00f3 h\u0171t\u00e9st biztos\u00edtson. Az asztali sz\u00e1m\u00edt\u00f3g\u00e9p bels\u0151 rendszereinek alapvet\u0151 elemek\u00e9nt ez a h\u0171t\u0151borda kulcsfontoss\u00e1g\u00fa szerepet j\u00e1tszik az optim\u00e1lis CPU-h\u0151m\u00e9rs\u00e9klet fenntart\u00e1s\u00e1ban.<\/p>\n<p>Ak\u00e1r meger\u0151ltet\u0151 alkalmaz\u00e1sokat futtat, ak\u00e1r intenz\u00edv feladatokat v\u00e9gez, ak\u00e1r egyenletes teljes\u00edtm\u00e9nyre t\u00f6rekszik, ez a h\u0171t\u0151borda biztos\u00edtja a sz\u00fcks\u00e9ges h\u0151kezel\u00e9st. Prec\u00edzi\u00f3s tervez\u00e9se \u00e9s hat\u00e9kony h\u0151elvezet\u00e9se biztos\u00edtja, hogy a CPU a biztons\u00e1gos \u00fczemi h\u0151m\u00e9rs\u00e9kleten bel\u00fcl maradjon, megel\u0151zve a t\u00falmeleged\u00e9st \u00e9s az esetleges teljes\u00edtm\u00e9nyprobl\u00e9m\u00e1kat.<\/p>\n<p>A telep\u00edt\u00e9s egyszer\u0171 az asztali sz\u00e1m\u00edt\u00f3g\u00e9p eredeti \u00f6sszetev\u0151ihez igazod\u00f3 kialak\u00edt\u00e1snak k\u00f6sz\u00f6nhet\u0151en. Az eredeti HP alkatr\u00e9szek kiv\u00e1laszt\u00e1s\u00e1val az asztali sz\u00e1m\u00edt\u00f3g\u00e9pe h\u0171t\u0151rendszer\u00e9nek min\u0151s\u00e9g\u00e9be \u00e9s megb\u00edzhat\u00f3s\u00e1g\u00e1ba fektet be.<\/p>\n<p>N\u00f6velje asztali sz\u00e1m\u00edt\u00f3g\u00e9pe h\u0151teljes\u00edtm\u00e9ny\u00e9t az Eredeti HP Compaq Pro 6000 sorozat\u00fa 577493-001 sz\u00e1m\u00fa h\u0171t\u0151 CPU h\u0171t\u0151bord\u00e1val. \u00c9lvezze a jobb h\u0171t\u00e9si hat\u00e9konys\u00e1got, az optim\u00e1lis CPU-h\u0151m\u00e9rs\u00e9kletet \u00e9s a meghosszabb\u00edtott alkatr\u00e9szek \u00e9lettartam\u00e1t Compaq Pro 6000 sorozat\u00fa asztali sz\u00e1m\u00edt\u00f3g\u00e9p\u00e9n. N\u00f6velje sz\u00e1m\u00edt\u00e1stechnikai \u00e9lm\u00e9ny\u00e9t ezzel a megb\u00edzhat\u00f3 \u00e9s hat\u00e9kony h\u0171t\u0151bord\u00e1val.<\/p>\n<p>V\u00e1s\u00e1rl\u00e1s el\u0151tt ellen\u0151rizze, hogy kompatibilis-e az adott asztali modellj\u00e9vel.<\/p>\n","protected":false},"excerpt":{"rendered":"<p>N\u00f6velje a HP Compaq Pro 6000 sorozat\u00fa asztali sz\u00e1m\u00edt\u00f3g\u00e9p h\u0171t\u00e9si teljes\u00edtm\u00e9ny\u00e9t az eredeti HP Compaq Pro 6000 sorozat\u00fa 577493-001 sz\u00e1m\u00fa h\u0171t\u0151 CPU h\u0171t\u0151bord\u00e1val. Tartsa fenn az optim\u00e1lis CPU-h\u0151m\u00e9rs\u00e9kletet az egyenletes teljes\u00edtm\u00e9ny \u00e9rdek\u00e9ben.<\/p>\n","protected":false},"featured_media":3520,"template":"","meta":[],"product_brand":[],"product_cat":[33],"product_tag":[25],"class_list":{"0":"post-3469","1":"product","2":"type-product","3":"status-publish","4":"has-post-thumbnail","6":"product_cat-cpu-fans-heatsinks","7":"product_tag-hp","9":"first","10":"instock","11":"taxable","12":"shipping-taxable","13":"purchasable","14":"product-type-simple"},"_links":{"self":[{"href":"https:\/\/boreait.com\/hu\/wp-json\/wp\/v2\/product\/3469","targetHints":{"allow":["GET"]}}],"collection":[{"href":"https:\/\/boreait.com\/hu\/wp-json\/wp\/v2\/product"}],"about":[{"href":"https:\/\/boreait.com\/hu\/wp-json\/wp\/v2\/types\/product"}],"wp:featuredmedia":[{"embeddable":true,"href":"https:\/\/boreait.com\/hu\/wp-json\/wp\/v2\/media\/3520"}],"wp:attachment":[{"href":"https:\/\/boreait.com\/hu\/wp-json\/wp\/v2\/media?parent=3469"}],"wp:term":[{"taxonomy":"product_brand","embeddable":true,"href":"https:\/\/boreait.com\/hu\/wp-json\/wp\/v2\/product_brand?post=3469"},{"taxonomy":"product_cat","embeddable":true,"href":"https:\/\/boreait.com\/hu\/wp-json\/wp\/v2\/product_cat?post=3469"},{"taxonomy":"product_tag","embeddable":true,"href":"https:\/\/boreait.com\/hu\/wp-json\/wp\/v2\/product_tag?post=3469"}],"curies":[{"name":"wp","href":"https:\/\/api.w.org\/{rel}","templated":true}]}}