{"id":3468,"date":"2025-09-17T10:42:14","date_gmt":"2025-09-17T08:42:14","guid":{"rendered":"https:\/\/boreait.com\/hu\/?post_type=product&#038;p=3468"},"modified":"2025-09-17T10:43:12","modified_gmt":"2025-09-17T08:43:12","slug":"manhattan-pi2009865x2a-soros-2-portos-pci-kartya-ip-n45-5120-00-00012","status":"publish","type":"product","link":"https:\/\/boreait.com\/hu\/termek\/manhattan-pi2009865x2a-soros-2-portos-pci-kartya-ip-n45-5120-00-00012\/","title":{"rendered":"MANHATTAN PI2009865X2A SOROS 2 PORTOS PCI K\u00c1RTYA IP-N45-5120-00-00012"},"content":{"rendered":"<p>N\u00f6velje asztali sz\u00e1m\u00edt\u00f3g\u00e9pe csatlakoztathat\u00f3s\u00e1g\u00e1t \u00e9s b\u0151v\u00edthet\u0151s\u00e9g\u00e9t a MANHATTAN PI2009865X2A soros 2 portos PCI-k\u00e1rty\u00e1val, IP-N45-5120-00-00012. Ez az eredeti PCI-k\u00e1rtya, amelyet a sz\u00e1m\u00edt\u00f3g\u00e9p csatlakoz\u00e1si lehet\u0151s\u00e9geinek optimaliz\u00e1l\u00e1s\u00e1ra terveztek, z\u00f6kken\u0151mentes integr\u00e1ci\u00f3t \u00e9s tov\u00e1bbfejlesztett funkcionalit\u00e1st k\u00edn\u00e1l a jobb sz\u00e1m\u00edt\u00e1stechnikai \u00e9lm\u00e9ny \u00e9rdek\u00e9ben.<\/p>\n<p>A MANHATTAN, a sz\u00e1m\u00edt\u00f3g\u00e9p-perif\u00e9ri\u00e1k megb\u00edzhat\u00f3 m\u00e1rk\u00e1ja \u00e1ltal gy\u00e1rtott MANHATTAN PI2009865X2A soros 2 portos PCI-k\u00e1rtya IP-N45-5120-00-00012 megb\u00edzhat\u00f3 soros csatlakoz\u00e1st biztos\u00edt. Ez a k\u00e1rtya az asztali sz\u00e1m\u00edt\u00f3g\u00e9p alapvet\u0151 b\u0151v\u00edt\u0151elemek\u00e9nt kulcsszerepet j\u00e1tszik a csatlakoz\u00e1si lehet\u0151s\u00e9gek b\u0151v\u00edt\u00e9s\u00e9ben.<\/p>\n<p>Ak\u00e1r soros eszk\u00f6z\u00f6ket kell csatlakoztatnia, megb\u00edzhat\u00f3 kommunik\u00e1ci\u00f3s kapcsolatokat kell l\u00e9trehoznia, ak\u00e1r ipari \u00e9s be\u00e1gyazott alkalmaz\u00e1sokat kell b\u0151v\u00edtenie, ez a PCI-k\u00e1rtya az \u00d6n \u00e1ltal elv\u00e1rt k\u00e9nyelmet \u00e9s hat\u00e9konys\u00e1got biztos\u00edtja. A k\u00e9t soros port hozz\u00e1ad\u00e1s\u00e1val sz\u00e1mos perif\u00e9ri\u00e1t \u00e9s eszk\u00f6zt csatlakoztathat sz\u00e1m\u00edt\u00f3g\u00e9p\u00e9hez a jobb funkcionalit\u00e1s \u00e9rdek\u00e9ben.<\/p>\n<p>A telep\u00edt\u00e9s egyszer\u0171 a sz\u00e1m\u00edt\u00f3g\u00e9p eredeti \u00f6sszetev\u0151ihez igazod\u00f3 kialak\u00edt\u00e1snak k\u00f6sz\u00f6nhet\u0151en. Az eredeti MANHATTAN alkatr\u00e9szek kiv\u00e1laszt\u00e1s\u00e1val \u00d6n a sz\u00e1m\u00edt\u00f3g\u00e9pe csatlakoz\u00e1s\u00e1nak min\u0151s\u00e9g\u00e9be \u00e9s megb\u00edzhat\u00f3s\u00e1g\u00e1ba fektet be.<\/p>\n<p>Friss\u00edtse asztali sz\u00e1m\u00edt\u00f3g\u00e9pe csatlakoztathat\u00f3s\u00e1g\u00e1t \u00e9s b\u0151v\u00edthet\u0151s\u00e9g\u00e9t a MANHATTAN PI2009865X2A soros 2 portos PCI-k\u00e1rty\u00e1val, IP-N45-5120-00-00012. \u00c9lvezze a kiterjesztett soros csatlakoz\u00e1st, a tov\u00e1bbfejlesztett kommunik\u00e1ci\u00f3t \u00e9s az ipari \u00e9s be\u00e1gyazott alkalmaz\u00e1sok tov\u00e1bbfejlesztett funkcionalit\u00e1s\u00e1t. N\u00f6velje sz\u00e1m\u00edt\u00e1stechnikai \u00e9lm\u00e9ny\u00e9t ezzel a megb\u00edzhat\u00f3 \u00e9s hat\u00e9kony PCI-k\u00e1rty\u00e1val.<\/p>\n<p>V\u00e1s\u00e1rl\u00e1s el\u0151tt ellen\u0151rizze a kompatibilit\u00e1st az adott asztali sz\u00e1m\u00edt\u00f3g\u00e9p modellj\u00e9vel.<\/p>\n","protected":false},"excerpt":{"rendered":"<p>B\u0151v\u00edtse asztali sz\u00e1m\u00edt\u00f3g\u00e9pe csatlakoztathat\u00f3s\u00e1g\u00e1t a MANHATTAN PI2009865X2A soros 2 portos PCI-k\u00e1rty\u00e1val, IP-N45-5120-00-00012. Csatlakoztasson soros eszk\u00f6z\u00f6ket \u00e9s jav\u00edtsa a kommunik\u00e1ci\u00f3s k\u00e9pess\u00e9geket.<\/p>\n","protected":false},"featured_media":3519,"template":"","meta":[],"product_brand":[],"product_cat":[27],"product_tag":[],"class_list":{"0":"post-3468","1":"product","2":"type-product","3":"status-publish","4":"has-post-thumbnail","6":"product_cat-motherboards-board-parts","8":"first","9":"instock","10":"taxable","11":"shipping-taxable","12":"purchasable","13":"product-type-simple"},"_links":{"self":[{"href":"https:\/\/boreait.com\/hu\/wp-json\/wp\/v2\/product\/3468","targetHints":{"allow":["GET"]}}],"collection":[{"href":"https:\/\/boreait.com\/hu\/wp-json\/wp\/v2\/product"}],"about":[{"href":"https:\/\/boreait.com\/hu\/wp-json\/wp\/v2\/types\/product"}],"wp:featuredmedia":[{"embeddable":true,"href":"https:\/\/boreait.com\/hu\/wp-json\/wp\/v2\/media\/3519"}],"wp:attachment":[{"href":"https:\/\/boreait.com\/hu\/wp-json\/wp\/v2\/media?parent=3468"}],"wp:term":[{"taxonomy":"product_brand","embeddable":true,"href":"https:\/\/boreait.com\/hu\/wp-json\/wp\/v2\/product_brand?post=3468"},{"taxonomy":"product_cat","embeddable":true,"href":"https:\/\/boreait.com\/hu\/wp-json\/wp\/v2\/product_cat?post=3468"},{"taxonomy":"product_tag","embeddable":true,"href":"https:\/\/boreait.com\/hu\/wp-json\/wp\/v2\/product_tag?post=3468"}],"curies":[{"name":"wp","href":"https:\/\/api.w.org\/{rel}","templated":true}]}}