{"id":3467,"date":"2025-09-17T10:42:14","date_gmt":"2025-09-17T08:42:14","guid":{"rendered":"https:\/\/boreait.com\/hu\/?post_type=product&#038;p=3467"},"modified":"2026-01-08T08:14:49","modified_gmt":"2026-01-08T07:14:49","slug":"lcd-csuklopant-a-hp-elitebook-840-g3-745-g3-ps1514-keszulekhez-bal-es-jobb-csuklopantok-821166-001","status":"publish","type":"product","link":"https:\/\/boreait.com\/hu\/termek\/lcd-csuklopant-a-hp-elitebook-840-g3-745-g3-ps1514-keszulekhez-bal-es-jobb-csuklopantok-821166-001\/","title":{"rendered":"LCD csukl\u00f3p\u00e1nt a HP EliteBook 840 G3 745 G3 PS1514 k\u00e9sz\u00fcl\u00e9khez &#8211; Bal \u00e9s jobb csukl\u00f3p\u00e1ntok 821166-001"},"content":{"rendered":"<p>Revitaliz\u00e1lja HP \u200b\u200bEliteBook 840 G3 \u00e9s 745 G3 laptopja kijelz\u0151funkci\u00f3it a HP EliteBook 840 G3 745 G3 PS1514 LCD csukl\u00f3p\u00e1nttal. A laptop vizu\u00e1lis \u00e9lm\u00e9ny\u00e9nek optimaliz\u00e1l\u00e1s\u00e1ra kialak\u00edtott eredeti LCD-p\u00e1ntk\u00e9szlet z\u00f6kken\u0151mentes integr\u00e1ci\u00f3t \u00e9s jobb megjelen\u00edt\u00e9si teljes\u00edtm\u00e9nyt biztos\u00edt a jobb sz\u00e1m\u00edt\u00e1stechnikai \u00e9lm\u00e9ny \u00e9rdek\u00e9ben. HP SPS cikksz\u00e1m: 821166-001<\/p>\n<p>A HP, a sz\u00e1m\u00edt\u00e1stechnika egyik megb\u00edzhat\u00f3 vezet\u0151 gy\u00e1rt\u00f3ja, a HP EliteBook 840 G3 745 G3 PS1514 LCD csukl\u00f3p\u00e1ntot \u00fagy tervezt\u00e9k, hogy megb\u00edzhat\u00f3 t\u00e1mogat\u00e1st \u00e9s funkcionalit\u00e1st biztos\u00edtson laptopja kijelz\u0151j\u00e9hez. A laptop szerkezeti integrit\u00e1s\u00e1nak \u00e9s vizu\u00e1lis megjelen\u00edt\u00e9s\u00e9nek alapvet\u0151 elemek\u00e9nt ezek a zsan\u00e9rok kulcsszerepet j\u00e1tszanak a stabil kijelz\u0151t\u00e1jol\u00e1s fenntart\u00e1s\u00e1ban.<\/p>\n<p>Ak\u00e1r dolgozik, ak\u00e1r multim\u00e9di\u00e1s tartalmakat n\u00e9z, ak\u00e1r videokonferenci\u00e1t vesz, ezek a zsan\u00e9rok az \u00d6n \u00e1ltal elv\u00e1rt stabilit\u00e1st \u00e9s \u00e1ll\u00edthat\u00f3s\u00e1got biztos\u00edtj\u00e1k. A zsan\u00e9rk\u00e9szlet prec\u00edzi\u00f3s tervez\u00e9se biztos\u00edtja a laptop kijelz\u0151j\u00e9nek z\u00f6kken\u0151mentes nyit\u00e1s\u00e1t \u00e9s z\u00e1r\u00e1s\u00e1t, optim\u00e1lis megtekint\u00e9si \u00e9lm\u00e9nyt biztos\u00edtva k\u00fcl\u00f6nb\u00f6z\u0151 sz\u00f6gekb\u0151l.<\/p>\n<p>A telep\u00edt\u00e9s egyszer\u0171 a laptop eredeti alkatr\u00e9szeihez igazod\u00f3 kialak\u00edt\u00e1snak k\u00f6sz\u00f6nhet\u0151en. Az eredeti HP alkatr\u00e9szek kiv\u00e1laszt\u00e1s\u00e1val laptopja kijelz\u0151funkci\u00f3inak min\u0151s\u00e9g\u00e9be \u00e9s megb\u00edzhat\u00f3s\u00e1g\u00e1ba fektet be.<\/p>\n<p>Friss\u00edtse laptopja kijelz\u0151 funkci\u00f3it a HP EliteBook 840 G3 745 G3 PS1514 LCD csukl\u00f3p\u00e1nttal. \u00c9lvezze a jobb kijelz\u0151stabilit\u00e1st, \u00e1ll\u00edthat\u00f3s\u00e1got \u00e9s optim\u00e1lis betekint\u00e9si sz\u00f6get EliteBook 840 G3 \u00e9s 745 G3 laptopjain. N\u00f6velje sz\u00e1m\u00edt\u00e1stechnikai \u00e9lm\u00e9ny\u00e9t ezzel a megb\u00edzhat\u00f3 \u00e9s hat\u00e9kony zsan\u00e9rk\u00e9szlettel.<\/p>\n<p>V\u00e1s\u00e1rl\u00e1s el\u0151tt ellen\u0151rizze, hogy kompatibilis-e az adott laptopmodellj\u00e9vel.<\/p>\n","protected":false},"excerpt":{"rendered":"<p>\u00c9les\u00edtse \u00fajra HP EliteBook 840 G3 \u00e9s 745 G3 laptopja kijelz\u0151funkci\u00f3it a HP EliteBook 840 G3 745 G3 PS1514 LCD csukl\u00f3p\u00e1nttal. \u00c9lvezze a jobb stabilit\u00e1st \u00e9s az optim\u00e1lis betekint\u00e9si sz\u00f6geket.<\/p>\n","protected":false},"featured_media":3518,"template":"","meta":[],"product_brand":[],"product_cat":[19],"product_tag":[25],"class_list":{"0":"post-3467","1":"product","2":"type-product","3":"status-publish","4":"has-post-thumbnail","6":"product_cat-screen-hinge","7":"product_tag-hp","9":"first","10":"instock","11":"taxable","12":"shipping-taxable","13":"purchasable","14":"product-type-simple"},"_links":{"self":[{"href":"https:\/\/boreait.com\/hu\/wp-json\/wp\/v2\/product\/3467","targetHints":{"allow":["GET"]}}],"collection":[{"href":"https:\/\/boreait.com\/hu\/wp-json\/wp\/v2\/product"}],"about":[{"href":"https:\/\/boreait.com\/hu\/wp-json\/wp\/v2\/types\/product"}],"wp:featuredmedia":[{"embeddable":true,"href":"https:\/\/boreait.com\/hu\/wp-json\/wp\/v2\/media\/3518"}],"wp:attachment":[{"href":"https:\/\/boreait.com\/hu\/wp-json\/wp\/v2\/media?parent=3467"}],"wp:term":[{"taxonomy":"product_brand","embeddable":true,"href":"https:\/\/boreait.com\/hu\/wp-json\/wp\/v2\/product_brand?post=3467"},{"taxonomy":"product_cat","embeddable":true,"href":"https:\/\/boreait.com\/hu\/wp-json\/wp\/v2\/product_cat?post=3467"},{"taxonomy":"product_tag","embeddable":true,"href":"https:\/\/boreait.com\/hu\/wp-json\/wp\/v2\/product_tag?post=3467"}],"curies":[{"name":"wp","href":"https:\/\/api.w.org\/{rel}","templated":true}]}}