{"id":3466,"date":"2025-09-17T10:42:13","date_gmt":"2025-09-17T08:42:13","guid":{"rendered":"https:\/\/boreait.com\/hu\/?post_type=product&#038;p=3466"},"modified":"2026-01-08T08:14:33","modified_gmt":"2026-01-08T07:14:33","slug":"hp-elitebook-850-g3-bekapcsologomb-kartya-6050a2727401-kabellel","status":"publish","type":"product","link":"https:\/\/boreait.com\/hu\/termek\/hp-elitebook-850-g3-bekapcsologomb-kartya-6050a2727401-kabellel\/","title":{"rendered":"HP EliteBook 850 G3 bekapcsol\u00f3gomb k\u00e1rtya 6050A2727401 k\u00e1bellel"},"content":{"rendered":"<p>Fokozza HP EliteBook 850 G3 laptopja funkcionalit\u00e1s\u00e1t \u00e9s k\u00e9nyelm\u00e9t a 6050A2727401 k\u00e1bellel ell\u00e1tott HP EliteBook 850 G3 bekapcsol\u00f3gomb k\u00e1rty\u00e1val. A laptop bekapcsol\u00f3gomb-funkci\u00f3inak optimaliz\u00e1l\u00e1s\u00e1ra k\u00e9sz\u00fclt, ez az eredeti k\u00e1beles k\u00e1rtya z\u00f6kken\u0151mentes integr\u00e1ci\u00f3t \u00e9s jobb haszn\u00e1lhat\u00f3s\u00e1got biztos\u00edt a jobb sz\u00e1m\u00edt\u00e1stechnikai \u00e9lm\u00e9ny \u00e9rdek\u00e9ben.<\/p>\n<p>A HP, a sz\u00e1m\u00edt\u00e1stechnika megb\u00edzhat\u00f3 vezet\u0151 gy\u00e1rt\u00f3ja \u00e1ltal gy\u00e1rtott HP EliteBook 850 G3 bekapcsol\u00f3gomb k\u00e1rtya 6050A2727401 k\u00e1bellel \u00fagy lett kialak\u00edtva, hogy megb\u00edzhat\u00f3 bekapcsol\u00f3gomb-m\u0171k\u00f6d\u00e9st biztos\u00edtson. A laptop bels\u0151 rendszereinek alapvet\u0151 elemek\u00e9nt ez az alaplap \u00e9s k\u00e1belk\u00e9szlet kulcsfontoss\u00e1g\u00fa szerepet j\u00e1tszik a gyors \u00e9s hat\u00e9kony energiagazd\u00e1lkod\u00e1s biztos\u00edt\u00e1s\u00e1ban.<\/p>\n<p>Ak\u00e1r laptopj\u00e1t be- vagy kikapcsolja, alv\u00f3 vagy hibern\u00e1lt m\u00f3dot ind\u00edt el, ak\u00e1r \u00fajraind\u00edtja az eszk\u00f6zt, ez a k\u00e1beles bekapcsol\u00f3gomb az \u00d6n \u00e1ltal elv\u00e1rt k\u00e9nyelmet \u00e9s hat\u00e9konys\u00e1got biztos\u00edtja. Prec\u00edzi\u00f3s tervez\u00e9se biztos\u00edtja a bekapcsol\u00f3gomb gyors m\u0171k\u00f6d\u00e9s\u00e9t, sima \u00e9s megb\u00edzhat\u00f3 felhaszn\u00e1l\u00f3i \u00e9lm\u00e9nyt biztos\u00edtva.<\/p>\n<p>A telep\u00edt\u00e9s egyszer\u0171 a laptop eredeti alkatr\u00e9szeihez igazod\u00f3 kialak\u00edt\u00e1snak k\u00f6sz\u00f6nhet\u0151en. Az eredeti HP alkatr\u00e9szek kiv\u00e1laszt\u00e1s\u00e1val laptopja energiagazd\u00e1lkod\u00e1s\u00e1nak min\u0151s\u00e9g\u00e9be \u00e9s megb\u00edzhat\u00f3s\u00e1g\u00e1ba fektet be.<\/p>\n<p>Friss\u00edtse laptopja bekapcsol\u00f3gomb-funkci\u00f3it a 6050A2727401 k\u00e1bellel ell\u00e1tott HP EliteBook 850 G3 bekapcsol\u00f3gomb-k\u00e1rty\u00e1val. \u00c9lvezze a tov\u00e1bbfejlesztett energiagazd\u00e1lkod\u00e1st, a bekapcsol\u00f3gomb gyors m\u0171k\u00f6d\u00e9s\u00e9t \u00e9s a tov\u00e1bbfejlesztett felhaszn\u00e1l\u00f3i \u00e9lm\u00e9nyt EliteBook 850 G3 k\u00e9sz\u00fcl\u00e9k\u00e9n. N\u00f6velje sz\u00e1m\u00edt\u00e1stechnikai \u00e9lm\u00e9ny\u00e9t ezzel a megb\u00edzhat\u00f3 \u00e9s hat\u00e9kony k\u00e1rtya- \u00e9s k\u00e1belk\u00e9szlettel.<\/p>\n<p>V\u00e1s\u00e1rl\u00e1s el\u0151tt ellen\u0151rizze, hogy kompatibilis-e az adott laptopmodellj\u00e9vel.<\/p>\n","protected":false},"excerpt":{"rendered":"<p>Fokozza a bekapcsol\u00f3gomb funkci\u00f3it HP EliteBook 850 G3 laptopj\u00e1n a HP EliteBook 850 G3 bekapcsol\u00f3gomb k\u00e1rty\u00e1val a 6050A2727401 k\u00e1bellel. \u00c9lvezze a tov\u00e1bbfejlesztett energiagazd\u00e1lkod\u00e1st \u00e9s a bekapcsol\u00f3gomb \u00e9rz\u00e9keny m\u0171k\u00f6d\u00e9s\u00e9t.<\/p>\n","protected":false},"featured_media":3517,"template":"","meta":[],"product_brand":[],"product_cat":[27],"product_tag":[25],"class_list":{"0":"post-3466","1":"product","2":"type-product","3":"status-publish","4":"has-post-thumbnail","6":"product_cat-motherboards-board-parts","7":"product_tag-hp","9":"first","10":"instock","11":"taxable","12":"shipping-taxable","13":"purchasable","14":"product-type-simple"},"_links":{"self":[{"href":"https:\/\/boreait.com\/hu\/wp-json\/wp\/v2\/product\/3466","targetHints":{"allow":["GET"]}}],"collection":[{"href":"https:\/\/boreait.com\/hu\/wp-json\/wp\/v2\/product"}],"about":[{"href":"https:\/\/boreait.com\/hu\/wp-json\/wp\/v2\/types\/product"}],"wp:featuredmedia":[{"embeddable":true,"href":"https:\/\/boreait.com\/hu\/wp-json\/wp\/v2\/media\/3517"}],"wp:attachment":[{"href":"https:\/\/boreait.com\/hu\/wp-json\/wp\/v2\/media?parent=3466"}],"wp:term":[{"taxonomy":"product_brand","embeddable":true,"href":"https:\/\/boreait.com\/hu\/wp-json\/wp\/v2\/product_brand?post=3466"},{"taxonomy":"product_cat","embeddable":true,"href":"https:\/\/boreait.com\/hu\/wp-json\/wp\/v2\/product_cat?post=3466"},{"taxonomy":"product_tag","embeddable":true,"href":"https:\/\/boreait.com\/hu\/wp-json\/wp\/v2\/product_tag?post=3466"}],"curies":[{"name":"wp","href":"https:\/\/api.w.org\/{rel}","templated":true}]}}