{"id":3465,"date":"2025-09-17T10:42:13","date_gmt":"2025-09-17T08:42:13","guid":{"rendered":"https:\/\/boreait.com\/hu\/?post_type=product&#038;p=3465"},"modified":"2025-09-17T10:43:08","modified_gmt":"2025-09-17T08:43:08","slug":"hp-elitebook-840-g3-huto-hutoborda-es-ventilator-821163-001","status":"publish","type":"product","link":"https:\/\/boreait.com\/hu\/termek\/hp-elitebook-840-g3-huto-hutoborda-es-ventilator-821163-001\/","title":{"rendered":"HP EliteBook 840 G3 h\u0171t\u0151 h\u0171t\u0151borda \u00e9s ventil\u00e1tor 821163-001"},"content":{"rendered":"<p>Optimaliz\u00e1lja HP \u200b\u200bEliteBook 840 G3 laptopja h\u0151teljes\u00edtm\u00e9ny\u00e9t a HP EliteBook 840 G3 h\u0171t\u0151 h\u0171t\u0151bord\u00e1val \u00e9s a 821163-001 ventil\u00e1torral. A h\u0171t\u00e9si hat\u00e9konys\u00e1g n\u00f6vel\u00e9s\u00e9re tervezt\u00e9k, ez az eredeti h\u0171t\u00e9si megold\u00e1s z\u00f6kken\u0151mentes integr\u00e1ci\u00f3t \u00e9s jobb h\u0151elvezet\u00e9st biztos\u00edt a jobb sz\u00e1m\u00edt\u00e1stechnikai \u00e9lm\u00e9ny \u00e9rdek\u00e9ben.<\/p>\n<p>A HP, a sz\u00e1m\u00edt\u00e1stechnika megb\u00edzhat\u00f3 vezet\u0151 gy\u00e1rt\u00f3ja \u00e1ltal gy\u00e1rtott HP EliteBook 840 G3 h\u0171t\u0151borda \u00e9s ventil\u00e1tor 821163-001 megb\u00edzhat\u00f3 h\u0171t\u00e9si teljes\u00edtm\u00e9nyt ny\u00fajt. A laptop h\u0151szab\u00e1lyoz\u00e1si rendszer\u00e9nek alapvet\u0151 elemek\u00e9nt ez a h\u0171t\u0151borda \u00e9s ventil\u00e1tor szerelv\u00e9ny kulcsfontoss\u00e1g\u00fa szerepet j\u00e1tszik az optim\u00e1lis m\u0171k\u00f6d\u00e9si h\u0151m\u00e9rs\u00e9klet fenntart\u00e1s\u00e1ban.<\/p>\n<p>Ak\u00e1r er\u0151forr\u00e1sig\u00e9nyes alkalmaz\u00e1sokat futtat, ak\u00e1r t\u00f6bb feladatot v\u00e9gez, ak\u00e1r hosszabb ideig haszn\u00e1lja laptopj\u00e1t, ez a h\u0171t\u00e9si megold\u00e1s az \u00d6n \u00e1ltal elv\u00e1rt hat\u00e9konys\u00e1got \u00e9s megb\u00edzhat\u00f3s\u00e1got k\u00edn\u00e1lja. Hat\u00e9konyan elvezeti a laptop bels\u0151 alkatr\u00e9szei \u00e1ltal termelt h\u0151t, megakad\u00e1lyozza a t\u00falmeleged\u00e9st \u00e9s egyenletes teljes\u00edtm\u00e9nyt biztos\u00edt.<\/p>\n<p>A telep\u00edt\u00e9s egyszer\u0171 a laptop eredeti alkatr\u00e9szeihez igazod\u00f3 kialak\u00edt\u00e1snak k\u00f6sz\u00f6nhet\u0151en. Az eredeti HP alkatr\u00e9szek kiv\u00e1laszt\u00e1s\u00e1val laptopja h\u0151kezel\u00e9s\u00e9nek min\u0151s\u00e9g\u00e9be \u00e9s megb\u00edzhat\u00f3s\u00e1g\u00e1ba fektet be.<\/p>\n<p>N\u00f6velje laptopja h\u0171t\u00e9si teljes\u00edtm\u00e9ny\u00e9t a HP EliteBook 840 G3 h\u0171t\u0151bord\u00e1val \u00e9s a 821163-001 ventil\u00e1torral. \u00c9lvezze a fokozott h\u0151elvezet\u00e9st, az optim\u00e1lis \u00fczemi h\u0151m\u00e9rs\u00e9kletet \u00e9s az egyenletes teljes\u00edtm\u00e9nyt EliteBook 840 G3 k\u00e9sz\u00fcl\u00e9k\u00e9n. N\u00f6velje sz\u00e1m\u00edt\u00e1stechnikai \u00e9lm\u00e9ny\u00e9t ezzel a megb\u00edzhat\u00f3 \u00e9s hat\u00e9kony h\u0171t\u00e9si megold\u00e1ssal.<\/p>\n<p>V\u00e1s\u00e1rl\u00e1s el\u0151tt ellen\u0151rizze, hogy kompatibilis-e az adott laptopmodellj\u00e9vel.<\/p>\n","protected":false},"excerpt":{"rendered":"<p>Optimaliz\u00e1lja a h\u0151teljes\u00edtm\u00e9nyt HP EliteBook 840 G3 laptopj\u00e1n a HP EliteBook 840 G3 h\u0171t\u0151 h\u0171t\u0151bord\u00e1val \u00e9s a 821163-001 ventil\u00e1torral. \u00c9lvezze a fokozott h\u0151elvezet\u00e9st \u00e9s az egyenletes teljes\u00edtm\u00e9nyt.<\/p>\n","protected":false},"featured_media":3516,"template":"","meta":[],"product_brand":[],"product_cat":[33],"product_tag":[25],"class_list":{"0":"post-3465","1":"product","2":"type-product","3":"status-publish","4":"has-post-thumbnail","6":"product_cat-cpu-fans-heatsinks","7":"product_tag-hp","9":"first","10":"instock","11":"taxable","12":"shipping-taxable","13":"purchasable","14":"product-type-simple"},"_links":{"self":[{"href":"https:\/\/boreait.com\/hu\/wp-json\/wp\/v2\/product\/3465","targetHints":{"allow":["GET"]}}],"collection":[{"href":"https:\/\/boreait.com\/hu\/wp-json\/wp\/v2\/product"}],"about":[{"href":"https:\/\/boreait.com\/hu\/wp-json\/wp\/v2\/types\/product"}],"wp:featuredmedia":[{"embeddable":true,"href":"https:\/\/boreait.com\/hu\/wp-json\/wp\/v2\/media\/3516"}],"wp:attachment":[{"href":"https:\/\/boreait.com\/hu\/wp-json\/wp\/v2\/media?parent=3465"}],"wp:term":[{"taxonomy":"product_brand","embeddable":true,"href":"https:\/\/boreait.com\/hu\/wp-json\/wp\/v2\/product_brand?post=3465"},{"taxonomy":"product_cat","embeddable":true,"href":"https:\/\/boreait.com\/hu\/wp-json\/wp\/v2\/product_cat?post=3465"},{"taxonomy":"product_tag","embeddable":true,"href":"https:\/\/boreait.com\/hu\/wp-json\/wp\/v2\/product_tag?post=3465"}],"curies":[{"name":"wp","href":"https:\/\/api.w.org\/{rel}","templated":true}]}}