{"id":3463,"date":"2025-09-17T10:42:13","date_gmt":"2025-09-17T08:42:13","guid":{"rendered":"https:\/\/boreait.com\/hu\/?post_type=product&#038;p=3463"},"modified":"2025-09-17T10:42:58","modified_gmt":"2025-09-17T08:42:58","slug":"billentyuzet-kerettel-hattervilagitassal-kompatibilis-a-hp-pn-836308-031-836307-031-swe-fin","status":"publish","type":"product","link":"https:\/\/boreait.com\/hu\/termek\/billentyuzet-kerettel-hattervilagitassal-kompatibilis-a-hp-pn-836308-031-836307-031-swe-fin\/","title":{"rendered":"Billenty\u0171zet kerettel, h\u00e1tt\u00e9rvil\u00e1g\u00edt\u00e1ssal kompatibilis a HP pn 836308-031 836307-031 &#8211; SWE\/FIN"},"content":{"rendered":"<p>N\u00f6velje g\u00e9pel\u00e9si \u00e9lm\u00e9ny\u00e9t a 836308-031 h\u00e1tt\u00e9rvil\u00e1g\u00edt\u00e1s\u00fa, 836308-031 \u00e9s 836307-031 HP cikksz\u00e1mokkal kompatibilis, sv\u00e9d\/finn (sv\u00e9d, finn) keretes billenty\u0171zettel. A g\u00e9pel\u00e9si k\u00e9nyelem \u00e9s hat\u00e9konys\u00e1g optimaliz\u00e1l\u00e1s\u00e1ra k\u00e9sz\u00fclt, ez az eredeti keretes billenty\u0171zet z\u00f6kken\u0151mentes integr\u00e1ci\u00f3t \u00e9s jobb haszn\u00e1lhat\u00f3s\u00e1got biztos\u00edt a jobb sz\u00e1m\u00edt\u00e1stechnikai \u00e9lm\u00e9ny \u00e9rdek\u00e9ben.<\/p>\n<p>A 836308-031 \u00e9s 836307-031 cikksz\u00e1m\u00fa HP laptopokkal kompatibilisnek tervezett SWE\/FIN keretes billenty\u0171zet k\u00e9nyelmes csere- vagy friss\u00edt\u00e9si lehet\u0151s\u00e9get k\u00edn\u00e1l. A laptop beviteli rendszer\u00e9nek alapvet\u0151 elemek\u00e9nt ez a billenty\u0171zet fokozza a g\u00e9pel\u00e9si sebess\u00e9get \u00e9s pontoss\u00e1got, mik\u00f6zben k\u00e9nyelmes g\u00e9pel\u00e9si \u00e9lm\u00e9nyt biztos\u00edt.<\/p>\n<p>Ak\u00e1r dokumentumokat g\u00e9pel, ak\u00e1r e-maileket k\u00fcld, ak\u00e1r online kommunik\u00e1ci\u00f3t folytat, ennek a billenty\u0171zetnek a kialak\u00edt\u00e1sa biztos\u00edtja a hat\u00e9kony \u00e9s prec\u00edz gombnyom\u00e1sokat. A keret be\u00e9p\u00edt\u00e9se tov\u00e1bbi v\u00e9delmet ny\u00fajt a billenty\u0171zetnek, \u00e9s stabilit\u00e1st biztos\u00edt a g\u00e9pel\u00e9s k\u00f6zben, \u00edgy professzion\u00e1lis \u00e9s szem\u00e9lyes haszn\u00e1latra egyar\u00e1nt ide\u00e1lis.<\/p>\n<p>A telep\u00edt\u00e9s egyszer\u0171 a laptop eredeti alkatr\u00e9szeihez igazod\u00f3 kialak\u00edt\u00e1snak k\u00f6sz\u00f6nhet\u0151en. Az eredeti alkatr\u00e9szek kiv\u00e1laszt\u00e1s\u00e1val laptopja beviteli rendszer\u00e9nek min\u0151s\u00e9g\u00e9be \u00e9s megb\u00edzhat\u00f3s\u00e1g\u00e1ba fektet be.<\/p>\n<p>Friss\u00edtse a g\u00e9pel\u00e9si \u00e9lm\u00e9nyt a 836308-031 \u00e9s 836307-031 HP cikksz\u00e1mokkal kompatibilis, keretes, h\u00e1tt\u00e9rvil\u00e1g\u00edt\u00e1s\u00fa billenty\u0171zettel. \u00c9lvezze a jobb g\u00e9pel\u00e9si k\u00e9nyelmet, a nagyobb hat\u00e9konys\u00e1got \u00e9s a pontos gombnyom\u00e1sokat HP laptopj\u00e1n. N\u00f6velje sz\u00e1m\u00edt\u00e1stechnikai \u00e9lm\u00e9ny\u00e9t ezzel a megb\u00edzhat\u00f3 \u00e9s hat\u00e9kony billenty\u0171zettel.<\/p>\n<p>V\u00e1s\u00e1rl\u00e1s el\u0151tt ellen\u0151rizze, hogy kompatibilis-e az adott laptopmodellj\u00e9vel.<\/p>\n","protected":false},"excerpt":{"rendered":"<p>Fokozza a g\u00e9pel\u00e9si \u00e9lm\u00e9nyt a 836308-031 \u00e9s 836307-031 HP cikksz\u00e1mokkal kompatibilis, keretes, h\u00e1tt\u00e9rvil\u00e1g\u00edt\u00e1s n\u00e9lk\u00fcli brit billenty\u0171zettel. \u00c9lvezze a jobb g\u00e9pel\u00e9si k\u00e9nyelmet \u00e9s hat\u00e9konys\u00e1got HP laptopj\u00e1n.<\/p>\n","protected":false},"featured_media":3503,"template":"","meta":[],"product_brand":[],"product_cat":[35],"product_tag":[25],"class_list":{"0":"post-3463","1":"product","2":"type-product","3":"status-publish","4":"has-post-thumbnail","6":"product_cat-laptop-keyboard","7":"product_tag-hp","9":"first","10":"instock","11":"taxable","12":"shipping-taxable","13":"purchasable","14":"product-type-simple"},"_links":{"self":[{"href":"https:\/\/boreait.com\/hu\/wp-json\/wp\/v2\/product\/3463","targetHints":{"allow":["GET"]}}],"collection":[{"href":"https:\/\/boreait.com\/hu\/wp-json\/wp\/v2\/product"}],"about":[{"href":"https:\/\/boreait.com\/hu\/wp-json\/wp\/v2\/types\/product"}],"wp:featuredmedia":[{"embeddable":true,"href":"https:\/\/boreait.com\/hu\/wp-json\/wp\/v2\/media\/3503"}],"wp:attachment":[{"href":"https:\/\/boreait.com\/hu\/wp-json\/wp\/v2\/media?parent=3463"}],"wp:term":[{"taxonomy":"product_brand","embeddable":true,"href":"https:\/\/boreait.com\/hu\/wp-json\/wp\/v2\/product_brand?post=3463"},{"taxonomy":"product_cat","embeddable":true,"href":"https:\/\/boreait.com\/hu\/wp-json\/wp\/v2\/product_cat?post=3463"},{"taxonomy":"product_tag","embeddable":true,"href":"https:\/\/boreait.com\/hu\/wp-json\/wp\/v2\/product_tag?post=3463"}],"curies":[{"name":"wp","href":"https:\/\/api.w.org\/{rel}","templated":true}]}}