{"id":3462,"date":"2025-09-17T10:42:13","date_gmt":"2025-09-17T08:42:13","guid":{"rendered":"https:\/\/boreait.com\/hu\/?post_type=product&#038;p=3462"},"modified":"2025-09-17T10:42:56","modified_gmt":"2025-09-17T08:42:56","slug":"a-hp-elitebook-840-g3-c-hej-kepernyojenek-hatlapjahoz-csuklotamasz-821173-001","status":"publish","type":"product","link":"https:\/\/boreait.com\/hu\/termek\/a-hp-elitebook-840-g3-c-hej-kepernyojenek-hatlapjahoz-csuklotamasz-821173-001\/","title":{"rendered":"A HP EliteBook 840 G3 C h\u00e9j k\u00e9perny\u0151j\u00e9nek h\u00e1tlapj\u00e1hoz csukl\u00f3t\u00e1masz 821173-001"},"content":{"rendered":"<p>N\u00f6velje HP EliteBook 840 G3 laptopja eszt\u00e9tik\u00e1j\u00e1t \u00e9s funkcionalit\u00e1s\u00e1t a HP EliteBook 840 G3 C Shell Screen H\u00e1ts\u00f3 bor\u00edt\u00f3 csukl\u00f3t\u00e1masz 821173-001 seg\u00edts\u00e9g\u00e9vel. A laptop megjelen\u00e9s\u00e9nek \u00e9s haszn\u00e1lhat\u00f3s\u00e1g\u00e1nak jav\u00edt\u00e1sa \u00e9rdek\u00e9ben kialak\u00edtott eredeti burkolat- \u00e9s csukl\u00f3t\u00e1masz-szerelv\u00e9ny z\u00f6kken\u0151mentes integr\u00e1ci\u00f3t \u00e9s tov\u00e1bbfejlesztett kialak\u00edt\u00e1st biztos\u00edt a jobb sz\u00e1m\u00edt\u00e1stechnikai \u00e9lm\u00e9ny \u00e9rdek\u00e9ben.<\/p>\n<p>A HP, a sz\u00e1m\u00edt\u00e1stechnika megb\u00edzhat\u00f3 vezet\u0151 gy\u00e1rt\u00f3ja \u00e1ltal gy\u00e1rtott HP EliteBook 840 G3 C Shell k\u00e9perny\u0151 h\u00e1tlapja 821173-001 csukl\u00f3t\u00e1masz kiv\u00e1l\u00f3 min\u0151s\u00e9g\u0171 cser\u00e9je laptopja k\u00fcls\u0151 burkolat\u00e1nak. \u00c1tfog\u00f3 \u00f6ssze\u00e1ll\u00edt\u00e1sk\u00e9nt d\u00f6nt\u0151 szerepet j\u00e1tszik a laptop megjelen\u00e9s\u00e9nek \u00e9s haszn\u00e1lhat\u00f3s\u00e1g\u00e1nak jav\u00edt\u00e1s\u00e1ban.<\/p>\n<p>Ak\u00e1r egy elhaszn\u00e1l\u00f3dott burkolatot cser\u00e9l, ak\u00e1r a laptop eszt\u00e9tik\u00e1j\u00e1t szeretn\u00e9 felfriss\u00edteni, ez az \u00f6ssze\u00e1ll\u00edt\u00e1s az \u00d6n \u00e1ltal k\u00edv\u00e1nt k\u00e9nyelmet \u00e9s vizu\u00e1lis fejleszt\u00e9st k\u00edn\u00e1lja. A prec\u00edzi\u00f3s tervez\u00e9s biztos\u00edtja a szoros illeszked\u00e9st \u00e9s a megfelel\u0151 be\u00e1ll\u00edt\u00e1st, m\u00edg a teny\u00e9rpihentet\u0151 ter\u00fclet ergonomikus k\u00e9nyelmet biztos\u00edt hosszabb haszn\u00e1lat sor\u00e1n.<\/p>\n<p>A telep\u00edt\u00e9s egyszer\u0171 a laptop eredeti alkatr\u00e9szeihez igazod\u00f3 kialak\u00edt\u00e1snak k\u00f6sz\u00f6nhet\u0151en. Az eredeti HP alkatr\u00e9szek kiv\u00e1laszt\u00e1s\u00e1val laptopja min\u0151s\u00e9g\u00e9be, tart\u00f3ss\u00e1g\u00e1ba \u00e9s eszt\u00e9tik\u00e1j\u00e1ba fektet be.<\/p>\n<p>Friss\u00edtse laptopja megjelen\u00e9s\u00e9t \u00e9s haszn\u00e1lhat\u00f3s\u00e1g\u00e1t a HP EliteBook 840 G3 C Shell Screen H\u00e1ts\u00f3 bor\u00edt\u00f3 csukl\u00f3t\u00e1masz 821173-001 seg\u00edts\u00e9g\u00e9vel. \u00c9lvezze EliteBook 840 G3 tov\u00e1bbfejlesztett diz\u00e1jnj\u00e1t, ergonomikus k\u00e9nyelm\u00e9t \u00e9s felfriss\u00fclt megjelen\u00e9s\u00e9t. N\u00f6velje sz\u00e1m\u00edt\u00e1stechnikai \u00e9lm\u00e9ny\u00e9t ezzel a megb\u00edzhat\u00f3 \u00e9s hat\u00e9kony \u00f6ssze\u00e1ll\u00edt\u00e1ssal.<\/p>\n<p>V\u00e1s\u00e1rl\u00e1s el\u0151tt ellen\u0151rizze, hogy kompatibilis-e az adott laptopmodellj\u00e9vel.<\/p>\n","protected":false},"excerpt":{"rendered":"<p>N\u00f6velje HP EliteBook 840 G3 laptopja megjelen\u00e9s\u00e9t \u00e9s haszn\u00e1lhat\u00f3s\u00e1g\u00e1t a HP EliteBook 840 G3 C Shell Screen H\u00e1ts\u00f3 bor\u00edt\u00f3 821173-001 csukl\u00f3t\u00e1masz seg\u00edts\u00e9g\u00e9vel. \u00c9lvezze a tov\u00e1bbfejlesztett diz\u00e1jnt \u00e9s az ergonomikus k\u00e9nyelmet.<\/p>\n","protected":false},"featured_media":3500,"template":"","meta":[],"product_brand":[],"product_cat":[16],"product_tag":[25],"class_list":{"0":"post-3462","1":"product","2":"type-product","3":"status-publish","4":"has-post-thumbnail","6":"product_cat-laptop-housing","7":"product_tag-hp","9":"first","10":"instock","11":"taxable","12":"shipping-taxable","13":"purchasable","14":"product-type-simple"},"_links":{"self":[{"href":"https:\/\/boreait.com\/hu\/wp-json\/wp\/v2\/product\/3462","targetHints":{"allow":["GET"]}}],"collection":[{"href":"https:\/\/boreait.com\/hu\/wp-json\/wp\/v2\/product"}],"about":[{"href":"https:\/\/boreait.com\/hu\/wp-json\/wp\/v2\/types\/product"}],"wp:featuredmedia":[{"embeddable":true,"href":"https:\/\/boreait.com\/hu\/wp-json\/wp\/v2\/media\/3500"}],"wp:attachment":[{"href":"https:\/\/boreait.com\/hu\/wp-json\/wp\/v2\/media?parent=3462"}],"wp:term":[{"taxonomy":"product_brand","embeddable":true,"href":"https:\/\/boreait.com\/hu\/wp-json\/wp\/v2\/product_brand?post=3462"},{"taxonomy":"product_cat","embeddable":true,"href":"https:\/\/boreait.com\/hu\/wp-json\/wp\/v2\/product_cat?post=3462"},{"taxonomy":"product_tag","embeddable":true,"href":"https:\/\/boreait.com\/hu\/wp-json\/wp\/v2\/product_tag?post=3462"}],"curies":[{"name":"wp","href":"https:\/\/api.w.org\/{rel}","templated":true}]}}