{"id":3461,"date":"2025-09-17T10:42:13","date_gmt":"2025-09-17T08:42:13","guid":{"rendered":"https:\/\/boreait.com\/hu\/?post_type=product&#038;p=3461"},"modified":"2026-01-08T08:13:55","modified_gmt":"2026-01-08T07:13:55","slug":"lenovo-miix-320-10icr-80xf-csere-ezust-micro-sd-kartya-tarto-talca","status":"publish","type":"product","link":"https:\/\/boreait.com\/hu\/termek\/lenovo-miix-320-10icr-80xf-csere-ezust-micro-sd-kartya-tarto-talca\/","title":{"rendered":"LENOVO MIIX 320-10ICR 80XF CSERE EZ\u00dcST MICRO SD K\u00c1RTYA TART\u00d3 T\u00c1LCA"},"content":{"rendered":"<p>N\u00f6velje Lenovo Miix 320-10ICR 80XF t\u00e1rol\u00e1si k\u00e9pess\u00e9geit a csereez\u00fcst Micro SD k\u00e1rtyatart\u00f3 t\u00e1lc\u00e1val. A t\u00e1blag\u00e9pe t\u00e1rol\u00e1s\u00e1nak \u00e9s haszn\u00e1lhat\u00f3s\u00e1g\u00e1nak optimaliz\u00e1l\u00e1s\u00e1ra k\u00e9sz\u00fclt, ez az eredeti cseret\u00e1lca z\u00f6kken\u0151mentes integr\u00e1ci\u00f3t \u00e9s megn\u00f6velt t\u00e1rol\u00f3kapacit\u00e1st biztos\u00edt a jobb sz\u00e1m\u00edt\u00e1stechnikai \u00e9lm\u00e9ny \u00e9rdek\u00e9ben.<\/p>\n<p>A Lenovo, a sz\u00e1m\u00edt\u00e1stechnika megb\u00edzhat\u00f3 vezet\u0151 gy\u00e1rt\u00f3ja \u00e1ltal gy\u00e1rtott Replacement Silver Micro SD k\u00e1rtyatart\u00f3 t\u00e1lca megb\u00edzhat\u00f3 t\u00e1rol\u00e1si b\u0151v\u00edt\u00e9st \u00e9s biztons\u00e1gos k\u00e1rtyatart\u00f3 k\u00e9pess\u00e9get biztos\u00edt. A t\u00e1blag\u00e9p bels\u0151 rendszereinek alapvet\u0151 elemek\u00e9nt ez a t\u00e1lca kulcsfontoss\u00e1g\u00fa szerepet j\u00e1tszik a t\u00e1rol\u00e1si lehet\u0151s\u00e9gek b\u0151v\u00edt\u00e9s\u00e9ben.<\/p>\n<p>Ak\u00e1r tov\u00e1bbi adatokat, m\u00e9diaf\u00e1jlokat kell t\u00e1rolnia, ak\u00e1r b\u0151v\u00edtenie kell eszk\u00f6ze t\u00e1rol\u00f3kapacit\u00e1s\u00e1t, ez a t\u00e1lca biztos\u00edtja a k\u00edv\u00e1nt k\u00e9nyelmet \u00e9s hat\u00e9konys\u00e1got. Az ez\u00fcst sz\u00edn\u0171 micro SD k\u00e1rtyatart\u00f3 t\u00e1lca lehet\u0151v\u00e9 teszi a micro SD k\u00e1rtya behelyez\u00e9s\u00e9t \u00e9s biztons\u00e1gos tart\u00e1s\u00e1t, \u00edgy k\u00f6nnyen hozz\u00e1f\u00e9rhet a tov\u00e1bbi t\u00e1rhelyhez.<\/p>\n<p>A t\u00e1blag\u00e9p eredeti alkatr\u00e9szeihez igazod\u00f3 kialak\u00edt\u00e1snak k\u00f6sz\u00f6nhet\u0151en a telep\u00edt\u00e9s egyszer\u0171. Az eredeti Lenovo alkatr\u00e9szek kiv\u00e1laszt\u00e1s\u00e1val a t\u00e1blag\u00e9p t\u00e1rhelyb\u0151v\u00edt\u00e9s\u00e9nek min\u0151s\u00e9g\u00e9be \u00e9s megb\u00edzhat\u00f3s\u00e1g\u00e1ba fektet be.<\/p>\n<p>N\u00f6velje t\u00e1blag\u00e9pe t\u00e1rol\u00f3kapacit\u00e1s\u00e1t a Lenovo Miix 320-10ICR 80XF sz\u00e1m\u00e1ra k\u00e9sz\u00fclt csereez\u00fcst Micro SD k\u00e1rtyatart\u00f3 t\u00e1lc\u00e1val. \u00c9lvezze a b\u0151v\u00edtett t\u00e1rol\u00e1si lehet\u0151s\u00e9geket, a z\u00f6kken\u0151mentes k\u00e1rtyabehelyez\u00e9st \u00e9s a tov\u00e1bbfejlesztett adatkezel\u00e9st Miix 320-10ICR 80XF k\u00e9sz\u00fcl\u00e9k\u00e9n. N\u00f6velje sz\u00e1m\u00edt\u00e1stechnikai \u00e9lm\u00e9ny\u00e9t ezzel a megb\u00edzhat\u00f3 \u00e9s hat\u00e9kony cseret\u00e1lc\u00e1val.<\/p>\n<p>V\u00e1s\u00e1rl\u00e1s el\u0151tt ellen\u0151rizze, hogy kompatibilis-e az adott t\u00e1blag\u00e9pmodellj\u00e9vel.<\/p>\n","protected":false},"excerpt":{"rendered":"<p>N\u00f6velje Lenovo Miix 320-10ICR 80XF t\u00e1blag\u00e9pe t\u00e1rol\u00e1si k\u00e9pess\u00e9geit a csereez\u00fcst Micro SD k\u00e1rtyatart\u00f3 t\u00e1lc\u00e1val. \u00c9lvezze a megn\u00f6velt t\u00e1rhelyet \u00e9s a micro SD k\u00e1rtya egyszer\u0171 behelyez\u00e9s\u00e9t.<\/p>\n","protected":false},"featured_media":3499,"template":"","meta":[],"product_brand":[],"product_cat":[16],"product_tag":[26],"class_list":{"0":"post-3461","1":"product","2":"type-product","3":"status-publish","4":"has-post-thumbnail","6":"product_cat-laptop-housing","7":"product_tag-lenovo","9":"first","10":"instock","11":"taxable","12":"shipping-taxable","13":"purchasable","14":"product-type-simple"},"_links":{"self":[{"href":"https:\/\/boreait.com\/hu\/wp-json\/wp\/v2\/product\/3461","targetHints":{"allow":["GET"]}}],"collection":[{"href":"https:\/\/boreait.com\/hu\/wp-json\/wp\/v2\/product"}],"about":[{"href":"https:\/\/boreait.com\/hu\/wp-json\/wp\/v2\/types\/product"}],"wp:featuredmedia":[{"embeddable":true,"href":"https:\/\/boreait.com\/hu\/wp-json\/wp\/v2\/media\/3499"}],"wp:attachment":[{"href":"https:\/\/boreait.com\/hu\/wp-json\/wp\/v2\/media?parent=3461"}],"wp:term":[{"taxonomy":"product_brand","embeddable":true,"href":"https:\/\/boreait.com\/hu\/wp-json\/wp\/v2\/product_brand?post=3461"},{"taxonomy":"product_cat","embeddable":true,"href":"https:\/\/boreait.com\/hu\/wp-json\/wp\/v2\/product_cat?post=3461"},{"taxonomy":"product_tag","embeddable":true,"href":"https:\/\/boreait.com\/hu\/wp-json\/wp\/v2\/product_tag?post=3461"}],"curies":[{"name":"wp","href":"https:\/\/api.w.org\/{rel}","templated":true}]}}