{"id":3460,"date":"2025-09-17T10:42:13","date_gmt":"2025-09-17T08:42:13","guid":{"rendered":"https:\/\/boreait.com\/hu\/?post_type=product&#038;p=3460"},"modified":"2025-09-17T10:42:49","modified_gmt":"2025-09-17T08:42:49","slug":"lenovo-miix-320-10icr-80xf-10-1-eredeti-lcd-hatlap-haz-8s1102-02963","status":"publish","type":"product","link":"https:\/\/boreait.com\/hu\/termek\/lenovo-miix-320-10icr-80xf-10-1-eredeti-lcd-hatlap-haz-8s1102-02963\/","title":{"rendered":"Lenovo MiiX 320-10ICR 80XF 10.1 Eredeti LCD h\u00e1tlap h\u00e1z 8S1102-02963"},"content":{"rendered":"<p>Emelje fel Lenovo Miix 320-10ICR 80XF 10.1 laptopja vizu\u00e1lis vonzerej\u00e9t a Lenovo Miix 320-10ICR 80XF 10.1 eredeti LCD h\u00e1tlap h\u00e1zzal, 8S1102-02963. A laptop \u00e1ltal\u00e1nos eszt\u00e9tik\u00e1j\u00e1nak \u00e9s v\u00e9delm\u00e9nek jav\u00edt\u00e1sa \u00e9rdek\u00e9ben kialak\u00edtott, eredeti LCD-h\u00e1tlaph\u00e1z z\u00f6kken\u0151mentes integr\u00e1ci\u00f3t \u00e9s nagyobb tart\u00f3ss\u00e1got biztos\u00edt a jobb sz\u00e1m\u00edt\u00e1stechnikai \u00e9lm\u00e9ny \u00e9rdek\u00e9ben.<\/p>\n<p>A Lenovo \u2013 a sz\u00e1m\u00edt\u00e1stechnika egyik megb\u00edzhat\u00f3 neve \u2013 \u00e1ltal gy\u00e1rtott Lenovo Miix 320-10ICR 80XF 10.1 Eredeti LCD-h\u00e1tlap 8S1102-02963 h\u00e1zat \u00fagy tervezt\u00e9k, hogy megb\u00edzhat\u00f3 \u00e9s hat\u00e9kony v\u00e9delmet ny\u00fajtson laptopja LCD-kijelz\u0151j\u00e9nek. A laptop k\u00fcls\u0151 kialak\u00edt\u00e1s\u00e1nak n\u00e9lk\u00fcl\u00f6zhetetlen elemek\u00e9nt ez a h\u00e1tlaph\u00e1z kulcsfontoss\u00e1g\u00fa szerepet j\u00e1tszik az eszk\u00f6z v\u00e9delm\u00e9ben, mik\u00f6zben egy csipetnyi kifinomults\u00e1got ad hozz\u00e1.<\/p>\n<p>Ak\u00e1r professzion\u00e1lis, aki karcs\u00fa prezent\u00e1ci\u00f3ra t\u00f6rekszik, vagy olyan felhaszn\u00e1l\u00f3, aki \u00e9rt\u00e9keli a k\u00e9sz\u00fcl\u00e9k eszt\u00e9tik\u00e1j\u00e1t, ez az LCD-h\u00e1tlapburkolat a k\u00edv\u00e1nt k\u00e9nyelmet \u00e9s st\u00edlust k\u00edn\u00e1lja. Prec\u00edzi\u00f3s tervez\u00e9se t\u00f6k\u00e9letes illeszked\u00e9st, karcol\u00e1sok \u00e9s kisebb \u00fct\u00e9sek elleni v\u00e9delmet, valamint \u00e1ltal\u00e1noss\u00e1gban jobb megjelen\u00e9st \u00e9s \u00e9rzetet biztos\u00edt laptopj\u00e1nak.<\/p>\n<p>A telep\u00edt\u00e9s egyszer\u0171 az OEM-kialak\u00edt\u00e1snak k\u00f6sz\u00f6nhet\u0151en, amely illeszkedik a laptop eredeti alkatr\u00e9szeihez. Az eredeti Lenovo alkatr\u00e9szek kiv\u00e1laszt\u00e1s\u00e1val laptopja v\u00e9delm\u00e9nek \u00e9s eszt\u00e9tikai megjelen\u00e9s\u00e9nek min\u0151s\u00e9g\u00e9be \u00e9s megb\u00edzhat\u00f3s\u00e1g\u00e1ba fektet be.<\/p>\n<p>N\u00f6velje laptopja vizu\u00e1lis megjelen\u00e9s\u00e9t \u00e9s v\u00e9delm\u00e9t a Lenovo Miix 320-10ICR 80XF 10.1 eredeti LCD h\u00e1tlap h\u00e1zzal, 8S1102-02963. \u00c9lvezze a tov\u00e1bbfejlesztett st\u00edlust, a napi kop\u00e1s elleni v\u00e9delmet \u00e9s a Miix 320-10ICR laptop felfriss\u00fclt megjelen\u00e9s\u00e9t. N\u00f6velje sz\u00e1m\u00edt\u00e1stechnikai \u00e9lm\u00e9ny\u00e9t ezzel a megb\u00edzhat\u00f3 \u00e9s hat\u00e9kony h\u00e1tlaph\u00e1zzal.<\/p>\n<p>V\u00e1s\u00e1rl\u00e1s el\u0151tt ellen\u0151rizze, hogy kompatibilis-e az adott laptopmodellj\u00e9vel.<\/p>\n","protected":false},"excerpt":{"rendered":"<p>Fokozza Lenovo Miix 320-10ICR 80XF 10.1 laptopja megjelen\u00e9s\u00e9t \u00e9s v\u00e9delm\u00e9t a Lenovo Miix 320-10ICR 80XF 10.1 eredeti LCD h\u00e1tlap h\u00e1zzal, 8S1102-02963. \u00c9lvezze a jobb eszt\u00e9tik\u00e1t \u00e9s a tart\u00f3ss\u00e1got.<\/p>\n","protected":false},"featured_media":3497,"template":"","meta":[],"product_brand":[],"product_cat":[16],"product_tag":[26],"class_list":{"0":"post-3460","1":"product","2":"type-product","3":"status-publish","4":"has-post-thumbnail","6":"product_cat-laptop-housing","7":"product_tag-lenovo","9":"first","10":"instock","11":"taxable","12":"shipping-taxable","13":"purchasable","14":"product-type-simple"},"_links":{"self":[{"href":"https:\/\/boreait.com\/hu\/wp-json\/wp\/v2\/product\/3460","targetHints":{"allow":["GET"]}}],"collection":[{"href":"https:\/\/boreait.com\/hu\/wp-json\/wp\/v2\/product"}],"about":[{"href":"https:\/\/boreait.com\/hu\/wp-json\/wp\/v2\/types\/product"}],"wp:featuredmedia":[{"embeddable":true,"href":"https:\/\/boreait.com\/hu\/wp-json\/wp\/v2\/media\/3497"}],"wp:attachment":[{"href":"https:\/\/boreait.com\/hu\/wp-json\/wp\/v2\/media?parent=3460"}],"wp:term":[{"taxonomy":"product_brand","embeddable":true,"href":"https:\/\/boreait.com\/hu\/wp-json\/wp\/v2\/product_brand?post=3460"},{"taxonomy":"product_cat","embeddable":true,"href":"https:\/\/boreait.com\/hu\/wp-json\/wp\/v2\/product_cat?post=3460"},{"taxonomy":"product_tag","embeddable":true,"href":"https:\/\/boreait.com\/hu\/wp-json\/wp\/v2\/product_tag?post=3460"}],"curies":[{"name":"wp","href":"https:\/\/api.w.org\/{rel}","templated":true}]}}