{"id":346,"date":"2025-09-17T09:24:53","date_gmt":"2025-09-17T07:24:53","guid":{"rendered":"https:\/\/boreait.com\/hu\/?post_type=product&#038;p=346"},"modified":"2026-01-14T08:29:24","modified_gmt":"2026-01-14T07:29:24","slug":"00hn553-ns-a251-laptop-usb-kartyaolvaso-alaplap-lenovo-thinkpad-t450-hez","status":"publish","type":"product","link":"https:\/\/boreait.com\/hu\/termek\/00hn553-ns-a251-laptop-usb-kartyaolvaso-alaplap-lenovo-thinkpad-t450-hez\/","title":{"rendered":"00HN553 NS-A251 laptop USB k\u00e1rtyaolvas\u00f3 alaplap LENOVO ThinkPad T450-hez"},"content":{"rendered":"<p>Az \u00faj 00HN553 NS-A251 laptop USB k\u00e1rtyaolvas\u00f3 k\u00e1rtya egy kifejezetten a Lenovo ThinkPad T450-hez tervezett alkatr\u00e9sz. Ez az USB-k\u00e1rtyaolvas\u00f3 k\u00e1rtya k\u00e9nyelmes hozz\u00e1f\u00e9r\u00e9st biztos\u00edt a k\u00fcl\u00f6nb\u00f6z\u0151 mem\u00f3riak\u00e1rty\u00e1khoz, \u00e9s b\u0151v\u00edti a laptop csatlakoz\u00e1si lehet\u0151s\u00e9geit.<\/p>\n<p>A telep\u00edtett USB-k\u00e1rtyaolvas\u00f3 k\u00e1rtya seg\u00edts\u00e9g\u00e9vel a felhaszn\u00e1l\u00f3k k\u00f6nnyen \u00e1tvihetnek adatokat \u00e9s f\u00e1jlokat k\u00fcl\u00f6nb\u00f6z\u0151 t\u00edpus\u00fa mem\u00f3riak\u00e1rty\u00e1kr\u00f3l, bele\u00e9rtve az SD-k\u00e1rty\u00e1kat \u00e9s a microSD-k\u00e1rty\u00e1kat. Ez lehet\u0151v\u00e9 teszi a z\u00f6kken\u0151mentes hozz\u00e1f\u00e9r\u00e9st a multim\u00e9di\u00e1s tartalmakhoz, p\u00e9ld\u00e1ul f\u00e9nyk\u00e9pekhez \u00e9s vide\u00f3khoz, valamint hat\u00e9kony f\u00e1jlmegoszt\u00e1st \u00e9s t\u00e1rol\u00e1st.<\/p>\n<p>A t\u00e1bla kiv\u00e1l\u00f3 min\u0151s\u00e9g\u0171 anyagokb\u00f3l k\u00e9sz\u00fclt a tart\u00f3ss\u00e1g \u00e9s a megb\u00edzhat\u00f3s\u00e1g \u00e9rdek\u00e9ben. \u00dagy tervezt\u00e9k, hogy z\u00f6kken\u0151mentesen illeszkedjen a Lenovo ThinkPad T450-be, meg\u0151rizve a biztons\u00e1gos kapcsolatot \u00e9s a stabil teljes\u00edtm\u00e9nyt. A telep\u00edt\u00e9si folyamat egyszer\u0171, lehet\u0151v\u00e9 t\u00e9ve a felhaszn\u00e1l\u00f3k sz\u00e1m\u00e1ra a k\u00e1rtyaolvas\u00f3 k\u00e1rtya sz\u00fcks\u00e9g szerinti gyors \u00e9s egyszer\u0171 friss\u00edt\u00e9s\u00e9t vagy cser\u00e9j\u00e9t.<\/p>\n<p>A Lenovo elk\u00f6telezett a megb\u00edzhat\u00f3 \u00e9s nagy teljes\u00edtm\u00e9ny\u0171 laptopok gy\u00e1rt\u00e1sa ir\u00e1nt, \u00e9s ez al\u00f3l a ThinkPad T450 USB-k\u00e1rtyaolvas\u00f3 k\u00e1rty\u00e1ja sem kiv\u00e9tel. Szigor\u00fa tesztel\u00e9si \u00e9s min\u0151s\u00e9g-ellen\u0151rz\u00e9si int\u00e9zked\u00e9seken esik \u00e1t, hogy megfeleljen a Lenovo szabv\u00e1nyainak, biztos\u00edtva az optim\u00e1lis teljes\u00edtm\u00e9nyt, valamint a laptop hardver\u00e9vel \u00e9s szoftver\u00e9vel val\u00f3 kompatibilit\u00e1st.<\/p>\n<p>\u00d6sszefoglalva, az \u00faj 00HN553 NS-A251 laptop USB k\u00e1rtyaolvas\u00f3 alaplap \u00e9rt\u00e9kes kieg\u00e9sz\u00edt\u0151je a Lenovo ThinkPad T450-nek. K\u00e9nyelmes hozz\u00e1f\u00e9r\u00e9st biztos\u00edt a felhaszn\u00e1l\u00f3k sz\u00e1m\u00e1ra a k\u00fcl\u00f6nf\u00e9le mem\u00f3riak\u00e1rty\u00e1khoz, megk\u00f6nny\u00edtve a z\u00f6kken\u0151mentes adat\u00e1tvitelt \u00e9s jav\u00edtva a laptop csatlakoz\u00e1si k\u00e9pess\u00e9geit. Strapab\u00edr\u00f3 fel\u00e9p\u00edt\u00e9s\u00e9vel \u00e9s a ThinkPad T450 kompatibilit\u00e1s\u00e1val ez az USB k\u00e1rtyaolvas\u00f3 k\u00e1rtya kiv\u00e1l\u00f3 v\u00e1laszt\u00e1s a laptop funkcionalit\u00e1s\u00e1nak b\u0151v\u00edt\u00e9s\u00e9re.<\/p>\n","protected":false},"excerpt":{"rendered":"<p>Az \u00faj 00HN553 NS-A251 laptop USB k\u00e1rtyaolvas\u00f3 k\u00e1rtya kifejezetten a Lenovo ThinkPad T450 sz\u00e1m\u00e1ra k\u00e9sz\u00fclt. Lehet\u0151v\u00e9 teszi a k\u00fcl\u00f6nb\u00f6z\u0151 mem\u00f3riak\u00e1rty\u00e1k k\u00e9nyelmes el\u00e9r\u00e9s\u00e9t, jav\u00edtva az adat\u00e1tvitelt \u00e9s a csatlakoz\u00e1si lehet\u0151s\u00e9geket. Strapab\u00edr\u00f3 fel\u00e9p\u00edt\u00e9se \u00e9s kompatibilit\u00e1sa megb\u00edzhat\u00f3 teljes\u00edtm\u00e9nyt \u00e9s k\u00f6nny\u0171 telep\u00edt\u00e9st biztos\u00edt.<\/p>\n","protected":false},"featured_media":407,"template":"","meta":[],"product_brand":[],"product_cat":[27],"product_tag":[26],"class_list":{"0":"post-346","1":"product","2":"type-product","3":"status-publish","4":"has-post-thumbnail","6":"product_cat-motherboards-board-parts","7":"product_tag-lenovo","9":"first","10":"instock","11":"taxable","12":"shipping-taxable","13":"purchasable","14":"product-type-simple"},"_links":{"self":[{"href":"https:\/\/boreait.com\/hu\/wp-json\/wp\/v2\/product\/346","targetHints":{"allow":["GET"]}}],"collection":[{"href":"https:\/\/boreait.com\/hu\/wp-json\/wp\/v2\/product"}],"about":[{"href":"https:\/\/boreait.com\/hu\/wp-json\/wp\/v2\/types\/product"}],"wp:featuredmedia":[{"embeddable":true,"href":"https:\/\/boreait.com\/hu\/wp-json\/wp\/v2\/media\/407"}],"wp:attachment":[{"href":"https:\/\/boreait.com\/hu\/wp-json\/wp\/v2\/media?parent=346"}],"wp:term":[{"taxonomy":"product_brand","embeddable":true,"href":"https:\/\/boreait.com\/hu\/wp-json\/wp\/v2\/product_brand?post=346"},{"taxonomy":"product_cat","embeddable":true,"href":"https:\/\/boreait.com\/hu\/wp-json\/wp\/v2\/product_cat?post=346"},{"taxonomy":"product_tag","embeddable":true,"href":"https:\/\/boreait.com\/hu\/wp-json\/wp\/v2\/product_tag?post=346"}],"curies":[{"name":"wp","href":"https:\/\/api.w.org\/{rel}","templated":true}]}}