{"id":3459,"date":"2025-09-17T10:42:13","date_gmt":"2025-09-17T08:42:13","guid":{"rendered":"https:\/\/boreait.com\/hu\/?post_type=product&#038;p=3459"},"modified":"2025-10-08T13:26:25","modified_gmt":"2025-10-08T11:26:25","slug":"lenovo-miix-320-10icr-10-1-eredeti-tablagep-audio-jack-kartya-1109-02204-kabellel","status":"publish","type":"product","link":"https:\/\/boreait.com\/hu\/termek\/lenovo-miix-320-10icr-10-1-eredeti-tablagep-audio-jack-kartya-1109-02204-kabellel\/","title":{"rendered":"Lenovo MIIX 320-10ICR 10.1 Eredeti t\u00e1blag\u00e9p audio jack k\u00e1rtya 1109-02204 k\u00e1bellel"},"content":{"rendered":"<p>Friss\u00edtse Lenovo MIIX 320-10ICR 10,1&#8243;-es t\u00e1blag\u00e9pe audiofunkci\u00f3it az Eredeti Tablet Audio Jack Board 1109-02204 k\u00e1bellel. Ez az eredeti t\u00e1bla a t\u00e1blag\u00e9p hangteljes\u00edtm\u00e9ny\u00e9nek optimaliz\u00e1l\u00e1s\u00e1ra k\u00e9sz\u00fclt, \u00e9s z\u00f6kken\u0151mentes integr\u00e1ci\u00f3t \u00e9s jobb hangmin\u0151s\u00e9get biztos\u00edt a jobb sz\u00e1m\u00edt\u00e1stechnikai \u00e9lm\u00e9ny \u00e9rdek\u00e9ben.<\/p>\n<p>A Lenovo, a sz\u00e1m\u00edt\u00e1stechnika megb\u00edzhat\u00f3 vezet\u0151 gy\u00e1rt\u00f3ja \u00e1ltal gy\u00e1rtott Eredeti Tablet Audio Jack Board 1109-02204 k\u00e1bellel megb\u00edzhat\u00f3 hangteljes\u00edtm\u00e9nyt biztos\u00edt. A t\u00e1blag\u00e9p bels\u0151 rendszereinek alapvet\u0151 elemek\u00e9nt ez a t\u00e1bla kulcsfontoss\u00e1g\u00fa szerepet j\u00e1tszik a tiszta \u00e9s \u00e9l\u00e9nk hangz\u00e1sban.<\/p>\n<p>Ak\u00e1r filmeket n\u00e9z, ak\u00e1r videoh\u00edv\u00e1sokban vesz r\u00e9szt, ak\u00e1r kedvenc zen\u00e9it hallgatja, ez az audio jack k\u00e1rtya az \u00d6n \u00e1ltal elv\u00e1rt k\u00e9nyelmet \u00e9s hat\u00e9konys\u00e1got biztos\u00edtja. Prec\u00edzi\u00f3s tervez\u00e9se pontos hangvisszaad\u00e1st biztos\u00edt, kiv\u00e9teles tisztas\u00e1got \u00e9s m\u00e9lys\u00e9get biztos\u00edtva t\u00e1blag\u00e9pe hangkimenet\u00e9hez.<\/p>\n<p>A t\u00e1blag\u00e9p eredeti alkatr\u00e9szeihez igazod\u00f3 kialak\u00edt\u00e1snak k\u00f6sz\u00f6nhet\u0151en a telep\u00edt\u00e9s egyszer\u0171. Az eredeti Lenovo alkatr\u00e9szek kiv\u00e1laszt\u00e1s\u00e1val a t\u00e1blag\u00e9pe hangteljes\u00edtm\u00e9ny\u00e9nek min\u0151s\u00e9g\u00e9be \u00e9s megb\u00edzhat\u00f3s\u00e1g\u00e1ba fektet be.<\/p>\n<p>Friss\u00edtse t\u00e1blag\u00e9pe hangk\u00e9pess\u00e9geit a Lenovo MIIX 320-10ICR 10.1-hez k\u00e9sz\u00fclt Eredeti Tablet Audio Jack Board 1109-02204 k\u00e1bellel&#8221;. \u00c9lvezze a jobb hangmin\u0151s\u00e9get, a tov\u00e1bbfejlesztett hang\u00e9lm\u00e9nyt \u00e9s az \u00e9l\u00e9nk hangkimenetet a MIIX 320-10ICR k\u00e9sz\u00fcl\u00e9ken ezzel a decomputable Equiptable Equipment-10ICR-rel. t\u00e1bla.<\/p>\n<p>V\u00e1s\u00e1rl\u00e1s el\u0151tt ellen\u0151rizze, hogy kompatibilis-e az adott t\u00e1blag\u00e9pmodellj\u00e9vel.<\/p>\n","protected":false},"excerpt":{"rendered":"<p>Fokozza az audiofunkci\u00f3kat Lenovo MIIX 320-10ICR 10,1&#8243;-es t\u00e1blag\u00e9p\u00e9n az Eredeti Tablet Audio Jack Board 1109-02204 k\u00e1bellel. \u00c9lvezze a jobb hangmin\u0151s\u00e9get a jobb hang\u00e9lm\u00e9ny \u00e9rdek\u00e9ben.<\/p>\n","protected":false},"featured_media":3496,"template":"","meta":[],"product_brand":[],"product_cat":[20],"product_tag":[26],"class_list":{"0":"post-3459","1":"product","2":"type-product","3":"status-publish","4":"has-post-thumbnail","6":"product_cat-cables","7":"product_tag-lenovo","9":"first","10":"instock","11":"taxable","12":"shipping-taxable","13":"purchasable","14":"product-type-simple"},"_links":{"self":[{"href":"https:\/\/boreait.com\/hu\/wp-json\/wp\/v2\/product\/3459","targetHints":{"allow":["GET"]}}],"collection":[{"href":"https:\/\/boreait.com\/hu\/wp-json\/wp\/v2\/product"}],"about":[{"href":"https:\/\/boreait.com\/hu\/wp-json\/wp\/v2\/types\/product"}],"wp:featuredmedia":[{"embeddable":true,"href":"https:\/\/boreait.com\/hu\/wp-json\/wp\/v2\/media\/3496"}],"wp:attachment":[{"href":"https:\/\/boreait.com\/hu\/wp-json\/wp\/v2\/media?parent=3459"}],"wp:term":[{"taxonomy":"product_brand","embeddable":true,"href":"https:\/\/boreait.com\/hu\/wp-json\/wp\/v2\/product_brand?post=3459"},{"taxonomy":"product_cat","embeddable":true,"href":"https:\/\/boreait.com\/hu\/wp-json\/wp\/v2\/product_cat?post=3459"},{"taxonomy":"product_tag","embeddable":true,"href":"https:\/\/boreait.com\/hu\/wp-json\/wp\/v2\/product_tag?post=3459"}],"curies":[{"name":"wp","href":"https:\/\/api.w.org\/{rel}","templated":true}]}}