{"id":3458,"date":"2025-09-17T10:42:12","date_gmt":"2025-09-17T08:42:12","guid":{"rendered":"https:\/\/boreait.com\/hu\/?post_type=product&#038;p=3458"},"modified":"2025-09-17T10:42:45","modified_gmt":"2025-09-17T08:42:45","slug":"lenovo-chromebook-miix320-fpc-pogo-e466117-rypcb001","status":"publish","type":"product","link":"https:\/\/boreait.com\/hu\/termek\/lenovo-chromebook-miix320-fpc-pogo-e466117-rypcb001\/","title":{"rendered":"LENOVO CHROMEBOOK MIIX320 FPC POGO E466117 RYPCB001"},"content":{"rendered":"<p>B\u0151v\u00edtse Lenovo Chromebook MIIX320 csatlakoztathat\u00f3s\u00e1g\u00e1t \u00e9s haszn\u00e1lhat\u00f3s\u00e1g\u00e1t a Lenovo Chromebook MIIX320 FPC POGO E466117 RYPCB001 seg\u00edts\u00e9g\u00e9vel. A Chromebook funkcionalit\u00e1s\u00e1nak optimaliz\u00e1l\u00e1s\u00e1ra k\u00e9sz\u00fclt, ez az eredeti FPC POGO t\u00e1bla z\u00f6kken\u0151mentes integr\u00e1ci\u00f3t \u00e9s jobb haszn\u00e1lhat\u00f3s\u00e1got biztos\u00edt a jobb sz\u00e1m\u00edt\u00e1stechnikai \u00e9lm\u00e9ny \u00e9rdek\u00e9ben.<\/p>\n<p>A Lenovo, a sz\u00e1m\u00edt\u00e1stechnika megb\u00edzhat\u00f3 vezet\u0151 gy\u00e1rt\u00f3ja \u00e1ltal gy\u00e1rtott Lenovo Chromebook MIIX320 FPC POGO E466117 RYPCB001 megb\u00edzhat\u00f3 csatlakoztathat\u00f3s\u00e1got \u00e9s kiterjesztett sokoldal\u00fas\u00e1got biztos\u00edt. A laptop bels\u0151 rendszereinek n\u00e9lk\u00fcl\u00f6zhetetlen elemek\u00e9nt ez az alaplap kulcsfontoss\u00e1g\u00fa szerepet j\u00e1tszik eszk\u00f6ze funkcionalit\u00e1s\u00e1nak jav\u00edt\u00e1s\u00e1ban.<\/p>\n<p>Ak\u00e1r perif\u00e9ri\u00e1kat kell csatlakoztatnia, adatokat kell tov\u00e1bb\u00edtania, vagy b\u0151v\u00edtenie kell eszk\u00f6ze k\u00e9pess\u00e9geit, ez a POGO k\u00e1rtya az \u00d6n \u00e1ltal elv\u00e1rt k\u00e9nyelmet \u00e9s hat\u00e9konys\u00e1got biztos\u00edtja. A POGO csatlakoz\u00f3 technol\u00f3gia megb\u00edzhat\u00f3 \u00e9s biztons\u00e1gos csatlakoz\u00e1si m\u00f3dot biztos\u00edt sz\u00e1mos tartoz\u00e9k \u00e9s perif\u00e9ri\u00e1hoz.<\/p>\n<p>A Chromebook eredeti alkatr\u00e9szeihez igazod\u00f3 kialak\u00edt\u00e1snak k\u00f6sz\u00f6nhet\u0151en a telep\u00edt\u00e9s egyszer\u0171. Az eredeti Lenovo alkatr\u00e9szek kiv\u00e1laszt\u00e1s\u00e1val Chromebookja funkci\u00f3inak min\u0151s\u00e9g\u00e9be \u00e9s megb\u00edzhat\u00f3s\u00e1g\u00e1ba fektet be.<\/p>\n<p>Friss\u00edtse Chromebookja csatlakoztathat\u00f3s\u00e1g\u00e1t \u00e9s sokoldal\u00fas\u00e1g\u00e1t a Lenovo Chromebook MIIX320 FPC POGO E466117 RYPCB001 k\u00e9sz\u00fcl\u00e9kkel. \u00c9lvezze a kib\u0151v\u00edtett csatlakoz\u00e1si lehet\u0151s\u00e9geket, a hat\u00e9kony adat\u00e1tvitelt \u00e9s a Lenovo Chromebook MIIX320 k\u00fcl\u00f6nf\u00e9le perif\u00e9ri\u00e1kkal val\u00f3 z\u00f6kken\u0151mentes integr\u00e1ci\u00f3j\u00e1t. N\u00f6velje sz\u00e1m\u00edt\u00e1stechnikai \u00e9lm\u00e9ny\u00e9t ezzel a megb\u00edzhat\u00f3 \u00e9s hat\u00e9kony POGO t\u00e1bl\u00e1val.<\/p>\n<p>V\u00e1s\u00e1rl\u00e1s el\u0151tt ellen\u0151rizze a kompatibilit\u00e1st az adott Chromebook modellel.<\/p>\n","protected":false},"excerpt":{"rendered":"<p>N\u00f6velje Lenovo Chromebook MIIX320 csatlakoztathat\u00f3s\u00e1g\u00e1t \u00e9s sokoldal\u00fas\u00e1g\u00e1t a Lenovo Chromebook MIIX320 FPC POGO E466117 RYPCB001 seg\u00edts\u00e9g\u00e9vel. \u00c9lvezze az adat\u00e1tvitel \u00e9s a perif\u00e9ri\u00e1kkal val\u00f3 kapcsolat b\u0151v\u00edtett lehet\u0151s\u00e9geit.<\/p>\n","protected":false},"featured_media":3495,"template":"","meta":[],"product_brand":[],"product_cat":[20],"product_tag":[26],"class_list":{"0":"post-3458","1":"product","2":"type-product","3":"status-publish","4":"has-post-thumbnail","6":"product_cat-cables","7":"product_tag-lenovo","9":"first","10":"instock","11":"taxable","12":"shipping-taxable","13":"purchasable","14":"product-type-simple"},"_links":{"self":[{"href":"https:\/\/boreait.com\/hu\/wp-json\/wp\/v2\/product\/3458","targetHints":{"allow":["GET"]}}],"collection":[{"href":"https:\/\/boreait.com\/hu\/wp-json\/wp\/v2\/product"}],"about":[{"href":"https:\/\/boreait.com\/hu\/wp-json\/wp\/v2\/types\/product"}],"wp:featuredmedia":[{"embeddable":true,"href":"https:\/\/boreait.com\/hu\/wp-json\/wp\/v2\/media\/3495"}],"wp:attachment":[{"href":"https:\/\/boreait.com\/hu\/wp-json\/wp\/v2\/media?parent=3458"}],"wp:term":[{"taxonomy":"product_brand","embeddable":true,"href":"https:\/\/boreait.com\/hu\/wp-json\/wp\/v2\/product_brand?post=3458"},{"taxonomy":"product_cat","embeddable":true,"href":"https:\/\/boreait.com\/hu\/wp-json\/wp\/v2\/product_cat?post=3458"},{"taxonomy":"product_tag","embeddable":true,"href":"https:\/\/boreait.com\/hu\/wp-json\/wp\/v2\/product_tag?post=3458"}],"curies":[{"name":"wp","href":"https:\/\/api.w.org\/{rel}","templated":true}]}}