{"id":345,"date":"2025-09-17T09:24:52","date_gmt":"2025-09-17T07:24:52","guid":{"rendered":"https:\/\/boreait.com\/hu\/?post_type=product&#038;p=345"},"modified":"2026-01-14T08:29:06","modified_gmt":"2026-01-14T07:29:06","slug":"dc-power-aljzat-lenovo-thinkpad-t450-dc301078200-sc10h22829-aljzatkabellel","status":"publish","type":"product","link":"https:\/\/boreait.com\/hu\/termek\/dc-power-aljzat-lenovo-thinkpad-t450-dc301078200-sc10h22829-aljzatkabellel\/","title":{"rendered":"DC POWER ALJZAT LENOVO THINKPAD T450 DC301078200 \/ SC10H22829 aljzatk\u00e1bellel"},"content":{"rendered":"<p>A Lenovo ThinkPad T450-hez tervezett egyen\u00e1ram\u00fa t\u00e1pcsatlakoz\u00f3 k\u00e1bellel egy l\u00e9tfontoss\u00e1g\u00fa alkatr\u00e9sz, amely megk\u00f6nny\u00edti a laptop t\u00e1pell\u00e1t\u00e1s\u00e1t. Ennek a k\u00e1beles egyen\u00e1ram\u00fa t\u00e1pcsatlakoz\u00f3nak a t\u00edpussz\u00e1ma DC301078200, \u00e9s a Lenovo cikksz\u00e1ma is: SC10H22829. Ez a t\u00e1pcsatlakoz\u00f3-csatlakoz\u00f3 biztons\u00e1gos \u00e9s megb\u00edzhat\u00f3 kapcsolatot biztos\u00edt a laptop \u00e9s a h\u00e1l\u00f3zati adapter k\u00f6z\u00f6tt.<\/p>\n<p>A k\u00e1bellel ell\u00e1tott egyen\u00e1ram\u00fa t\u00e1pcsatlakoz\u00f3 felel\u0151s az elektromos \u00e1ram \u00e1tvitel\u00e9\u00e9rt a t\u00e1padaptert\u0151l a laptop bels\u0151 alkatr\u00e9szeihez, lehet\u0151v\u00e9 t\u00e9ve a hat\u00e9kony m\u0171k\u00f6d\u00e9st \u00e9s az akkumul\u00e1tor t\u00f6lt\u00e9s\u00e9t. Gondosan \u00fagy tervezt\u00e9k \u00e9s tervezt\u00e9k, hogy stabil \u00e9s megszak\u00edt\u00e1s n\u00e9lk\u00fcli \u00e1ramell\u00e1t\u00e1st biztos\u00edtson, minim\u00e1lisra cs\u00f6kkentve az \u00e1ramkimarad\u00e1sok \u00e9s -kimarad\u00e1sok kock\u00e1zat\u00e1t.<\/p>\n<p>Er\u0151s fel\u00e9p\u00edt\u00e9s\u00e9nek \u00e9s prec\u00edz kivitelez\u00e9s\u00e9nek k\u00f6sz\u00f6nhet\u0151en a k\u00e1beles egyen\u00e1ram\u00fa t\u00e1pcsatlakoz\u00f3 tart\u00f3ss\u00e1got \u00e9s hossz\u00fa \u00e9lettartamot garant\u00e1l. \u00dagy tervezt\u00e9k, hogy ellen\u00e1lljon a gyakori be- \u00e9s kih\u00faz\u00e1snak, \u00edgy megb\u00edzhat\u00f3 t\u00e1pcsatlakoz\u00e1st biztos\u00edt hosszabb ideig.<\/p>\n<p>A k\u00e1beles egyen\u00e1ram\u00fa t\u00e1pcsatlakoz\u00f3 telep\u00edt\u00e9si folyamata egyszer\u0171, \u00e9s kompatibilis a Lenovo ThinkPad T450-nel, \u00e9s z\u00f6kken\u0151mentesen illeszkedik a laptop h\u00e1z\u00e1ba. Ez a kompatibilit\u00e1s optim\u00e1lis teljes\u00edtm\u00e9nyt \u00e9s megb\u00edzhat\u00f3 energiaell\u00e1t\u00e1st biztos\u00edt, lehet\u0151v\u00e9 t\u00e9ve a felhaszn\u00e1l\u00f3k sz\u00e1m\u00e1ra, hogy gond n\u00e9lk\u00fcl t\u00e1pl\u00e1lj\u00e1k laptopjukat.<\/p>\n<p>A Lenovo a min\u0151s\u00e9g ir\u00e1nti elk\u00f6telezetts\u00e9g\u00e9r\u0151l h\u00edres, \u00e9s a ThinkPad T450-ben haszn\u00e1lt egyen\u00e1ram\u00fa t\u00e1pcsatlakoz\u00f3 k\u00e1bellel szigor\u00fa tesztel\u00e9sen esik \u00e1t, hogy megfeleljen a v\u00e1llalat szigor\u00fa szabv\u00e1nyainak. Ez biztos\u00edtja, hogy a felhaszn\u00e1l\u00f3k megb\u00edzhassanak a t\u00e1pcsatlakoz\u00f3 kifog\u00e1stalan m\u0171k\u00f6d\u00e9s\u00e9ben, \u00e9s elker\u00fclj\u00e9k az \u00e1ramell\u00e1t\u00e1ssal kapcsolatos probl\u00e9m\u00e1kat.<\/p>\n<p>\u00d6sszefoglalva, az SC10H22829 Lenovo cikksz\u00e1mot visel\u0151 DC301078200 DC t\u00e1pcsatlakoz\u00f3 k\u00e1bellel a Lenovo ThinkPad T450 szerves r\u00e9sze. Biztons\u00e1gos \u00e9s megb\u00edzhat\u00f3 kapcsolatot hoz l\u00e9tre a laptop \u00e9s a h\u00e1l\u00f3zati adapter k\u00f6z\u00f6tt, biztos\u00edtva a folyamatos t\u00e1pell\u00e1t\u00e1st \u00e9s a hat\u00e9kony m\u0171k\u00f6d\u00e9st.<\/p>\n","protected":false},"excerpt":{"rendered":"<p>A DC301078200 modell (cikksz\u00e1m: SC10H22829) egyen\u00e1ram\u00fa t\u00e1pcsatlakoz\u00f3 k\u00e1bellel a Lenovo ThinkPad T450 l\u00e9tfontoss\u00e1g\u00fa alkatr\u00e9sze. Megb\u00edzhat\u00f3 \u00e9s biztons\u00e1gos kapcsolatot biztos\u00edt a laptop \u00e9s a h\u00e1l\u00f3zati adapter k\u00f6z\u00f6tt, biztos\u00edtva a megszak\u00edt\u00e1s n\u00e9lk\u00fcli t\u00e1pell\u00e1t\u00e1st \u00e9s az optim\u00e1lis teljes\u00edtm\u00e9nyt.<\/p>\n","protected":false},"featured_media":406,"template":"","meta":[],"product_brand":[],"product_cat":[20],"product_tag":[],"class_list":{"0":"post-345","1":"product","2":"type-product","3":"status-publish","4":"has-post-thumbnail","6":"product_cat-cables","8":"first","9":"instock","10":"taxable","11":"shipping-taxable","12":"purchasable","13":"product-type-simple"},"_links":{"self":[{"href":"https:\/\/boreait.com\/hu\/wp-json\/wp\/v2\/product\/345","targetHints":{"allow":["GET"]}}],"collection":[{"href":"https:\/\/boreait.com\/hu\/wp-json\/wp\/v2\/product"}],"about":[{"href":"https:\/\/boreait.com\/hu\/wp-json\/wp\/v2\/types\/product"}],"wp:featuredmedia":[{"embeddable":true,"href":"https:\/\/boreait.com\/hu\/wp-json\/wp\/v2\/media\/406"}],"wp:attachment":[{"href":"https:\/\/boreait.com\/hu\/wp-json\/wp\/v2\/media?parent=345"}],"wp:term":[{"taxonomy":"product_brand","embeddable":true,"href":"https:\/\/boreait.com\/hu\/wp-json\/wp\/v2\/product_brand?post=345"},{"taxonomy":"product_cat","embeddable":true,"href":"https:\/\/boreait.com\/hu\/wp-json\/wp\/v2\/product_cat?post=345"},{"taxonomy":"product_tag","embeddable":true,"href":"https:\/\/boreait.com\/hu\/wp-json\/wp\/v2\/product_tag?post=345"}],"curies":[{"name":"wp","href":"https:\/\/api.w.org\/{rel}","templated":true}]}}