{"id":3441,"date":"2025-09-17T10:41:50","date_gmt":"2025-09-17T08:41:50","guid":{"rendered":"https:\/\/boreait.com\/hu\/?post_type=product&#038;p=3441"},"modified":"2026-01-08T08:13:23","modified_gmt":"2026-01-08T07:13:23","slug":"lenovo-miix-320-10icr-10-1-lcd-videokabel-szalag-miix320_lcd_fpc_1019-04765-1019-04765","status":"publish","type":"product","link":"https:\/\/boreait.com\/hu\/termek\/lenovo-miix-320-10icr-10-1-lcd-videokabel-szalag-miix320_lcd_fpc_1019-04765-1019-04765\/","title":{"rendered":"Lenovo Miix 320-10ICR 10.1 LCD videok\u00e1bel szalag MIIX320_LCD_FPC_1019-04765 1019-04765"},"content":{"rendered":"<p>Optimaliz\u00e1lja Lenovo Miix 320-10ICR vizu\u00e1lis \u00e9lm\u00e9ny\u00e9t a Lenovo Miix 320-10ICR 10.1 LCD videok\u00e1bel szalaggal MIIX320_LCD_FPC_1019-04765. A kijelz\u0151 csatlakoztathat\u00f3s\u00e1g\u00e1nak \u00e9s min\u0151s\u00e9g\u00e9nek jav\u00edt\u00e1s\u00e1ra k\u00e9sz\u00fclt, ez az eredeti videok\u00e1bel szalag z\u00f6kken\u0151mentes integr\u00e1ci\u00f3t \u00e9s jobb vizu\u00e1lis teljes\u00edtm\u00e9nyt biztos\u00edt a jobb sz\u00e1m\u00edt\u00e1stechnikai \u00e9lm\u00e9ny \u00e9rdek\u00e9ben.<\/p>\n<p>A Lenovo \u2013 a sz\u00e1m\u00edt\u00e1stechnika egyik megb\u00edzhat\u00f3 neve \u2013 \u00e1ltal gy\u00e1rtott Lenovo Miix 320-10ICR 10.1 LCD videok\u00e1bel szalag MIIX320_LCD_FPC_1019-04765 megb\u00edzhat\u00f3 videojel-\u00e1tvitelt biztos\u00edt. Eszk\u00f6ze bels\u0151 rendszereinek alapvet\u0151 elemek\u00e9nt ez a k\u00e1belszalag d\u00f6nt\u0151 szerepet j\u00e1tszik abban, hogy tiszta \u00e9s \u00e9l\u00e9nk l\u00e1tv\u00e1nyt ny\u00fajtson a k\u00e9perny\u0151n.<\/p>\n<p>Ak\u00e1r filmeket n\u00e9z, kreat\u00edv projekteken dolgozik, ak\u00e1r videokonferenci\u00e1kon vesz r\u00e9szt, ez a videok\u00e1bel-szalag fokozza a vizu\u00e1lis \u00e9lm\u00e9nyt. Prec\u00edzi\u00f3s tervez\u00e9se pontos jel\u00e1tvitelt biztos\u00edt, kiv\u00e9teles tisztas\u00e1got \u00e9s sz\u00ednpontoss\u00e1got biztos\u00edtva a k\u00e9sz\u00fcl\u00e9k kijelz\u0151j\u00e9nek.<\/p>\n<p>A telep\u00edt\u00e9s egyszer\u0171, k\u00f6sz\u00f6nhet\u0151en a kialak\u00edt\u00e1snak, amely illeszkedik az eszk\u00f6z eredeti alkatr\u00e9szeihez. Az eredeti Lenovo alkatr\u00e9szek kiv\u00e1laszt\u00e1s\u00e1val eszk\u00f6ze vizu\u00e1lis teljes\u00edtm\u00e9ny\u00e9nek min\u0151s\u00e9g\u00e9be \u00e9s megb\u00edzhat\u00f3s\u00e1g\u00e1ba fektet be.<\/p>\n<p>Friss\u00edtse eszk\u00f6ze vizu\u00e1lis k\u00e9pess\u00e9geit a Lenovo Miix 320-10ICR 10.1 LCD videok\u00e1bel szalaggal (MIIX320_LCD_FPC_1019-04765). \u00c9lvezze a tov\u00e1bbfejlesztett kijelz\u0151kapcsolatot, a jobb vizu\u00e1lis min\u0151s\u00e9get \u00e9s az \u00e9l\u00e9nk l\u00e1tv\u00e1nyt Lenovo Miix 320-10ICR k\u00e9sz\u00fcl\u00e9k\u00e9n. N\u00f6velje sz\u00e1m\u00edt\u00e1stechnikai \u00e9lm\u00e9ny\u00e9t ezzel a megb\u00edzhat\u00f3 \u00e9s hat\u00e9kony videok\u00e1bel-szalaggal.<\/p>\n<p>V\u00e1s\u00e1rl\u00e1s el\u0151tt ellen\u0151rizze, hogy kompatibilis-e az adott eszk\u00f6zmodellj\u00e9vel.<\/p>\n","protected":false},"excerpt":{"rendered":"<p>Jav\u00edtsa Lenovo Miix 320-10ICR kijelz\u0151j\u00e9nek min\u0151s\u00e9g\u00e9t a Lenovo Miix 320-10ICR 10.1 LCD videok\u00e1bel szalaggal MIIX320_LCD_FPC_1019-04765. \u00c9lvezze a jobb vizu\u00e1lis teljes\u00edtm\u00e9nyt \u00e9s az \u00e9l\u00e9nk kijelz\u0151ket.<\/p>\n","protected":false},"featured_media":3493,"template":"","meta":[],"product_brand":[],"product_cat":[20],"product_tag":[26],"class_list":{"0":"post-3441","1":"product","2":"type-product","3":"status-publish","4":"has-post-thumbnail","6":"product_cat-cables","7":"product_tag-lenovo","9":"first","10":"instock","11":"taxable","12":"shipping-taxable","13":"purchasable","14":"product-type-simple"},"_links":{"self":[{"href":"https:\/\/boreait.com\/hu\/wp-json\/wp\/v2\/product\/3441","targetHints":{"allow":["GET"]}}],"collection":[{"href":"https:\/\/boreait.com\/hu\/wp-json\/wp\/v2\/product"}],"about":[{"href":"https:\/\/boreait.com\/hu\/wp-json\/wp\/v2\/types\/product"}],"wp:featuredmedia":[{"embeddable":true,"href":"https:\/\/boreait.com\/hu\/wp-json\/wp\/v2\/media\/3493"}],"wp:attachment":[{"href":"https:\/\/boreait.com\/hu\/wp-json\/wp\/v2\/media?parent=3441"}],"wp:term":[{"taxonomy":"product_brand","embeddable":true,"href":"https:\/\/boreait.com\/hu\/wp-json\/wp\/v2\/product_brand?post=3441"},{"taxonomy":"product_cat","embeddable":true,"href":"https:\/\/boreait.com\/hu\/wp-json\/wp\/v2\/product_cat?post=3441"},{"taxonomy":"product_tag","embeddable":true,"href":"https:\/\/boreait.com\/hu\/wp-json\/wp\/v2\/product_tag?post=3441"}],"curies":[{"name":"wp","href":"https:\/\/api.w.org\/{rel}","templated":true}]}}