{"id":3440,"date":"2025-09-17T10:41:50","date_gmt":"2025-09-17T08:41:50","guid":{"rendered":"https:\/\/boreait.com\/hu\/?post_type=product&#038;p=3440"},"modified":"2026-01-08T07:57:31","modified_gmt":"2026-01-08T06:57:31","slug":"lenovo-miix-320-10icr-series-10-1-webkamera-es-kabel-1203-00299-eredeti","status":"publish","type":"product","link":"https:\/\/boreait.com\/hu\/termek\/lenovo-miix-320-10icr-series-10-1-webkamera-es-kabel-1203-00299-eredeti\/","title":{"rendered":"Lenovo MIIX 320-10ICR Series 10.1 webkamera \u00e9s k\u00e1bel 1203-00299 Eredeti"},"content":{"rendered":"<p>Fokozza Lenovo MIIX 320-10ICR sorozat\u00fa laptopja multim\u00e9di\u00e1s k\u00e9pess\u00e9geit az Eredeti Lenovo MIIX 320-10ICR Series 10.1&#8243; webkamer\u00e1val \u00e9s 1203-00299-es k\u00e1bellel. \u00dagy tervezt\u00e9k, hogy optimaliz\u00e1lja a laptop vizu\u00e1lis kommunik\u00e1ci\u00f3j\u00e1t \u00e9s a multim\u00e9di\u00e1s \u00e9lm\u00e9nyt, valamint jav\u00edtja a webkamera-\u00e9lm\u00e9nyt, valamint a k\u00e1belez\u00e9st. tov\u00e1bbfejlesztett sz\u00e1m\u00edt\u00e1stechnikai \u00e9lm\u00e9ny.<\/p>\n<p>A Lenovo, a sz\u00e1m\u00edt\u00e1stechnika megb\u00edzhat\u00f3 vezet\u0151 gy\u00e1rt\u00f3ja \u00e1ltal gy\u00e1rtott Eredeti Lenovo MIIX 320-10ICR Series 10.1&#8243; webkamera \u00e9s k\u00e1bel 1203-00299 megb\u00edzhat\u00f3 webkamera-funkci\u00f3kat \u00e9s tiszta vizu\u00e1lis kommunik\u00e1ci\u00f3t biztos\u00edt. A webkamera \u00e9s a bels\u0151 k\u00e1belrendszer alapvet\u0151 elemek\u00e9nt ez a webkamer\u00e1ja \u00e9s a bels\u0151 k\u00e1belrendszere is szerepet j\u00e1tszik. h\u00edv\u00e1sok, konferenci\u00e1k \u00e9s multim\u00e9di\u00e1s interakci\u00f3k.<\/p>\n<p>Ak\u00e1r videocseveg\u00e9sben, virtu\u00e1lis \u00e9rtekezleten vesz r\u00e9szt, ak\u00e1r multim\u00e9di\u00e1s tartalmat hoz l\u00e9tre, ez a webkamera az \u00d6n \u00e1ltal elv\u00e1rt k\u00e9nyelmet \u00e9s hat\u00e9konys\u00e1got biztos\u00edtja. Prec\u00edzi\u00f3s tervez\u00e9se kiv\u00e1l\u00f3 min\u0151s\u00e9g\u0171 vide\u00f3r\u00f6gz\u00edt\u00e9st \u00e9s tiszta hang\u00e1tvitelt tesz lehet\u0151v\u00e9, lehet\u0151v\u00e9 t\u00e9ve a hat\u00e9kony kommunik\u00e1ci\u00f3t \u00e9s a z\u00f6kken\u0151mentes vizu\u00e1lis \u00e9lm\u00e9nyt.<\/p>\n<p>A telep\u00edt\u00e9s egyszer\u0171 a laptop eredeti alkatr\u00e9szeihez igazod\u00f3 kialak\u00edt\u00e1snak k\u00f6sz\u00f6nhet\u0151en. Az eredeti Lenovo alkatr\u00e9szek kiv\u00e1laszt\u00e1s\u00e1val laptopja vizu\u00e1lis kommunik\u00e1ci\u00f3s k\u00e9pess\u00e9geinek min\u0151s\u00e9g\u00e9be \u00e9s megb\u00edzhat\u00f3s\u00e1g\u00e1ba fektet be.<\/p>\n<p>Friss\u00edtse laptopja vizu\u00e1lis kommunik\u00e1ci\u00f3s \u00e9s multim\u00e9di\u00e1s k\u00e9pess\u00e9geit az eredeti Lenovo MIIX 320-10ICR Series 10.1&#8243; webkamer\u00e1val \u00e9s 1203-00299-es k\u00e1bellel. \u00c9lvezze a tov\u00e1bbfejlesztett videoh\u00edv\u00e1sokat, a tov\u00e1bbfejlesztett multim\u00e9di\u00e1s interakci\u00f3kat \u00e9s<\/p>\n","protected":false},"excerpt":{"rendered":"<p>Fokozza a vizu\u00e1lis kommunik\u00e1ci\u00f3t Lenovo MIIX 320-10ICR sorozat\u00fa laptopj\u00e1n az eredeti Lenovo MIIX 320-10ICR Series 10.1&#8243; webkamer\u00e1val \u00e9s 1203-00299 k\u00e1bellel. \u00c9lvezze a tiszta videoh\u00edv\u00e1sokat \u00e9s a tov\u00e1bbfejlesztett multim\u00e9di\u00e1s interakci\u00f3kat.<\/p>\n","protected":false},"featured_media":3492,"template":"","meta":[],"product_brand":[],"product_cat":[23],"product_tag":[26],"class_list":{"0":"post-3440","1":"product","2":"type-product","3":"status-publish","4":"has-post-thumbnail","6":"product_cat-laptop-camera","7":"product_tag-lenovo","9":"first","10":"instock","11":"taxable","12":"shipping-taxable","13":"purchasable","14":"product-type-simple"},"_links":{"self":[{"href":"https:\/\/boreait.com\/hu\/wp-json\/wp\/v2\/product\/3440","targetHints":{"allow":["GET"]}}],"collection":[{"href":"https:\/\/boreait.com\/hu\/wp-json\/wp\/v2\/product"}],"about":[{"href":"https:\/\/boreait.com\/hu\/wp-json\/wp\/v2\/types\/product"}],"wp:featuredmedia":[{"embeddable":true,"href":"https:\/\/boreait.com\/hu\/wp-json\/wp\/v2\/media\/3492"}],"wp:attachment":[{"href":"https:\/\/boreait.com\/hu\/wp-json\/wp\/v2\/media?parent=3440"}],"wp:term":[{"taxonomy":"product_brand","embeddable":true,"href":"https:\/\/boreait.com\/hu\/wp-json\/wp\/v2\/product_brand?post=3440"},{"taxonomy":"product_cat","embeddable":true,"href":"https:\/\/boreait.com\/hu\/wp-json\/wp\/v2\/product_cat?post=3440"},{"taxonomy":"product_tag","embeddable":true,"href":"https:\/\/boreait.com\/hu\/wp-json\/wp\/v2\/product_tag?post=3440"}],"curies":[{"name":"wp","href":"https:\/\/api.w.org\/{rel}","templated":true}]}}