{"id":3439,"date":"2025-09-17T10:41:50","date_gmt":"2025-09-17T08:41:50","guid":{"rendered":"https:\/\/boreait.com\/hu\/?post_type=product&#038;p=3439"},"modified":"2026-01-08T07:57:14","modified_gmt":"2026-01-08T06:57:14","slug":"lenovo-miix-320-10icr-10-1-eredeti-laptop-hatlapi-kameralap-1203-00298-kabellel","status":"publish","type":"product","link":"https:\/\/boreait.com\/hu\/termek\/lenovo-miix-320-10icr-10-1-eredeti-laptop-hatlapi-kameralap-1203-00298-kabellel\/","title":{"rendered":"Lenovo MIIX 320-10ICR 10.1 eredeti laptop h\u00e1tlapi kameralap 1203-00298 k\u00e1bellel"},"content":{"rendered":"<p>B\u0151v\u00edtse Lenovo MIIX 320-10ICR 10.1 laptopja kamer\u00e1s k\u00e9pess\u00e9geit az Eredeti Laptop h\u00e1ts\u00f3 kameralappal, 1203-00298 k\u00e1bellel. A laptop kamer\u00e1j\u00e1nak optimaliz\u00e1l\u00e1s\u00e1ra tervezett eredeti h\u00e1ts\u00f3 kameralap z\u00f6kken\u0151mentes integr\u00e1ci\u00f3t \u00e9s jobb k\u00e9palkot\u00e1si teljes\u00edtm\u00e9nyt biztos\u00edt a jobb sz\u00e1m\u00edt\u00e1stechnikai \u00e9lm\u00e9ny \u00e9rdek\u00e9ben.<\/p>\n<p>A Lenovo, a sz\u00e1m\u00edt\u00e1stechnika megb\u00edzhat\u00f3 vezet\u0151 gy\u00e1rt\u00f3ja \u00e1ltal gy\u00e1rtott, 1203-00298-as k\u00e1bellel rendelkez\u0151, eredeti laptop h\u00e1tlapi kameralap megb\u00edzhat\u00f3 kamerateljes\u00edtm\u00e9nyt biztos\u00edt. A laptop bels\u0151 rendszereinek alapvet\u0151 elemek\u00e9nt ez a t\u00e1bla kulcsfontoss\u00e1g\u00fa szerepet j\u00e1tszik a kiv\u00e1l\u00f3 min\u0151s\u00e9g\u0171 k\u00e9pek \u00e9s vide\u00f3k r\u00f6gz\u00edt\u00e9s\u00e9ben.<\/p>\n<p>Ak\u00e1r videoh\u00edv\u00e1sokban vesz r\u00e9szt, ak\u00e1r f\u00e9nyk\u00e9peket k\u00e9sz\u00edt, ak\u00e1r vide\u00f3kat r\u00f6gz\u00edt, ez a kameralap az \u00d6n \u00e1ltal elv\u00e1rt k\u00e9nyelmet \u00e9s hat\u00e9konys\u00e1got biztos\u00edtja. Prec\u00edzi\u00f3s tervez\u00e9se pontos k\u00e9pr\u00f6gz\u00edt\u00e9st \u00e9s vide\u00f3r\u00f6gz\u00edt\u00e9st tesz lehet\u0151v\u00e9, kiv\u00e9teles tisztas\u00e1got \u00e9s r\u00e9szletess\u00e9get biztos\u00edtva a vizu\u00e1lis tartalomnak.<\/p>\n<p>A telep\u00edt\u00e9s egyszer\u0171 a laptop eredeti alkatr\u00e9szeihez igazod\u00f3 kialak\u00edt\u00e1snak k\u00f6sz\u00f6nhet\u0151en. Az eredeti Lenovo alkatr\u00e9szek kiv\u00e1laszt\u00e1s\u00e1val laptopja k\u00e9palkot\u00f3 k\u00e9pess\u00e9geinek min\u0151s\u00e9g\u00e9be \u00e9s megb\u00edzhat\u00f3s\u00e1g\u00e1ba fektet be.<\/p>\n<p>Friss\u00edtse laptopja kamerak\u00e9pess\u00e9geit az Eredeti Laptop h\u00e1ts\u00f3 kameralappal, 1203-00298 k\u00e1bellel a Lenovo MIIX 320-10ICR 10.1-hez. \u00c9lvezze a jobb k\u00e9p- \u00e9s vide\u00f3min\u0151s\u00e9get, a z\u00f6kken\u0151mentes videoh\u00edv\u00e1sokat \u00e9s a tov\u00e1bbfejlesztett vizu\u00e1lis tartalom l\u00e9trehoz\u00e1s\u00e1t MIIX 320-10ICR 10.1 k\u00e9sz\u00fcl\u00e9k\u00e9n. N\u00f6velje sz\u00e1m\u00edt\u00e1stechnikai \u00e9lm\u00e9ny\u00e9t ezzel a megb\u00edzhat\u00f3 \u00e9s hat\u00e9kony kamerak\u00e1rty\u00e1val.<\/p>\n<p>V\u00e1s\u00e1rl\u00e1s el\u0151tt ellen\u0151rizze, hogy kompatibilis-e az adott laptopmodellj\u00e9vel.<\/p>\n","protected":false},"excerpt":{"rendered":"<p>N\u00f6velje Lenovo MIIX 320-10ICR 10.1 laptopja kamerak\u00e9pess\u00e9geit az Eredeti Laptop h\u00e1ts\u00f3 kameralappal \u00e9s a 1203-00298 k\u00e1bellel. \u00c9lvezze a jobb k\u00e9p- \u00e9s videomin\u0151s\u00e9get videoh\u00edv\u00e1sokhoz, fot\u00f3z\u00e1shoz \u00e9s videor\u00f6gz\u00edt\u00e9shez.<\/p>\n","protected":false},"featured_media":3491,"template":"","meta":[],"product_brand":[],"product_cat":[23],"product_tag":[],"class_list":{"0":"post-3439","1":"product","2":"type-product","3":"status-publish","4":"has-post-thumbnail","6":"product_cat-laptop-camera","8":"first","9":"instock","10":"taxable","11":"shipping-taxable","12":"purchasable","13":"product-type-simple"},"_links":{"self":[{"href":"https:\/\/boreait.com\/hu\/wp-json\/wp\/v2\/product\/3439","targetHints":{"allow":["GET"]}}],"collection":[{"href":"https:\/\/boreait.com\/hu\/wp-json\/wp\/v2\/product"}],"about":[{"href":"https:\/\/boreait.com\/hu\/wp-json\/wp\/v2\/types\/product"}],"wp:featuredmedia":[{"embeddable":true,"href":"https:\/\/boreait.com\/hu\/wp-json\/wp\/v2\/media\/3491"}],"wp:attachment":[{"href":"https:\/\/boreait.com\/hu\/wp-json\/wp\/v2\/media?parent=3439"}],"wp:term":[{"taxonomy":"product_brand","embeddable":true,"href":"https:\/\/boreait.com\/hu\/wp-json\/wp\/v2\/product_brand?post=3439"},{"taxonomy":"product_cat","embeddable":true,"href":"https:\/\/boreait.com\/hu\/wp-json\/wp\/v2\/product_cat?post=3439"},{"taxonomy":"product_tag","embeddable":true,"href":"https:\/\/boreait.com\/hu\/wp-json\/wp\/v2\/product_tag?post=3439"}],"curies":[{"name":"wp","href":"https:\/\/api.w.org\/{rel}","templated":true}]}}