{"id":3438,"date":"2025-09-17T10:41:50","date_gmt":"2025-09-17T08:41:50","guid":{"rendered":"https:\/\/boreait.com\/hu\/?post_type=product&#038;p=3438"},"modified":"2026-01-08T07:56:55","modified_gmt":"2026-01-08T06:56:55","slug":"lenovo-miix-320-10icr-10-1-eredeti-tablet-webcam-board-wcable-1203-00297","status":"publish","type":"product","link":"https:\/\/boreait.com\/hu\/termek\/lenovo-miix-320-10icr-10-1-eredeti-tablet-webcam-board-wcable-1203-00297\/","title":{"rendered":"Lenovo MIIX 320-10ICR 10.1 Eredeti Tablet WebCam Board wCable 1203-00297"},"content":{"rendered":"<p>N\u00f6velje Lenovo MIIX 320-10ICR 10.1 t\u00e1blag\u00e9pe multim\u00e9di\u00e1s k\u00e9pess\u00e9geit a Genuine Tablet WebCam Board 1203-00297 k\u00e1bellel. A t\u00e1blag\u00e9p webkamera funkci\u00f3inak optimaliz\u00e1l\u00e1s\u00e1ra tervezett eredeti t\u00e1bla z\u00f6kken\u0151mentes integr\u00e1ci\u00f3t \u00e9s tov\u00e1bbfejlesztett videokommunik\u00e1ci\u00f3t biztos\u00edt a jobb sz\u00e1m\u00edt\u00e1stechnikai \u00e9lm\u00e9ny \u00e9rdek\u00e9ben.<\/p>\n<p>A Lenovo, a sz\u00e1m\u00edt\u00e1stechnika megb\u00edzhat\u00f3 vezet\u0151 gy\u00e1rt\u00f3ja \u00e1ltal gy\u00e1rtott Eredeti Tablet WebCam Board 1203-00297 k\u00e1bellel megb\u00edzhat\u00f3 webkamera teljes\u00edtm\u00e9nyt ny\u00fajt. A t\u00e1blag\u00e9p bels\u0151 rendszereinek alapvet\u0151 elemek\u00e9nt ez a t\u00e1bla kulcsfontoss\u00e1g\u00fa szerepet j\u00e1tszik a tiszta \u00e9s \u00e9l\u00e9nk vide\u00f3tartalom r\u00f6gz\u00edt\u00e9s\u00e9ben.<\/p>\n<p>Ak\u00e1r videokonferenci\u00e1kon vesz r\u00e9szt, ak\u00e1r vide\u00f3kat r\u00f6gz\u00edt, ak\u00e1r online kommunik\u00e1ci\u00f3ban vesz r\u00e9szt, ez a webkamera-t\u00e1bla az \u00d6n \u00e1ltal elv\u00e1rt k\u00e9nyelmet \u00e9s hat\u00e9konys\u00e1got biztos\u00edtja. Ennek az alaplapnak a prec\u00edzi\u00f3s tervez\u00e9se kiv\u00e1l\u00f3 min\u0151s\u00e9g\u0171 vide\u00f3r\u00f6gz\u00edt\u00e9st biztos\u00edt, kiv\u00e9teles tisztas\u00e1got \u00e9s r\u00e9szletess\u00e9get biztos\u00edtva a vide\u00f3tartalomnak.<\/p>\n<p>A t\u00e1blag\u00e9p eredeti alkatr\u00e9szeihez igazod\u00f3 kialak\u00edt\u00e1snak k\u00f6sz\u00f6nhet\u0151en a telep\u00edt\u00e9s egyszer\u0171. Ha hiteles Lenovo alkatr\u00e9szeket v\u00e1laszt, \u00d6n t\u00e1blag\u00e9pe multim\u00e9di\u00e1s funkci\u00f3inak min\u0151s\u00e9g\u00e9be \u00e9s megb\u00edzhat\u00f3s\u00e1g\u00e1ba fektet be.<\/p>\n<p>Friss\u00edtse t\u00e1blag\u00e9pe multim\u00e9di\u00e1s k\u00e9pess\u00e9geit a Genuine Tablet WebCam Board 1203-00297 k\u00e1bellel a Lenovo MIIX 320-10ICR 10.1-hez. \u00c9lvezze a jobb webkamera min\u0151s\u00e9get, a tov\u00e1bbfejlesztett videokommunik\u00e1ci\u00f3t \u00e9s a tiszta vide\u00f3r\u00f6gz\u00edt\u00e9st t\u00e1blag\u00e9p\u00e9n. N\u00f6velje sz\u00e1m\u00edt\u00e1stechnikai \u00e9lm\u00e9ny\u00e9t ezzel a megb\u00edzhat\u00f3 \u00e9s hat\u00e9kony webkamera-k\u00e1rty\u00e1val.<\/p>\n<p>V\u00e1s\u00e1rl\u00e1s el\u0151tt ellen\u0151rizze, hogy kompatibilis-e az adott t\u00e1blag\u00e9pmodellj\u00e9vel.<\/p>\n","protected":false},"excerpt":{"rendered":"<p>Fokozza a multim\u00e9di\u00e1s k\u00e9pess\u00e9geket Lenovo MIIX 320-10ICR 10.1 t\u00e1blag\u00e9p\u00e9n az Eredeti Tablet WebCam Board 1203-00297 k\u00e1bellel. \u00c9lvezze a jobb webkamera min\u0151s\u00e9get a jobb videokommunik\u00e1ci\u00f3 \u00e9s tartalomk\u00e9sz\u00edt\u00e9s \u00e9rdek\u00e9ben.<\/p>\n","protected":false},"featured_media":3482,"template":"","meta":[],"product_brand":[],"product_cat":[23],"product_tag":[26],"class_list":{"0":"post-3438","1":"product","2":"type-product","3":"status-publish","4":"has-post-thumbnail","6":"product_cat-laptop-camera","7":"product_tag-lenovo","9":"first","10":"instock","11":"taxable","12":"shipping-taxable","13":"purchasable","14":"product-type-simple"},"_links":{"self":[{"href":"https:\/\/boreait.com\/hu\/wp-json\/wp\/v2\/product\/3438","targetHints":{"allow":["GET"]}}],"collection":[{"href":"https:\/\/boreait.com\/hu\/wp-json\/wp\/v2\/product"}],"about":[{"href":"https:\/\/boreait.com\/hu\/wp-json\/wp\/v2\/types\/product"}],"wp:featuredmedia":[{"embeddable":true,"href":"https:\/\/boreait.com\/hu\/wp-json\/wp\/v2\/media\/3482"}],"wp:attachment":[{"href":"https:\/\/boreait.com\/hu\/wp-json\/wp\/v2\/media?parent=3438"}],"wp:term":[{"taxonomy":"product_brand","embeddable":true,"href":"https:\/\/boreait.com\/hu\/wp-json\/wp\/v2\/product_brand?post=3438"},{"taxonomy":"product_cat","embeddable":true,"href":"https:\/\/boreait.com\/hu\/wp-json\/wp\/v2\/product_cat?post=3438"},{"taxonomy":"product_tag","embeddable":true,"href":"https:\/\/boreait.com\/hu\/wp-json\/wp\/v2\/product_tag?post=3438"}],"curies":[{"name":"wp","href":"https:\/\/api.w.org\/{rel}","templated":true}]}}