{"id":3437,"date":"2025-09-17T10:41:49","date_gmt":"2025-09-17T08:41:49","guid":{"rendered":"https:\/\/boreait.com\/hu\/?post_type=product&#038;p=3437"},"modified":"2026-01-08T07:56:39","modified_gmt":"2026-01-08T06:56:39","slug":"lenovo-miix-320-10icr-10-1-eredeti-tablagep-bal-es-jobb-hangszorokeszlet-hangszorok-5sb0n38179","status":"publish","type":"product","link":"https:\/\/boreait.com\/hu\/termek\/lenovo-miix-320-10icr-10-1-eredeti-tablagep-bal-es-jobb-hangszorokeszlet-hangszorok-5sb0n38179\/","title":{"rendered":"Lenovo MiiX 320-10ICR 10.1 eredeti t\u00e1blag\u00e9p bal \u00e9s jobb hangsz\u00f3r\u00f3k\u00e9szlet hangsz\u00f3r\u00f3k 5SB0N38179"},"content":{"rendered":"<p>N\u00f6velje hang\u00e9lm\u00e9ny\u00e9t a Lenovo MiiX 320-10ICR 10.1 eredeti t\u00e1blag\u00e9p bal \u00e9s amp; Jobb oldali hangsz\u00f3r\u00f3k\u00e9szlet PN: 5SB0N38179. A hangmin\u0151s\u00e9g \u00e9s a tisztas\u00e1g jav\u00edt\u00e1s\u00e1ra tervezett eredeti hangsz\u00f3r\u00f3k\u00e9szlet \u00faj \u00e9letet hoz Lenovo MiiX 320-10ICR t\u00e1blag\u00e9p\u00e9be.<\/p>\n<p>A Lenovo \u00e1ltal gy\u00e1rtott, megb\u00edzhat\u00f3 n\u00e9v a sz\u00e1m\u00edt\u00e1stechnik\u00e1ban, a Lenovo MiiX 320-10ICR 10.1 Eredeti Tablet Bal &amp; A jobb oldali hangsz\u00f3r\u00f3k\u00e9szlet z\u00f6kken\u0151mentes integr\u00e1ci\u00f3t k\u00edn\u00e1l t\u00e1blag\u00e9p\u00e9vel. A t\u00e1blag\u00e9p audiorendszer\u00e9nek alapvet\u0151 elemeik\u00e9nt ezeket a hangsz\u00f3r\u00f3kat \u00fagy tervezt\u00e9k, hogy tiszta \u00e9s gazdag hangz\u00e1st biztos\u00edtsanak, fokozva a sz\u00f3rakoztat\u00e1st, a kommunik\u00e1ci\u00f3t \u00e9s a multim\u00e9di\u00e1s \u00e9lm\u00e9nyt.<\/p>\n<p>Ak\u00e1r filmeket n\u00e9z, videokonferenci\u00e1kon vesz r\u00e9szt, vagy zen\u00e9t hallgat, ez a hangsz\u00f3r\u00f3k\u00e9szlet mag\u00e1val ragad\u00f3 hang\u00e9lm\u00e9nyt k\u00edn\u00e1l. Prec\u00edzi\u00f3s tervez\u00e9s\u00fck pontos hangvisszaad\u00e1st biztos\u00edt, kiv\u00e9teles tisztas\u00e1got \u00e9s m\u00e9lys\u00e9get biztos\u00edtva a hangtartalomnak.<\/p>\n<p>A t\u00e1blag\u00e9p eredeti alkatr\u00e9szeihez igazod\u00f3 kialak\u00edt\u00e1snak k\u00f6sz\u00f6nhet\u0151en a telep\u00edt\u00e9s egyszer\u0171. Ha hiteles Lenovo alkatr\u00e9szeket v\u00e1laszt, t\u00e1blag\u00e9pe hangteljes\u00edtm\u00e9ny\u00e9nek min\u0151s\u00e9g\u00e9be \u00e9s megb\u00edzhat\u00f3s\u00e1g\u00e1ba fektet be.<\/p>\n<p>Friss\u00edtse audiok\u00e9pess\u00e9geit a Lenovo MiiX 320-10ICR 10.1 eredeti t\u00e1blag\u00e9p bal oldali \u00e9s amp; Jobb oldali hangsz\u00f3r\u00f3k\u00e9szlet. \u00c9lvezze a jobb hangmin\u0151s\u00e9get, a mag\u00e1val ragad\u00f3 hang\u00e9lm\u00e9nyt \u00e9s a tiszta kommunik\u00e1ci\u00f3t Lenovo MiiX 320-10ICR t\u00e1blag\u00e9p\u00e9n. Emelje fel a sz\u00f3rakoztat\u00e1st \u00e9s a kommunik\u00e1ci\u00f3t ezzel a megb\u00edzhat\u00f3 \u00e9s hat\u00e9kony hangsz\u00f3r\u00f3k\u00e9szlettel.<\/p>\n<p>V\u00e1s\u00e1rl\u00e1s el\u0151tt ellen\u0151rizze, hogy kompatibilis-e az adott t\u00e1blag\u00e9pmodellj\u00e9vel.<\/p>\n","protected":false},"excerpt":{"rendered":"<p>Friss\u00edtse Lenovo MiiX 320-10ICR 10.1 t\u00e1blag\u00e9pe hangmin\u0151s\u00e9g\u00e9t az Eredeti t\u00e1blag\u00e9p bal \u00e9s amp; Jobb oldali hangsz\u00f3r\u00f3k\u00e9szlet. \u00c9lvezze a fokozott hangtisztas\u00e1got \u00e9s m\u00e9lys\u00e9get a jobb hang\u00e9lm\u00e9ny \u00e9rdek\u00e9ben.<\/p>\n","protected":false},"featured_media":3481,"template":"","meta":[],"product_brand":[],"product_cat":[18],"product_tag":[26],"class_list":{"0":"post-3437","1":"product","2":"type-product","3":"status-publish","4":"has-post-thumbnail","6":"product_cat-laptop-speakers","7":"product_tag-lenovo","9":"first","10":"instock","11":"taxable","12":"shipping-taxable","13":"purchasable","14":"product-type-simple"},"_links":{"self":[{"href":"https:\/\/boreait.com\/hu\/wp-json\/wp\/v2\/product\/3437","targetHints":{"allow":["GET"]}}],"collection":[{"href":"https:\/\/boreait.com\/hu\/wp-json\/wp\/v2\/product"}],"about":[{"href":"https:\/\/boreait.com\/hu\/wp-json\/wp\/v2\/types\/product"}],"wp:featuredmedia":[{"embeddable":true,"href":"https:\/\/boreait.com\/hu\/wp-json\/wp\/v2\/media\/3481"}],"wp:attachment":[{"href":"https:\/\/boreait.com\/hu\/wp-json\/wp\/v2\/media?parent=3437"}],"wp:term":[{"taxonomy":"product_brand","embeddable":true,"href":"https:\/\/boreait.com\/hu\/wp-json\/wp\/v2\/product_brand?post=3437"},{"taxonomy":"product_cat","embeddable":true,"href":"https:\/\/boreait.com\/hu\/wp-json\/wp\/v2\/product_cat?post=3437"},{"taxonomy":"product_tag","embeddable":true,"href":"https:\/\/boreait.com\/hu\/wp-json\/wp\/v2\/product_tag?post=3437"}],"curies":[{"name":"wp","href":"https:\/\/api.w.org\/{rel}","templated":true}]}}