{"id":3433,"date":"2025-09-17T10:41:49","date_gmt":"2025-09-17T08:41:49","guid":{"rendered":"https:\/\/boreait.com\/hu\/?post_type=product&#038;p=3433"},"modified":"2025-09-17T10:42:24","modified_gmt":"2025-09-17T08:42:24","slug":"758051-001-hp-pavilion-15-f211wm-15-6-fekete-ezust-csuklotamasz-wtouchpad","status":"publish","type":"product","link":"https:\/\/boreait.com\/hu\/termek\/758051-001-hp-pavilion-15-f211wm-15-6-fekete-ezust-csuklotamasz-wtouchpad\/","title":{"rendered":"758051-001 HP Pavilion 15-F211WM 15.6 fekete-ez\u00fcst csukl\u00f3t\u00e1masz wTouchpad"},"content":{"rendered":"<p>N\u00f6velje HP ZBook 15 G3 \u00e9s ZBook 15 G4 laptopja vizu\u00e1lis eszt\u00e9tik\u00e1j\u00e1t \u00e9s szerkezeti integrit\u00e1s\u00e1t a HP ZBook 15 G3 G4 B Shell Screen Frame AP1C3000200 k\u00e9perny\u0151kerettel. A laptop megjelen\u00e9s\u00e9nek \u00e9s v\u00e9delm\u00e9nek optimaliz\u00e1l\u00e1s\u00e1ra k\u00e9sz\u00fclt, ez az eredeti keretes k\u00e9perny\u0151szeg\u00e9ly z\u00f6kken\u0151mentes integr\u00e1ci\u00f3t \u00e9s nagyobb tart\u00f3ss\u00e1got biztos\u00edt a jobb sz\u00e1m\u00edt\u00e1stechnikai \u00e9lm\u00e9ny \u00e9rdek\u00e9ben.<\/p>\n<p>A HP, a sz\u00e1m\u00edt\u00e1stechnika megb\u00edzhat\u00f3 vezet\u0151 v\u00e1llalata \u00e1ltal tervezett HP ZBook 15 G3 G4 B Shell Screen Frame AP1C3000200 k\u00e9perny\u0151keret megb\u00edzhat\u00f3 szerkezeti t\u00e1mogat\u00e1st ny\u00fajt, \u00e9s jav\u00edtja laptopja \u00e1ltal\u00e1nos megjelen\u00e9s\u00e9t. A laptop k\u00fcls\u0151 burkolat\u00e1nak alapvet\u0151 elemek\u00e9nt ez a keretes k\u00e9perny\u0151szeg\u00e9ly d\u00f6nt\u0151 szerepet j\u00e1tszik a k\u00e9perny\u0151 v\u00e9delm\u00e9ben \u00e9s a laptop diz\u00e1jnj\u00e1nak jav\u00edt\u00e1s\u00e1ban.<\/p>\n<p>Ak\u00e1r professzion\u00e1lis, aki csiszolt megjelen\u00e9st keres eszk\u00f6z\u00e9nek, vagy olyan felhaszn\u00e1l\u00f3, aki nagyra \u00e9rt\u00e9keli laptopja k\u00e9perny\u0151j\u00e9nek v\u00e9delm\u00e9t, ez a keretes k\u00e9perny\u0151szeg\u00e9ly az \u00d6n \u00e1ltal k\u00edv\u00e1nt eleganci\u00e1t \u00e9s funkcionalit\u00e1st k\u00edn\u00e1lja. Seg\u00edt meg\u00f3vni a k\u00e9perny\u0151t a v\u00e9letlen s\u00e9r\u00fcl\u00e9sekt\u0151l, mik\u00f6zben jav\u00edtja a laptop \u00e1ltal\u00e1nos megjelen\u00e9s\u00e9t.<\/p>\n<p>A telep\u00edt\u00e9s egyszer\u0171 a laptop eredeti alkatr\u00e9szeihez igazod\u00f3 kialak\u00edt\u00e1snak k\u00f6sz\u00f6nhet\u0151en. Az eredeti HP alkatr\u00e9szek kiv\u00e1laszt\u00e1s\u00e1val laptopja megjelen\u00e9s\u00e9nek \u00e9s v\u00e9delm\u00e9nek min\u0151s\u00e9g\u00e9be \u00e9s megb\u00edzhat\u00f3s\u00e1g\u00e1ba fektet be.<\/p>\n<p>Friss\u00edtse laptopja megjelen\u00e9s\u00e9t \u00e9s v\u00e9delm\u00e9t a HP ZBook 15 G3 G4 B Shell Screen Frame AP1C3000200 k\u00e9perny\u0151kerettel. \u00c9lvezze a tov\u00e1bbfejlesztett szerkezeti t\u00e1mogat\u00e1st, a jobb tart\u00f3ss\u00e1got \u00e9s a ZBook 15 G3 \u00e9s ZBook 15 G4 csiszolt megjelen\u00e9s\u00e9t. N\u00f6velje sz\u00e1m\u00edt\u00e1stechnikai \u00e9lm\u00e9ny\u00e9t ezzel a megb\u00edzhat\u00f3 \u00e9s hat\u00e9kony keretes k\u00e9perny\u0151szeg\u00e9llyel.<\/p>\n<p>V\u00e1s\u00e1rl\u00e1s el\u0151tt ellen\u0151rizze, hogy kompatibilis-e az adott laptopmodellj\u00e9vel.<\/p>\n","protected":false},"excerpt":{"rendered":"<p>Fokozza HP ZBook 15 G3 \u00e9s ZBook 15 G4 laptopja megjelen\u00e9s\u00e9t \u00e9s v\u00e9delm\u00e9t a HP ZBook 15 G3 G4 B Shell Screen Frame AP1C3000200 k\u00e9perny\u0151kerettel. \u00c9lvezze a megn\u00f6velt tart\u00f3ss\u00e1got \u00e9s az eleg\u00e1ns diz\u00e1jnt.<\/p>\n","protected":false},"featured_media":3474,"template":"","meta":[],"product_brand":[],"product_cat":[16],"product_tag":[25],"class_list":{"0":"post-3433","1":"product","2":"type-product","3":"status-publish","4":"has-post-thumbnail","6":"product_cat-laptop-housing","7":"product_tag-hp","9":"first","10":"instock","11":"taxable","12":"shipping-taxable","13":"purchasable","14":"product-type-simple"},"_links":{"self":[{"href":"https:\/\/boreait.com\/hu\/wp-json\/wp\/v2\/product\/3433","targetHints":{"allow":["GET"]}}],"collection":[{"href":"https:\/\/boreait.com\/hu\/wp-json\/wp\/v2\/product"}],"about":[{"href":"https:\/\/boreait.com\/hu\/wp-json\/wp\/v2\/types\/product"}],"wp:featuredmedia":[{"embeddable":true,"href":"https:\/\/boreait.com\/hu\/wp-json\/wp\/v2\/media\/3474"}],"wp:attachment":[{"href":"https:\/\/boreait.com\/hu\/wp-json\/wp\/v2\/media?parent=3433"}],"wp:term":[{"taxonomy":"product_brand","embeddable":true,"href":"https:\/\/boreait.com\/hu\/wp-json\/wp\/v2\/product_brand?post=3433"},{"taxonomy":"product_cat","embeddable":true,"href":"https:\/\/boreait.com\/hu\/wp-json\/wp\/v2\/product_cat?post=3433"},{"taxonomy":"product_tag","embeddable":true,"href":"https:\/\/boreait.com\/hu\/wp-json\/wp\/v2\/product_tag?post=3433"}],"curies":[{"name":"wp","href":"https:\/\/api.w.org\/{rel}","templated":true}]}}