{"id":3419,"date":"2025-09-17T10:41:27","date_gmt":"2025-09-17T08:41:27","guid":{"rendered":"https:\/\/boreait.com\/hu\/?post_type=product&#038;p=3419"},"modified":"2025-09-17T10:42:17","modified_gmt":"2025-09-17T08:42:17","slug":"dell-latitude-7389-e7389-d-shell-bottom-0dxky6-shellhez","status":"publish","type":"product","link":"https:\/\/boreait.com\/hu\/termek\/dell-latitude-7389-e7389-d-shell-bottom-0dxky6-shellhez\/","title":{"rendered":"Dell Latitude 7389 E7389 D Shell Bottom 0DXKY6 Shellhez"},"content":{"rendered":"<p>Revitaliz\u00e1lja Dell Latitude 7389 E7389 laptopj\u00e1t a Dell Latitude 7389 E7389 D Shell Bottom 0DXKY6 k\u00e9sz\u00fcl\u00e9kkel. A laptop szerkezeti integrit\u00e1s\u00e1nak \u00e9s eszt\u00e9tik\u00e1j\u00e1nak helyre\u00e1ll\u00edt\u00e1s\u00e1ra kialak\u00edtott eredeti als\u00f3 burkolat z\u00f6kken\u0151mentes integr\u00e1ci\u00f3t \u00e9s fokozott v\u00e9delmet k\u00edn\u00e1l a jobb sz\u00e1m\u00edt\u00e1stechnikai \u00e9lm\u00e9ny \u00e9rdek\u00e9ben.<\/p>\n<p>A Dell, a sz\u00e1m\u00edt\u00e1stechnika megb\u00edzhat\u00f3 vezet\u0151 gy\u00e1rt\u00f3ja \u00e1ltal gy\u00e1rtott Dell Latitude 7389 E7389 D Shell Bottom 0DXKY6 k\u00e9sz\u00fcl\u00e9ket \u00fagy tervezt\u00e9k, hogy stabil \u00e9s megb\u00edzhat\u00f3 helyettes\u00edtse laptopja als\u00f3 burkolat\u00e1t. Alapvet\u0151 szerkezeti elemk\u00e9nt ez a h\u00e9j hozz\u00e1j\u00e1rul a k\u00e9sz\u00fcl\u00e9k \u00e1ltal\u00e1nos stabilit\u00e1s\u00e1hoz \u00e9s tart\u00f3ss\u00e1g\u00e1hoz.<\/p>\n<p>Ak\u00e1r megs\u00e9r\u00fclt als\u00f3 burkolatot szeretne megjav\u00edtani, ak\u00e1r laptopj\u00e1nak friss megjelen\u00e9st szeretne adni, ez a csereh\u00e9j az \u00d6n \u00e1ltal k\u00edv\u00e1nt k\u00e9nyelmet \u00e9s hat\u00e9konys\u00e1got k\u00edn\u00e1lja. Biztons\u00e1gos burkolatot biztos\u00edt a laptop bels\u0151 alkatr\u00e9szei sz\u00e1m\u00e1ra, biztos\u00edtva azok megfelel\u0151 v\u00e9delm\u00e9t a k\u00fcls\u0151 elemekkel \u00e9s a fizikai behat\u00e1sokkal szemben.<\/p>\n<p>A telep\u00edt\u00e9s egyszer\u0171 a laptop eredeti alkatr\u00e9szeihez igazod\u00f3 kialak\u00edt\u00e1snak k\u00f6sz\u00f6nhet\u0151en. Az eredeti Dell alkatr\u00e9szek kiv\u00e1laszt\u00e1s\u00e1val laptopja szerkezeti integrit\u00e1s\u00e1nak min\u0151s\u00e9g\u00e9be \u00e9s megb\u00edzhat\u00f3s\u00e1g\u00e1ba fektet be.<\/p>\n<p>Helyezze vissza laptopja megjelen\u00e9s\u00e9t \u00e9s v\u00e9delm\u00e9t a Dell Latitude 7389 E7389 D Shell Bottom 0DXKY6 k\u00e9sz\u00fcl\u00e9kkel. \u00c9lvezze Dell Latitude 7389 E7389 k\u00e9sz\u00fcl\u00e9k\u00e9nek meg\u00fajult eszt\u00e9tik\u00e1j\u00e1t, a bels\u0151 alkatr\u00e9szek fokozott v\u00e9delm\u00e9t \u00e9s a robusztus als\u00f3 burkolatot. N\u00f6velje sz\u00e1m\u00edt\u00e1stechnikai \u00e9lm\u00e9ny\u00e9t ezzel a megb\u00edzhat\u00f3 \u00e9s hat\u00e9kony csereh\u00e9jjal.<\/p>\n<p>V\u00e1s\u00e1rl\u00e1s el\u0151tt ellen\u0151rizze, hogy kompatibilis-e az adott laptopmodellj\u00e9vel.<\/p>\n","protected":false},"excerpt":{"rendered":"<p>\u00c1ll\u00edtsa vissza Dell Latitude 7389 E7389 laptopja megjelen\u00e9s\u00e9t \u00e9s v\u00e9delm\u00e9t a Dell Latitude 7389 E7389 D Shell Bottom 0DXKY6 k\u00e9sz\u00fcl\u00e9kkel. \u00c9lvezze a meg\u00fajult eszt\u00e9tik\u00e1t \u00e9s a jobb szerkezeti integrit\u00e1st.<\/p>\n","protected":false},"featured_media":3470,"template":"","meta":[],"product_brand":[],"product_cat":[16],"product_tag":[17],"class_list":{"0":"post-3419","1":"product","2":"type-product","3":"status-publish","4":"has-post-thumbnail","6":"product_cat-laptop-housing","7":"product_tag-dell","9":"first","10":"instock","11":"taxable","12":"shipping-taxable","13":"purchasable","14":"product-type-simple"},"_links":{"self":[{"href":"https:\/\/boreait.com\/hu\/wp-json\/wp\/v2\/product\/3419","targetHints":{"allow":["GET"]}}],"collection":[{"href":"https:\/\/boreait.com\/hu\/wp-json\/wp\/v2\/product"}],"about":[{"href":"https:\/\/boreait.com\/hu\/wp-json\/wp\/v2\/types\/product"}],"wp:featuredmedia":[{"embeddable":true,"href":"https:\/\/boreait.com\/hu\/wp-json\/wp\/v2\/media\/3470"}],"wp:attachment":[{"href":"https:\/\/boreait.com\/hu\/wp-json\/wp\/v2\/media?parent=3419"}],"wp:term":[{"taxonomy":"product_brand","embeddable":true,"href":"https:\/\/boreait.com\/hu\/wp-json\/wp\/v2\/product_brand?post=3419"},{"taxonomy":"product_cat","embeddable":true,"href":"https:\/\/boreait.com\/hu\/wp-json\/wp\/v2\/product_cat?post=3419"},{"taxonomy":"product_tag","embeddable":true,"href":"https:\/\/boreait.com\/hu\/wp-json\/wp\/v2\/product_tag?post=3419"}],"curies":[{"name":"wp","href":"https:\/\/api.w.org\/{rel}","templated":true}]}}