{"id":3418,"date":"2025-09-17T10:41:27","date_gmt":"2025-09-17T08:41:27","guid":{"rendered":"https:\/\/boreait.com\/hu\/?post_type=product&#038;p=3418"},"modified":"2025-09-17T10:42:11","modified_gmt":"2025-09-17T08:42:11","slug":"lenovo-t430-elulso-diszkijelzo-elolap-0c51603-e205913-eredeti-oem","status":"publish","type":"product","link":"https:\/\/boreait.com\/hu\/termek\/lenovo-t430-elulso-diszkijelzo-elolap-0c51603-e205913-eredeti-oem\/","title":{"rendered":"Lenovo T430 el\u00fcls\u0151 d\u00edszkijelz\u0151 el\u0151lap 0C51603 E205913 Eredeti OEM"},"content":{"rendered":"<p>Fokozza Lenovo T430 laptopja megjelen\u00e9s\u00e9t \u00e9s funkcionalit\u00e1s\u00e1t a Lenovo T430 el\u00fcls\u0151 trimm k\u00e9perny\u0151el\u0151lappal 0C51603 E205913 Eredeti OEM. A laptop vizu\u00e1lis \u00e9lm\u00e9ny\u00e9nek \u00e9s v\u00e9delm\u00e9nek optimaliz\u00e1l\u00e1s\u00e1ra tervezett eredeti OEM el\u0151lap z\u00f6kken\u0151mentes integr\u00e1ci\u00f3t \u00e9s jobb eszt\u00e9tikai megjelen\u00e9st biztos\u00edt a jobb sz\u00e1m\u00edt\u00e1stechnikai \u00e9lm\u00e9ny \u00e9rdek\u00e9ben.<\/p>\n<p>A Lenovo, a sz\u00e1m\u00edt\u00e1stechnika megb\u00edzhat\u00f3 vezet\u0151 gy\u00e1rt\u00f3ja \u00e1ltal gy\u00e1rtott Lenovo T430 el\u00fcls\u0151 d\u00edsz\u00edt\u00e9s\u0171 k\u00e9perny\u0151el\u0151lap 0C51603 E205913 Eredeti OEM-et \u00fagy tervezt\u00e9k, hogy megb\u00edzhat\u00f3 illeszked\u00e9st \u00e9s vizu\u00e1lis fejleszt\u00e9st biztos\u00edtson. A laptop kialak\u00edt\u00e1s\u00e1nak alapvet\u0151 elemek\u00e9nt ez az el\u0151lap d\u00f6nt\u0151 szerepet j\u00e1tszik a laptop k\u00e9perny\u0151j\u00e9nek kialak\u00edt\u00e1s\u00e1ban \u00e9s v\u00e9delm\u00e9ben.<\/p>\n<p>Ak\u00e1r munk\u00e1ra, ak\u00e1r sz\u00f3rakoz\u00e1sra vagy kommunik\u00e1ci\u00f3ra haszn\u00e1lja laptopj\u00e1t, ez az el\u0151lap jav\u00edtja a vizu\u00e1lis \u00e9lm\u00e9nyt. Pol\u00edrozott fel\u00fcletet k\u00f6lcs\u00f6n\u00f6z laptopj\u00e1nak megjelen\u00e9s\u00e9hez, \u00edgy ide\u00e1lis helyettes\u00edt\u0151je a kopott vagy s\u00e9r\u00fclt el\u0151lapnak.<\/p>\n<p>A telep\u00edt\u00e9s egyszer\u0171 az eredeti OEM-kialak\u00edt\u00e1snak k\u00f6sz\u00f6nhet\u0151en, amely t\u00f6k\u00e9letesen illeszkedik a laptop eredeti alkatr\u00e9szeihez. Az eredeti Lenovo alkatr\u00e9szek kiv\u00e1laszt\u00e1s\u00e1val laptopja min\u0151s\u00e9g\u00e9be \u00e9s eszt\u00e9tik\u00e1j\u00e1ba fektet be.<\/p>\n<p>Friss\u00edtse laptopja megjelen\u00e9s\u00e9t \u00e9s funkcionalit\u00e1s\u00e1t a Lenovo T430 el\u00fcls\u0151 d\u00edszkijelz\u0151 el\u0151lappal, 0C51603 E205913 Eredeti OEM. \u00c9lvezze a tov\u00e1bbfejlesztett eszt\u00e9tik\u00e1t, a fokozott k\u00e9perny\u0151v\u00e9delmet \u00e9s a csiszolt megjelen\u00e9st T430 laptopj\u00e1n. N\u00f6velje sz\u00e1m\u00edt\u00e1stechnikai \u00e9lm\u00e9ny\u00e9t ezzel a megb\u00edzhat\u00f3 \u00e9s hat\u00e9kony el\u0151lappal.<\/p>\n<p>V\u00e1s\u00e1rl\u00e1s el\u0151tt ellen\u0151rizze, hogy kompatibilis-e az adott laptopmodellj\u00e9vel.<\/p>\n","protected":false},"excerpt":{"rendered":"<p>N\u00f6velje Lenovo T430 laptopja megjelen\u00e9s\u00e9t a Lenovo T430 el\u00fcls\u0151 burkolat\u00fa k\u00e9perny\u0151el\u0151lappal 0C51603 E205913 Eredeti OEM. \u00c9lvezze a jobb eszt\u00e9tik\u00e1t \u00e9s a k\u00e9perny\u0151v\u00e9delmet.<\/p>\n","protected":false},"featured_media":3456,"template":"","meta":[],"product_brand":[],"product_cat":[16],"product_tag":[26],"class_list":{"0":"post-3418","1":"product","2":"type-product","3":"status-publish","4":"has-post-thumbnail","6":"product_cat-laptop-housing","7":"product_tag-lenovo","9":"first","10":"instock","11":"taxable","12":"shipping-taxable","13":"purchasable","14":"product-type-simple"},"_links":{"self":[{"href":"https:\/\/boreait.com\/hu\/wp-json\/wp\/v2\/product\/3418","targetHints":{"allow":["GET"]}}],"collection":[{"href":"https:\/\/boreait.com\/hu\/wp-json\/wp\/v2\/product"}],"about":[{"href":"https:\/\/boreait.com\/hu\/wp-json\/wp\/v2\/types\/product"}],"wp:featuredmedia":[{"embeddable":true,"href":"https:\/\/boreait.com\/hu\/wp-json\/wp\/v2\/media\/3456"}],"wp:attachment":[{"href":"https:\/\/boreait.com\/hu\/wp-json\/wp\/v2\/media?parent=3418"}],"wp:term":[{"taxonomy":"product_brand","embeddable":true,"href":"https:\/\/boreait.com\/hu\/wp-json\/wp\/v2\/product_brand?post=3418"},{"taxonomy":"product_cat","embeddable":true,"href":"https:\/\/boreait.com\/hu\/wp-json\/wp\/v2\/product_cat?post=3418"},{"taxonomy":"product_tag","embeddable":true,"href":"https:\/\/boreait.com\/hu\/wp-json\/wp\/v2\/product_tag?post=3418"}],"curies":[{"name":"wp","href":"https:\/\/api.w.org\/{rel}","templated":true}]}}