{"id":3417,"date":"2025-09-17T10:41:27","date_gmt":"2025-09-17T08:41:27","guid":{"rendered":"https:\/\/boreait.com\/hu\/?post_type=product&#038;p=3417"},"modified":"2025-09-17T10:42:07","modified_gmt":"2025-09-17T08:42:07","slug":"lenovo-miix-320-10icr-10-1-laptop-dokkolo-usb-kartya-3007-00449-bh5668_v1p5a","status":"publish","type":"product","link":"https:\/\/boreait.com\/hu\/termek\/lenovo-miix-320-10icr-10-1-laptop-dokkolo-usb-kartya-3007-00449-bh5668_v1p5a\/","title":{"rendered":"Lenovo MIIX 320-10ICR 10.1 laptop dokkol\u00f3 USB k\u00e1rtya 3007-00449 BH5668_V1P5A"},"content":{"rendered":"<p>N\u00f6velje Lenovo MIIX 320-10ICR 10.1 laptopja csatlakoztathat\u00f3s\u00e1g\u00e1t \u00e9s funkcionalit\u00e1s\u00e1t a Lenovo MIIX 320-10ICR 10.1 laptop dokkol\u00f3 USB k\u00e1rty\u00e1val 3007-00449 BH5668_V1P5A. A laptop dokkol\u00f3k\u00e9pess\u00e9g\u00e9nek optimaliz\u00e1l\u00e1s\u00e1ra tervezt\u00e9k, ez az eredeti USB-k\u00e1rtya z\u00f6kken\u0151mentes integr\u00e1ci\u00f3t \u00e9s tov\u00e1bbfejlesztett sokoldal\u00fas\u00e1got biztos\u00edt a jobb sz\u00e1m\u00edt\u00e1stechnikai \u00e9lm\u00e9ny \u00e9rdek\u00e9ben.<\/p>\n<p>A Lenovo, a sz\u00e1m\u00edt\u00e1stechnika megb\u00edzhat\u00f3 vezet\u0151 gy\u00e1rt\u00f3ja \u00e1ltal gy\u00e1rtott Lenovo MIIX 320-10ICR 10.1 laptop dokkol\u00f3 USB k\u00e1rtya 3007-00449 BH5668_V1P5A megb\u00edzhat\u00f3 csatlakoztathat\u00f3s\u00e1got \u00e9s kib\u0151v\u00edtett dokkol\u00e1si funkci\u00f3kat biztos\u00edt. A laptop bels\u0151 rendszereinek alapvet\u0151 elemek\u00e9nt ez az alaplap kulcsfontoss\u00e1g\u00fa szerepet j\u00e1tszik a laptop csatlakoz\u00e1si k\u00e9pess\u00e9geinek b\u0151v\u00edt\u00e9s\u00e9ben.<\/p>\n<p>Ak\u00e1r USB-eszk\u00f6z\u00f6ket, perif\u00e9ri\u00e1kat vagy dokkol\u00f3\u00e1llom\u00e1sokat kell csatlakoztatnia, ez az USB-k\u00e1rtya az \u00d6n \u00e1ltal elv\u00e1rt k\u00e9nyelmet \u00e9s hat\u00e9konys\u00e1got biztos\u00edtja. T\u00f6bb USB-porttal \u00e9s dokkol\u00f3k\u00e9pess\u00e9ggel k\u00f6nnyed\u00e9n b\u0151v\u00edtheti laptopja funkcionalit\u00e1s\u00e1t, \u00e9s az ig\u00e9nyeinek megfelel\u0151 munka\u00e1llom\u00e1s-be\u00e1ll\u00edt\u00e1st hozhat l\u00e9tre.<\/p>\n<p>A telep\u00edt\u00e9s egyszer\u0171 a laptop eredeti alkatr\u00e9szeihez igazod\u00f3 kialak\u00edt\u00e1snak k\u00f6sz\u00f6nhet\u0151en. Az eredeti Lenovo alkatr\u00e9szek kiv\u00e1laszt\u00e1s\u00e1val laptopja csatlakoztathat\u00f3s\u00e1g\u00e1nak \u00e9s dokkol\u00f3k\u00e9pess\u00e9g\u00e9nek min\u0151s\u00e9g\u00e9be \u00e9s megb\u00edzhat\u00f3s\u00e1g\u00e1ba fektet be.<\/p>\n<p>Friss\u00edtse laptopja csatlakoztathat\u00f3s\u00e1g\u00e1t \u00e9s dokkol\u00e1si funkci\u00f3it a Lenovo MIIX 320-10ICR 10.1 laptop dokkol\u00f3 USB k\u00e1rty\u00e1val 3007-00449 BH5668_V1P5A. \u00c9lvezze a b\u0151v\u00edtett csatlakoz\u00e1si lehet\u0151s\u00e9geket, a sokoldal\u00fa adat\u00e1tvitelt \u00e9s a MIIX 320-10ICR dokkol\u00f3\u00e1llom\u00e1saival val\u00f3 z\u00f6kken\u0151mentes integr\u00e1ci\u00f3t. N\u00f6velje sz\u00e1m\u00edt\u00e1stechnikai \u00e9lm\u00e9ny\u00e9t ezzel a megb\u00edzhat\u00f3 \u00e9s hat\u00e9kony USB-k\u00e1rty\u00e1val.<\/p>\n<p>V\u00e1s\u00e1rl\u00e1s el\u0151tt ellen\u0151rizze, hogy kompatibilis-e az adott laptopmodellj\u00e9vel.<\/p>\n","protected":false},"excerpt":{"rendered":"<p>N\u00f6velje Lenovo MIIX 320-10ICR 10.1 laptop csatlakoztathat\u00f3s\u00e1g\u00e1t \u00e9s dokkol\u00e1si k\u00e9pess\u00e9geit a Lenovo MIIX 320-10ICR 10.1 laptop dokkol\u00f3 USB k\u00e1rty\u00e1val 3007-00449 BH5668_V1P5A. \u00c9lvezze a kib\u0151v\u00edtett adat\u00e1tviteli \u00e9s dokkol\u00e1si funkci\u00f3kat.<\/p>\n","protected":false},"featured_media":3455,"template":"","meta":[],"product_brand":[],"product_cat":[27],"product_tag":[26],"class_list":{"0":"post-3417","1":"product","2":"type-product","3":"status-publish","4":"has-post-thumbnail","6":"product_cat-motherboards-board-parts","7":"product_tag-lenovo","9":"first","10":"instock","11":"taxable","12":"shipping-taxable","13":"purchasable","14":"product-type-simple"},"_links":{"self":[{"href":"https:\/\/boreait.com\/hu\/wp-json\/wp\/v2\/product\/3417","targetHints":{"allow":["GET"]}}],"collection":[{"href":"https:\/\/boreait.com\/hu\/wp-json\/wp\/v2\/product"}],"about":[{"href":"https:\/\/boreait.com\/hu\/wp-json\/wp\/v2\/types\/product"}],"wp:featuredmedia":[{"embeddable":true,"href":"https:\/\/boreait.com\/hu\/wp-json\/wp\/v2\/media\/3455"}],"wp:attachment":[{"href":"https:\/\/boreait.com\/hu\/wp-json\/wp\/v2\/media?parent=3417"}],"wp:term":[{"taxonomy":"product_brand","embeddable":true,"href":"https:\/\/boreait.com\/hu\/wp-json\/wp\/v2\/product_brand?post=3417"},{"taxonomy":"product_cat","embeddable":true,"href":"https:\/\/boreait.com\/hu\/wp-json\/wp\/v2\/product_cat?post=3417"},{"taxonomy":"product_tag","embeddable":true,"href":"https:\/\/boreait.com\/hu\/wp-json\/wp\/v2\/product_tag?post=3417"}],"curies":[{"name":"wp","href":"https:\/\/api.w.org\/{rel}","templated":true}]}}